{"id":877,"date":"2020-02-10T15:55:57","date_gmt":"2020-02-10T15:55:57","guid":{"rendered":"http:\/\/themes.webdevia.com\/admiral\/?page_id=877"},"modified":"2026-02-02T18:07:37","modified_gmt":"2026-02-02T18:07:37","slug":"quienes-somos","status":"publish","type":"page","link":"https:\/\/asociacionutzche.org\/en\/quienes-somos\/","title":{"rendered":"Who are we"},"content":{"rendered":"<div class=\"wpb-content-wrapper\"><div class=\"vc_row wpb_row vc_row-fluid\" style=\"color: ;}\" ><div class=\"wpb_column vc_column_container vc_col-sm-4\"><div class=\"vc_column-inner \"><div class=\"wpb_wrapper\">\n\t<div class=\"wpb_text_column wpb_content_element\" >\n\t\t<div class=\"wpb_wrapper\">\n\t\t\t<hr \/>\n<p>La Asociaci\u00f3n de Forester\u00eda Comunitaria de Guatemala Utz Che\u2019 (buen \u00e1rbol en idioma K\u2019ich\u00e9) es una asociaci\u00f3n civil formada por organizaciones comunitarias dedicadas al manejo sostenible de sus recursos naturales, principalmente bosques, plantaciones forestales y fuentes de agua.<\/p>\n<hr \/>\n\n\t\t<\/div>\n\t<\/div>\n<\/div><\/div><\/div><div class=\"wpb_column vc_column_container vc_col-sm-4\"><div class=\"vc_column-inner \"><div class=\"wpb_wrapper\"><div class=\"vc-hoverbox-wrapper  vc-hoverbox-shape--rounded vc-hoverbox-align--center vc-hoverbox-direction--default vc-hoverbox-width--100\"  ontouchstart=\"\">\n  <div class=\"vc-hoverbox\">\n    <div class=\"vc-hoverbox-inner\">\n      <div class=\"vc-hoverbox-block vc-hoverbox-front\" style=\"background-image: url(https:\/\/asociacionutzche.org\/wp-content\/uploads\/2020\/09\/utz_hoja2_500.fw_.png);\">\n        <div class=\"vc-hoverbox-block-inner vc-hoverbox-front-inner\">\n            <h2 style=\"text-align:center\">Visi\u00f3n<\/h2>\n        <\/div>\n      <\/div>\n      <div class=\"vc-hoverbox-block vc-hoverbox-back\" style=\"background-color: #1F924D;\">\n        <div class=\"vc-hoverbox-block-inner vc-hoverbox-back-inner\">\n            <h2 style=\"text-align:center\">Visi\u00f3n<\/h2>\n            <p style=\"text-align: center;\"><span style=\"font-size: 12pt; color: #ffffff;\">La Red Utz Che\u2019 constituye la representaci\u00f3n leg\u00edtima de comunidades guatemaltecas organizadas y reconocidas por su contribuci\u00f3n al desarrollo, a trav\u00e9s del manejo sostenible de los bienes naturales y la forester\u00eda comunitaria.<\/span><\/p>\n<p>\u00a0<\/p>\n\n            \n        <\/div>\n      <\/div>\n    <\/div>\n  <\/div>\n<\/div><\/div><\/div><\/div><div class=\"wpb_column vc_column_container vc_col-sm-4\"><div class=\"vc_column-inner \"><div class=\"wpb_wrapper\"><div class=\"vc-hoverbox-wrapper  vc-hoverbox-shape--rounded vc-hoverbox-align--center vc-hoverbox-direction--default vc-hoverbox-width--100\"  ontouchstart=\"\">\n  <div class=\"vc-hoverbox\">\n    <div class=\"vc-hoverbox-inner\">\n      <div class=\"vc-hoverbox-block vc-hoverbox-front\" style=\"background-image: url(https:\/\/asociacionutzche.org\/wp-content\/uploads\/2020\/09\/utz_hoja2_500.fw_.png);\">\n        <div class=\"vc-hoverbox-block-inner vc-hoverbox-front-inner\">\n            <h2 style=\"text-align:center\">Misi\u00f3n<\/h2>\n        <\/div>\n      <\/div>\n      <div class=\"vc-hoverbox-block vc-hoverbox-back\" style=\"background-color: #1F924D;\">\n        <div class=\"vc-hoverbox-block-inner vc-hoverbox-back-inner\">\n            <h2 style=\"text-align:center\">Misi\u00f3n<\/h2>\n            <p style=\"text-align: center;\"><span style=\"font-size: 12pt; color: #ffffff;\">Una red que contribuye a la sostenibilidad integral de sus organizaciones comunitaria de base, mediante el fortalecimiento de capacidades en la gesti\u00f3n sostenible de los bienes naturales, la forester\u00eda comunitaria, incidencia local, nacional y global.<\/span><\/p>\n\n            \n        <\/div>\n      <\/div>\n    <\/div>\n  <\/div>\n<\/div><\/div><\/div><\/div><\/div><div class=\"vc_row wpb_row vc_row-fluid\" style=\"color: ;}\" ><div class=\"wpb_column vc_column_container vc_col-sm-12\"><div class=\"vc_column-inner \"><div class=\"wpb_wrapper\">\n\t<div class=\"wpb_text_column wpb_content_element\" >\n\t\t<div class=\"wpb_wrapper\">\n\t\t\t\n\t\t<\/div>\n\t<\/div>\n<\/div><\/div><\/div><div class=\"wpb_column vc_column_container vc_col-sm-12\"><div class=\"vc_column-inner \"><div class=\"wpb_wrapper\">\n\t<div class=\"wpb_text_column wpb_content_element\" >\n\t\t<div class=\"wpb_wrapper\">\n\t\t\t<p><span style=\"font-size: 12pt;\"><strong>Utz Che\u2019<\/strong> se constituye como una <em>Red Nacional en <\/em>que se articulan diversas agrupaciones comunitarias, ind\u00edgenas y campesinas, con diversidad cultural, \u00e9tnica y de formas de organizaci\u00f3n, buscando la inclusi\u00f3n social, el desarrollo justo y sostenible, as\u00ed como el respeto a los derechos humanos y territoriales de los distintos pueblos que forman Guatemala. Las organizaciones asociadas a Utz Che\u2019 tienen distintas formas de organizaci\u00f3n tales como <em>Parcialidades, Cooperativas, Comunidades Ind\u00edgenas<\/em>, <em>Empresas Campesinas Asociativas (ECA) <\/em>y <em>Asociaciones Campesinas <\/em>de los pueblos <em>Mam<\/em>, <em>Poqomam<\/em>, <em>Pocomchi\u2019<\/em>, <em>Popti\u2019<\/em>, <em>Achi\u2019<\/em>, <em>Kiche\u2019, Kaqchiquel, Q\u2019eqchi\u2019<\/em>, <em>Chorti\u2019<\/em> , <em>Q\u2019anjob\u2019al,<\/em> <em>Xinka<\/em> <em>y mestizos.<\/em><\/span><\/p>\n\n\t\t<\/div>\n\t<\/div>\n<section class=\"vc_cta3-container vc_cta3-size-lg\"><div class=\"vc_general vc_do_cta3 vc_cta3 vc_cta3-style-custom vc_cta3-shape-rounded vc_cta3-align-center vc_cta3-icon-size-md vc_cta3-actions-bottom\" style=\"background-color:#12A01C;\"><div class=\"vc_cta3_content-container\"><div class=\"vc_cta3-content\"><header class=\"vc_cta3-content-header\"><h2>Donaciones<\/h2><\/header><p><span style=\"color: #ffffff;\">Por medio de tu donaci\u00f3n colaboras con los procesos de desarrollo integral comunitario de la Asociaci\u00f3n de Forester\u00eda Comunitaria de Guatemala Utz Che\u2019.<\/span><\/p>\n<\/div><div class=\"vc_cta3-actions\"><style>.vc_btn3-style-gradient-custom.vc_btn-gradient-btn-69f609539c712:hover{color: #000000;background-color: #FFFFFF;border: none;background-position: 100% 0;}<\/style><style>.vc_btn3-style-gradient-custom.vc_btn-gradient-btn-69f609539c712{color: #000000;border: none;background-color: #81D742;background-image: -webkit-linear-gradient(left, #81D742 0%, #FFFFFF 50%,#81D742 100%);background-image: linear-gradient(to right, #81D742 0%, #FFFFFF 50%,#81D742 100%);-webkit-transition: all .2s ease-in-out;transition: all .2s ease-in-out;background-size: 200% 100%;}<\/style><div class=\"vc_btn3-container vc_btn3-center vc_do_btn\" ><a data-vc-gradient-1=\"#81D742\" data-vc-gradient-2=\"#FFFFFF\" class=\"vc_general vc_btn3 vc_btn3-size-md vc_btn3-shape-rounded vc_btn3-style-gradient-custom vc_btn-gradient-btn-69f609539c712\" href=\"https:\/\/asociacionutzche.org\/donaciones\/\" title=\"\">Donaciones<\/a><\/div><\/div><\/div><\/div><\/section><div class=\"vc_row wpb_row vc_inner vc_row-fluid\"><div class=\"wpb_column vc_column_container vc_col-sm-2\" data-equalizer-watch><div class=\"wpb_wrapper\"><\/div><\/div><div class=\"wpb_column vc_column_container vc_col-sm-8\" data-equalizer-watch><div class=\"wpb_wrapper\"><div class=\"wpb_images_carousel wpb_content_element vc_clearfix wpb_content_element\"><div class=\"wpb_wrapper\"><div id=\"vc_images-carousel-1-1777731923\" data-ride=\"vc_carousel\" data-wrap=\"false\" style=\"width: 100%;\" data-interval=\"5000\" data-auto-height=\"yes\" data-mode=\"horizontal\" data-partial=\"false\" data-per-view=\"1\" data-hide-on-end=\"false\" class=\"vc_slide vc_images_carousel\"><ol class=\"vc_carousel-indicators\"><li data-target=\"#vc_images-carousel-1-1777731923\" data-slide-to=\"0\"><\/li><li data-target=\"#vc_images-carousel-1-1777731923\" data-slide-to=\"1\"><\/li><li data-target=\"#vc_images-carousel-1-1777731923\" data-slide-to=\"2\"><\/li><li data-target=\"#vc_images-carousel-1-1777731923\" data-slide-to=\"3\"><\/li><\/ol><div class=\"vc_carousel-inner\"><div class=\"vc_carousel-slideline\"><div class=\"vc_carousel-slideline-inner\"><div class=\"vc_item\"><div class=\"vc_inner\"><a class=\"\" href=\"https:\/\/asociacionutzche.org\/wp-content\/uploads\/2020\/09\/Quienes-somos2-1024x970.jpg\" data-lightbox=\"lightbox[rel-877-3355727383]\"><img loading=\"lazy\" decoding=\"async\" width=\"1080\" height=\"1023\" src=\"https:\/\/asociacionutzche.org\/wp-content\/uploads\/2020\/09\/Quienes-somos2.jpg\" class=\"attachment-full\" alt=\"\" title=\"Quienes-somos2\" srcset=\"https:\/\/asociacionutzche.org\/wp-content\/uploads\/2020\/09\/Quienes-somos2.jpg 1080w, https:\/\/asociacionutzche.org\/wp-content\/uploads\/2020\/09\/Quienes-somos2-300x284.jpg 300w, https:\/\/asociacionutzche.org\/wp-content\/uploads\/2020\/09\/Quienes-somos2-1024x970.jpg 1024w, https:\/\/asociacionutzche.org\/wp-content\/uploads\/2020\/09\/Quienes-somos2-768x727.jpg 768w\" sizes=\"auto, (max-width: 1080px) 100vw, 1080px\" \/><\/a><\/div><\/div><div class=\"vc_item\"><div class=\"vc_inner\"><a class=\"\" href=\"https:\/\/asociacionutzche.org\/wp-content\/uploads\/2020\/09\/QuienesSomos3-1024x970.jpg\" data-lightbox=\"lightbox[rel-877-3355727383]\"><img loading=\"lazy\" decoding=\"async\" width=\"1080\" height=\"1023\" src=\"https:\/\/asociacionutzche.org\/wp-content\/uploads\/2020\/09\/QuienesSomos3.jpg\" class=\"attachment-full\" alt=\"\" title=\"QuienesSomos3\" srcset=\"https:\/\/asociacionutzche.org\/wp-content\/uploads\/2020\/09\/QuienesSomos3.jpg 1080w, https:\/\/asociacionutzche.org\/wp-content\/uploads\/2020\/09\/QuienesSomos3-300x284.jpg 300w, https:\/\/asociacionutzche.org\/wp-content\/uploads\/2020\/09\/QuienesSomos3-1024x970.jpg 1024w, https:\/\/asociacionutzche.org\/wp-content\/uploads\/2020\/09\/QuienesSomos3-768x727.jpg 768w\" sizes=\"auto, (max-width: 1080px) 100vw, 1080px\" \/><\/a><\/div><\/div><div class=\"vc_item\"><div class=\"vc_inner\"><a class=\"\" href=\"https:\/\/asociacionutzche.org\/wp-content\/uploads\/2019\/12\/466428476_9555800734434565_1524278892022947607_n.jpg\" data-lightbox=\"lightbox[rel-877-3355727383]\"><img loading=\"lazy\" decoding=\"async\" width=\"960\" height=\"576\" src=\"https:\/\/asociacionutzche.org\/wp-content\/uploads\/2019\/12\/466428476_9555800734434565_1524278892022947607_n.jpg\" class=\"attachment-full\" alt=\"\" title=\"466428476_9555800734434565_1524278892022947607_n\" srcset=\"https:\/\/asociacionutzche.org\/wp-content\/uploads\/2019\/12\/466428476_9555800734434565_1524278892022947607_n.jpg 960w, https:\/\/asociacionutzche.org\/wp-content\/uploads\/2019\/12\/466428476_9555800734434565_1524278892022947607_n-300x180.jpg 300w, https:\/\/asociacionutzche.org\/wp-content\/uploads\/2019\/12\/466428476_9555800734434565_1524278892022947607_n-768x461.jpg 768w, https:\/\/asociacionutzche.org\/wp-content\/uploads\/2019\/12\/466428476_9555800734434565_1524278892022947607_n-18x12.jpg 18w\" sizes=\"auto, (max-width: 960px) 100vw, 960px\" \/><\/a><\/div><\/div><div class=\"vc_item\"><div class=\"vc_inner\"><a class=\"\" href=\"https:\/\/asociacionutzche.org\/wp-content\/uploads\/2019\/12\/466628597_9573391296008842_7775690569789711020_n-1024x768.jpg\" data-lightbox=\"lightbox[rel-877-3355727383]\"><img loading=\"lazy\" decoding=\"async\" width=\"1280\" height=\"960\" src=\"https:\/\/asociacionutzche.org\/wp-content\/uploads\/2019\/12\/466628597_9573391296008842_7775690569789711020_n.jpg\" class=\"attachment-full\" alt=\"\" title=\"466628597_9573391296008842_7775690569789711020_n\" srcset=\"https:\/\/asociacionutzche.org\/wp-content\/uploads\/2019\/12\/466628597_9573391296008842_7775690569789711020_n.jpg 1280w, https:\/\/asociacionutzche.org\/wp-content\/uploads\/2019\/12\/466628597_9573391296008842_7775690569789711020_n-300x225.jpg 300w, https:\/\/asociacionutzche.org\/wp-content\/uploads\/2019\/12\/466628597_9573391296008842_7775690569789711020_n-1024x768.jpg 1024w, https:\/\/asociacionutzche.org\/wp-content\/uploads\/2019\/12\/466628597_9573391296008842_7775690569789711020_n-768x576.jpg 768w, https:\/\/asociacionutzche.org\/wp-content\/uploads\/2019\/12\/466628597_9573391296008842_7775690569789711020_n-16x12.jpg 16w\" sizes=\"auto, (max-width: 1280px) 100vw, 1280px\" \/><\/a><\/div><\/div><\/div><\/div><\/div><a class=\"vc_left vc_carousel-control\" href=\"#vc_images-carousel-1-1777731923\" data-slide=\"prev\"><span class=\"icon-prev\"><\/span><\/a><a class=\"vc_right vc_carousel-control\" href=\"#vc_images-carousel-1-1777731923\" data-slide=\"next\"><span class=\"icon-next\"><\/span><\/a><\/div><\/div><\/div><\/div><\/div><div class=\"wpb_column vc_column_container vc_col-sm-2\" data-equalizer-watch><div class=\"wpb_wrapper\"><\/div><\/div><\/div><\/div><\/div><\/div><\/div><div class=\"vc_row wpb_row vc_row-fluid\" style=\"color: ;}\" ><div class=\"wpb_column vc_column_container vc_col-sm-12\"><div class=\"vc_column-inner \"><div class=\"wpb_wrapper\"><section class=\"vc_cta3-container vc_cta3-size-xl\"><div class=\"vc_general vc_do_cta3 vc_cta3 vc_cta3-style-custom vc_cta3-shape-rounded vc_cta3-align-left vc_cta3-icon-size-md vc_cta3-actions-bottom\" style=\"background-color:#1F9942;\"><div class=\"vc_cta3_content-container\"><div class=\"vc_cta3-content\"><header class=\"vc_cta3-content-header\"><h2>Voluntariado y Pasant\u00edas<\/h2><\/header><p><span style=\"color: #ffffff;\">\u2666 Si deseas involucrarte como voluntario en nuestros procesos, esta es tu oportunidad.<\/span> <span style=\"color: #ffffff;\">Recibimos personas con talento, motivaci\u00f3n y pasi\u00f3n para que aporten conocimientos, ideas innovadoras y creatividad, que contribuyan a impulsar nuestras diversas acciones en los diferentes territorios de intervenci\u00f3n.<\/span><\/p>\n<p><span style=\"color: #ffffff;\">\u2666 El programa de pasant\u00edas\/pr\u00e1cticas, es una oportunidad para estudiantes y reci\u00e9n graduados de adquirir experiencia en la forester\u00eda comunitaria, acorde con su programa acad\u00e9mico o con su pr\u00f3ximo trabajo en alguno de los \u00e1mbitos relacionados con el quehacer de Utz Che\u2019.<\/span><\/p>\n<\/div><div class=\"vc_cta3-actions\"><style>.vc_btn3-style-gradient-custom.vc_btn-gradient-btn-69f609539d8c8:hover{color: #000000;background-color: #FFFFFF;border: none;background-position: 100% 0;}<\/style><style>.vc_btn3-style-gradient-custom.vc_btn-gradient-btn-69f609539d8c8{color: #000000;border: none;background-color: #81D742;background-image: -webkit-linear-gradient(left, #81D742 0%, #FFFFFF 50%,#81D742 100%);background-image: linear-gradient(to right, #81D742 0%, #FFFFFF 50%,#81D742 100%);-webkit-transition: all .2s ease-in-out;transition: all .2s ease-in-out;background-size: 200% 100%;}<\/style><div class=\"vc_btn3-container vc_btn3-right vc_do_btn\" ><a data-vc-gradient-1=\"#81D742\" data-vc-gradient-2=\"#FFFFFF\" class=\"vc_general vc_btn3 vc_btn3-size-md vc_btn3-shape-rounded vc_btn3-style-gradient-custom vc_btn-gradient-btn-69f609539d8c8\" href=\"https:\/\/asociacionutzche.org\/involucrate\/\" title=\"\">Invol\u00facrate<\/a><\/div><\/div><\/div><\/div><\/section><\/div><\/div><\/div><\/div><div class=\"vc_row wpb_row vc_row-fluid\" style=\"color: ;}\" ><div class=\"wpb_column vc_column_container vc_col-sm-12\"><div class=\"vc_column-inner \"><div class=\"wpb_wrapper\"><\/div><\/div><\/div><\/div>\n<\/div>","protected":false},"excerpt":{"rendered":"La Asociaci\u00f3n de Forester\u00eda Comunitaria de Guatemala Utz Che\u2019 (buen \u00e1rbol en idioma K\u2019ich\u00e9) es una asociaci\u00f3n civil formada por organizaciones comunitarias dedicadas al manejo sostenible de sus recursos naturales, principalmente bosques, plantaciones forestales y fuentes de agua. Visi\u00f3n Visi\u00f3n La Red Utz Che\u2019 constituye la representaci\u00f3n leg\u00edtima de comunidades guatemaltecas organizadas y reconocidas por [...]","protected":false},"author":1,"featured_media":0,"parent":0,"menu_order":0,"comment_status":"closed","ping_status":"closed","template":"","meta":{"_bbp_topic_count":0,"_bbp_reply_count":0,"_bbp_total_topic_count":0,"_bbp_total_reply_count":0,"_bbp_voice_count":0,"_bbp_anonymous_reply_count":0,"_bbp_topic_count_hidden":0,"_bbp_reply_count_hidden":0,"_bbp_forum_subforum_count":0,"footnotes":""},"class_list":["post-877","page","type-page","status-publish","hentry"],"yoast_head":"<!-- This site is optimized with the Yoast SEO plugin v27.5 - https:\/\/yoast.com\/product\/yoast-seo-wordpress\/ -->\n<title>Quienes somos - Red de organizaciones comunitarias Utz Che&#039;<\/title>\n<meta name=\"description\" content=\"Red de organizaciones comunitarias dedicadas a la gesti\u00f3n sostenibles de recursos naturales y la forester\u00eda comunitaria\" \/>\n<meta name=\"robots\" content=\"index, follow, max-snippet:-1, max-image-preview:large, max-video-preview:-1\" \/>\n<link rel=\"canonical\" href=\"https:\/\/asociacionutzche.org\/en\/quienes-somos\/\" \/>\n<meta property=\"og:locale\" content=\"en_US\" \/>\n<meta property=\"og:type\" content=\"article\" \/>\n<meta property=\"og:title\" content=\"Quienes somos - Red de organizaciones comunitarias Utz Che&#039;\" \/>\n<meta property=\"og:description\" content=\"Red de organizaciones comunitarias dedicadas a la gesti\u00f3n sostenibles de recursos naturales y la forester\u00eda comunitaria\" \/>\n<meta property=\"og:url\" content=\"https:\/\/asociacionutzche.org\/en\/quienes-somos\/\" \/>\n<meta property=\"og:site_name\" content=\"Asociaci\u00f3n Utz Che&#039;\" \/>\n<meta property=\"article:modified_time\" content=\"2026-02-02T18:07:37+00:00\" \/>\n<meta name=\"twitter:card\" content=\"summary_large_image\" \/>\n<meta name=\"twitter:label1\" content=\"Est. reading time\" \/>\n\t<meta name=\"twitter:data1\" content=\"2 minutes\" \/>\n<script type=\"application\/ld+json\" class=\"yoast-schema-graph\">{\"@context\":\"https:\\\/\\\/schema.org\",\"@graph\":[{\"@type\":\"WebPage\",\"@id\":\"https:\\\/\\\/asociacionutzche.org\\\/quienes-somos\\\/\",\"url\":\"https:\\\/\\\/asociacionutzche.org\\\/quienes-somos\\\/\",\"name\":\"Quienes somos - Red de organizaciones comunitarias Utz Che'\",\"isPartOf\":{\"@id\":\"https:\\\/\\\/asociacionutzche.org\\\/#website\"},\"datePublished\":\"2020-02-10T15:55:57+00:00\",\"dateModified\":\"2026-02-02T18:07:37+00:00\",\"description\":\"Red de organizaciones comunitarias dedicadas a la gesti\u00f3n sostenibles de recursos naturales y la forester\u00eda comunitaria\",\"breadcrumb\":{\"@id\":\"https:\\\/\\\/asociacionutzche.org\\\/quienes-somos\\\/#breadcrumb\"},\"inLanguage\":\"en-US\",\"potentialAction\":[{\"@type\":\"ReadAction\",\"target\":[\"https:\\\/\\\/asociacionutzche.org\\\/quienes-somos\\\/\"]}]},{\"@type\":\"BreadcrumbList\",\"@id\":\"https:\\\/\\\/asociacionutzche.org\\\/quienes-somos\\\/#breadcrumb\",\"itemListElement\":[{\"@type\":\"ListItem\",\"position\":1,\"name\":\"Portada\",\"item\":\"https:\\\/\\\/asociacionutzche.org\\\/\"},{\"@type\":\"ListItem\",\"position\":2,\"name\":\"Qui\u00e9nes somos\"}]},{\"@type\":\"WebSite\",\"@id\":\"https:\\\/\\\/asociacionutzche.org\\\/#website\",\"url\":\"https:\\\/\\\/asociacionutzche.org\\\/\",\"name\":\"Asociaci\u00f3n Utz Che'\",\"description\":\"Asociaci\u00f3n de Forester\u00eda Comunitaria de Guatemala Utz Che&#039;\",\"publisher\":{\"@id\":\"https:\\\/\\\/asociacionutzche.org\\\/#organization\"},\"potentialAction\":[{\"@type\":\"SearchAction\",\"target\":{\"@type\":\"EntryPoint\",\"urlTemplate\":\"https:\\\/\\\/asociacionutzche.org\\\/?s={search_term_string}\"},\"query-input\":{\"@type\":\"PropertyValueSpecification\",\"valueRequired\":true,\"valueName\":\"search_term_string\"}}],\"inLanguage\":\"en-US\"},{\"@type\":\"Organization\",\"@id\":\"https:\\\/\\\/asociacionutzche.org\\\/#organization\",\"name\":\"Asociaci\u00f3n Utz Che'\",\"url\":\"https:\\\/\\\/asociacionutzche.org\\\/\",\"logo\":{\"@type\":\"ImageObject\",\"inLanguage\":\"en-US\",\"@id\":\"https:\\\/\\\/asociacionutzche.org\\\/#\\\/schema\\\/logo\\\/image\\\/\",\"url\":\"https:\\\/\\\/asociacionutzche.org\\\/wp-content\\\/uploads\\\/2013\\\/11\\\/logo_footer.png\",\"contentUrl\":\"https:\\\/\\\/asociacionutzche.org\\\/wp-content\\\/uploads\\\/2013\\\/11\\\/logo_footer.png\",\"width\":200,\"height\":76,\"caption\":\"Asociaci\u00f3n Utz Che'\"},\"image\":{\"@id\":\"https:\\\/\\\/asociacionutzche.org\\\/#\\\/schema\\\/logo\\\/image\\\/\"}}]}<\/script>\n<!-- \/ Yoast SEO plugin. -->","yoast_head_json":{"title":"Quienes somos - Red de organizaciones comunitarias Utz Che'","description":"Red de organizaciones comunitarias dedicadas a la gesti\u00f3n sostenibles de recursos naturales y la forester\u00eda comunitaria","robots":{"index":"index","follow":"follow","max-snippet":"max-snippet:-1","max-image-preview":"max-image-preview:large","max-video-preview":"max-video-preview:-1"},"canonical":"https:\/\/asociacionutzche.org\/en\/quienes-somos\/","og_locale":"en_US","og_type":"article","og_title":"Quienes somos - Red de organizaciones comunitarias Utz Che'","og_description":"Red de organizaciones comunitarias dedicadas a la gesti\u00f3n sostenibles de recursos naturales y la forester\u00eda comunitaria","og_url":"https:\/\/asociacionutzche.org\/en\/quienes-somos\/","og_site_name":"Asociaci\u00f3n Utz Che&#039;","article_modified_time":"2026-02-02T18:07:37+00:00","twitter_card":"summary_large_image","twitter_misc":{"Est. reading time":"2 minutes"},"schema":{"@context":"https:\/\/schema.org","@graph":[{"@type":"WebPage","@id":"https:\/\/asociacionutzche.org\/quienes-somos\/","url":"https:\/\/asociacionutzche.org\/quienes-somos\/","name":"Quienes somos - Red de organizaciones comunitarias Utz Che'","isPartOf":{"@id":"https:\/\/asociacionutzche.org\/#website"},"datePublished":"2020-02-10T15:55:57+00:00","dateModified":"2026-02-02T18:07:37+00:00","description":"Red de organizaciones comunitarias dedicadas a la gesti\u00f3n sostenibles de recursos naturales y la forester\u00eda comunitaria","breadcrumb":{"@id":"https:\/\/asociacionutzche.org\/quienes-somos\/#breadcrumb"},"inLanguage":"en-US","potentialAction":[{"@type":"ReadAction","target":["https:\/\/asociacionutzche.org\/quienes-somos\/"]}]},{"@type":"BreadcrumbList","@id":"https:\/\/asociacionutzche.org\/quienes-somos\/#breadcrumb","itemListElement":[{"@type":"ListItem","position":1,"name":"Portada","item":"https:\/\/asociacionutzche.org\/"},{"@type":"ListItem","position":2,"name":"Qui\u00e9nes somos"}]},{"@type":"WebSite","@id":"https:\/\/asociacionutzche.org\/#website","url":"https:\/\/asociacionutzche.org\/","name":"Asociaci\u00f3n Utz Che'","description":"Asociaci\u00f3n de Forester\u00eda Comunitaria de Guatemala Utz Che&#039;","publisher":{"@id":"https:\/\/asociacionutzche.org\/#organization"},"potentialAction":[{"@type":"SearchAction","target":{"@type":"EntryPoint","urlTemplate":"https:\/\/asociacionutzche.org\/?s={search_term_string}"},"query-input":{"@type":"PropertyValueSpecification","valueRequired":true,"valueName":"search_term_string"}}],"inLanguage":"en-US"},{"@type":"Organization","@id":"https:\/\/asociacionutzche.org\/#organization","name":"Asociaci\u00f3n Utz Che'","url":"https:\/\/asociacionutzche.org\/","logo":{"@type":"ImageObject","inLanguage":"en-US","@id":"https:\/\/asociacionutzche.org\/#\/schema\/logo\/image\/","url":"https:\/\/asociacionutzche.org\/wp-content\/uploads\/2013\/11\/logo_footer.png","contentUrl":"https:\/\/asociacionutzche.org\/wp-content\/uploads\/2013\/11\/logo_footer.png","width":200,"height":76,"caption":"Asociaci\u00f3n Utz Che'"},"image":{"@id":"https:\/\/asociacionutzche.org\/#\/schema\/logo\/image\/"}}]}},"_links":{"self":[{"href":"https:\/\/asociacionutzche.org\/en\/wp-json\/wp\/v2\/pages\/877","targetHints":{"allow":["GET"]}}],"collection":[{"href":"https:\/\/asociacionutzche.org\/en\/wp-json\/wp\/v2\/pages"}],"about":[{"href":"https:\/\/asociacionutzche.org\/en\/wp-json\/wp\/v2\/types\/page"}],"author":[{"embeddable":true,"href":"https:\/\/asociacionutzche.org\/en\/wp-json\/wp\/v2\/users\/1"}],"replies":[{"embeddable":true,"href":"https:\/\/asociacionutzche.org\/en\/wp-json\/wp\/v2\/comments?post=877"}],"version-history":[{"count":16,"href":"https:\/\/asociacionutzche.org\/en\/wp-json\/wp\/v2\/pages\/877\/revisions"}],"predecessor-version":[{"id":3991,"href":"https:\/\/asociacionutzche.org\/en\/wp-json\/wp\/v2\/pages\/877\/revisions\/3991"}],"wp:attachment":[{"href":"https:\/\/asociacionutzche.org\/en\/wp-json\/wp\/v2\/media?parent=877"}],"curies":[{"name":"wp","href":"https:\/\/api.w.org\/{rel}","templated":true}]}}