{"id":3828,"date":"2025-07-15T22:42:30","date_gmt":"2025-07-15T22:42:30","guid":{"rendered":"https:\/\/asociacionutzche.org\/?page_id=3828"},"modified":"2025-07-15T22:42:30","modified_gmt":"2025-07-15T22:42:30","slug":"cooperativa-integral-agricola-el-bosque-r-l-coobosque","status":"publish","type":"page","link":"https:\/\/asociacionutzche.org\/en\/cooperativa-integral-agricola-el-bosque-r-l-coobosque\/","title":{"rendered":"Cooperativa Integral Agr\u00edcola el Bosque R.L -COOBOSQUE"},"content":{"rendered":"<p><span style=\"font-size: 12pt;\">Cooperativa Integral Agr\u00edcola el Bosque R.L -COOBOSQUE is located in San Pedro Pinula, Jalapa. It is dedicated to sustainable family farming with training processes to contribute to food and nutritional security for families, resilient and environmentally friendly production.<\/span><br \/>\n<span style=\"font-size: 12pt;\">They have community vegetable gardens and demonstration plots and develop bio-input and biochar initiatives managed mainly by women's groups. These processes are part of the goal of achieving food sovereignty and climate resilience in vulnerable communities in Guatemala's dry corridor.<\/span><\/p>","protected":false},"excerpt":{"rendered":"<p>Cooperativa Integral Agr\u00edcola el Bosque R.L -COOBOSQUE se ubica en San Pedro Pinula, Jalapa. Se dedica a la Agricultura familiar sostenible con procesos de capacitaci\u00f3n para contribuir a la seguridad alimentaria y nutricional de las familias, la producci\u00f3n resiliente y amigable con el ambiente. Cuentan con huertos comunitarios y parcelas de demostraci\u00f3n y desarrollan iniciativas [&hellip;]<\/p>\n","protected":false},"author":9,"featured_media":0,"parent":0,"menu_order":0,"comment_status":"closed","ping_status":"closed","template":"","meta":{"_bbp_topic_count":0,"_bbp_reply_count":0,"_bbp_total_topic_count":0,"_bbp_total_reply_count":0,"_bbp_voice_count":0,"_bbp_anonymous_reply_count":0,"_bbp_topic_count_hidden":0,"_bbp_reply_count_hidden":0,"_bbp_forum_subforum_count":0,"footnotes":""},"class_list":["post-3828","page","type-page","status-publish","hentry"],"yoast_head":"<!-- This site is optimized with the Yoast SEO plugin v27.5 - https:\/\/yoast.com\/product\/yoast-seo-wordpress\/ -->\n<title>Cooperativa Integral Agr\u00edcola el Bosque R.L -COOBOSQUE - Asociaci\u00f3n Utz Che&#039;<\/title>\n<meta name=\"robots\" content=\"index, follow, max-snippet:-1, max-image-preview:large, max-video-preview:-1\" \/>\n<link rel=\"canonical\" href=\"https:\/\/asociacionutzche.org\/en\/cooperativa-integral-agricola-el-bosque-r-l-coobosque\/\" \/>\n<meta property=\"og:locale\" content=\"en_US\" \/>\n<meta property=\"og:type\" content=\"article\" \/>\n<meta property=\"og:title\" content=\"Cooperativa Integral Agr\u00edcola el Bosque R.L -COOBOSQUE - Asociaci\u00f3n Utz Che&#039;\" \/>\n<meta property=\"og:description\" content=\"Cooperativa Integral Agr\u00edcola el Bosque R.L -COOBOSQUE se ubica en San Pedro Pinula, Jalapa. Se dedica a la Agricultura familiar sostenible con procesos de capacitaci\u00f3n para contribuir a la seguridad alimentaria y nutricional de las familias, la producci\u00f3n resiliente y amigable con el ambiente. Cuentan con huertos comunitarios y parcelas de demostraci\u00f3n y desarrollan iniciativas [&hellip;]\" \/>\n<meta property=\"og:url\" content=\"https:\/\/asociacionutzche.org\/en\/cooperativa-integral-agricola-el-bosque-r-l-coobosque\/\" \/>\n<meta property=\"og:site_name\" content=\"Asociaci\u00f3n Utz Che&#039;\" \/>\n<meta name=\"twitter:card\" content=\"summary_large_image\" \/>\n<meta name=\"twitter:label1\" content=\"Est. reading time\" \/>\n\t<meta name=\"twitter:data1\" content=\"1 minute\" \/>\n<script type=\"application\/ld+json\" class=\"yoast-schema-graph\">{\"@context\":\"https:\\\/\\\/schema.org\",\"@graph\":[{\"@type\":\"WebPage\",\"@id\":\"https:\\\/\\\/asociacionutzche.org\\\/cooperativa-integral-agricola-el-bosque-r-l-coobosque\\\/\",\"url\":\"https:\\\/\\\/asociacionutzche.org\\\/cooperativa-integral-agricola-el-bosque-r-l-coobosque\\\/\",\"name\":\"Cooperativa Integral Agr\u00edcola el Bosque R.L -COOBOSQUE - Asociaci\u00f3n Utz Che&#039;\",\"isPartOf\":{\"@id\":\"https:\\\/\\\/asociacionutzche.org\\\/#website\"},\"datePublished\":\"2025-07-15T22:42:30+00:00\",\"breadcrumb\":{\"@id\":\"https:\\\/\\\/asociacionutzche.org\\\/cooperativa-integral-agricola-el-bosque-r-l-coobosque\\\/#breadcrumb\"},\"inLanguage\":\"en-US\",\"potentialAction\":[{\"@type\":\"ReadAction\",\"target\":[\"https:\\\/\\\/asociacionutzche.org\\\/cooperativa-integral-agricola-el-bosque-r-l-coobosque\\\/\"]}]},{\"@type\":\"BreadcrumbList\",\"@id\":\"https:\\\/\\\/asociacionutzche.org\\\/cooperativa-integral-agricola-el-bosque-r-l-coobosque\\\/#breadcrumb\",\"itemListElement\":[{\"@type\":\"ListItem\",\"position\":1,\"name\":\"Portada\",\"item\":\"https:\\\/\\\/asociacionutzche.org\\\/\"},{\"@type\":\"ListItem\",\"position\":2,\"name\":\"Cooperativa Integral Agr\u00edcola el Bosque R.L -COOBOSQUE\"}]},{\"@type\":\"WebSite\",\"@id\":\"https:\\\/\\\/asociacionutzche.org\\\/#website\",\"url\":\"https:\\\/\\\/asociacionutzche.org\\\/\",\"name\":\"Asociaci\u00f3n Utz Che'\",\"description\":\"Asociaci\u00f3n de Forester\u00eda Comunitaria de Guatemala Utz Che&#039;\",\"publisher\":{\"@id\":\"https:\\\/\\\/asociacionutzche.org\\\/#organization\"},\"potentialAction\":[{\"@type\":\"SearchAction\",\"target\":{\"@type\":\"EntryPoint\",\"urlTemplate\":\"https:\\\/\\\/asociacionutzche.org\\\/?s={search_term_string}\"},\"query-input\":{\"@type\":\"PropertyValueSpecification\",\"valueRequired\":true,\"valueName\":\"search_term_string\"}}],\"inLanguage\":\"en-US\"},{\"@type\":\"Organization\",\"@id\":\"https:\\\/\\\/asociacionutzche.org\\\/#organization\",\"name\":\"Asociaci\u00f3n Utz Che'\",\"url\":\"https:\\\/\\\/asociacionutzche.org\\\/\",\"logo\":{\"@type\":\"ImageObject\",\"inLanguage\":\"en-US\",\"@id\":\"https:\\\/\\\/asociacionutzche.org\\\/#\\\/schema\\\/logo\\\/image\\\/\",\"url\":\"https:\\\/\\\/asociacionutzche.org\\\/wp-content\\\/uploads\\\/2013\\\/11\\\/logo_footer.png\",\"contentUrl\":\"https:\\\/\\\/asociacionutzche.org\\\/wp-content\\\/uploads\\\/2013\\\/11\\\/logo_footer.png\",\"width\":200,\"height\":76,\"caption\":\"Asociaci\u00f3n Utz Che'\"},\"image\":{\"@id\":\"https:\\\/\\\/asociacionutzche.org\\\/#\\\/schema\\\/logo\\\/image\\\/\"}}]}<\/script>\n<!-- \/ Yoast SEO plugin. -->","yoast_head_json":{"title":"Cooperativa Integral Agr\u00edcola el Bosque R.L -COOBOSQUE - Asociaci\u00f3n Utz Che&#039;","robots":{"index":"index","follow":"follow","max-snippet":"max-snippet:-1","max-image-preview":"max-image-preview:large","max-video-preview":"max-video-preview:-1"},"canonical":"https:\/\/asociacionutzche.org\/en\/cooperativa-integral-agricola-el-bosque-r-l-coobosque\/","og_locale":"en_US","og_type":"article","og_title":"Cooperativa Integral Agr\u00edcola el Bosque R.L -COOBOSQUE - Asociaci\u00f3n Utz Che&#039;","og_description":"Cooperativa Integral Agr\u00edcola el Bosque R.L -COOBOSQUE se ubica en San Pedro Pinula, Jalapa. Se dedica a la Agricultura familiar sostenible con procesos de capacitaci\u00f3n para contribuir a la seguridad alimentaria y nutricional de las familias, la producci\u00f3n resiliente y amigable con el ambiente. Cuentan con huertos comunitarios y parcelas de demostraci\u00f3n y desarrollan iniciativas [&hellip;]","og_url":"https:\/\/asociacionutzche.org\/en\/cooperativa-integral-agricola-el-bosque-r-l-coobosque\/","og_site_name":"Asociaci\u00f3n Utz Che&#039;","twitter_card":"summary_large_image","twitter_misc":{"Est. reading time":"1 minute"},"schema":{"@context":"https:\/\/schema.org","@graph":[{"@type":"WebPage","@id":"https:\/\/asociacionutzche.org\/cooperativa-integral-agricola-el-bosque-r-l-coobosque\/","url":"https:\/\/asociacionutzche.org\/cooperativa-integral-agricola-el-bosque-r-l-coobosque\/","name":"Cooperativa Integral Agr\u00edcola el Bosque R.L -COOBOSQUE - Asociaci\u00f3n Utz Che&#039;","isPartOf":{"@id":"https:\/\/asociacionutzche.org\/#website"},"datePublished":"2025-07-15T22:42:30+00:00","breadcrumb":{"@id":"https:\/\/asociacionutzche.org\/cooperativa-integral-agricola-el-bosque-r-l-coobosque\/#breadcrumb"},"inLanguage":"en-US","potentialAction":[{"@type":"ReadAction","target":["https:\/\/asociacionutzche.org\/cooperativa-integral-agricola-el-bosque-r-l-coobosque\/"]}]},{"@type":"BreadcrumbList","@id":"https:\/\/asociacionutzche.org\/cooperativa-integral-agricola-el-bosque-r-l-coobosque\/#breadcrumb","itemListElement":[{"@type":"ListItem","position":1,"name":"Portada","item":"https:\/\/asociacionutzche.org\/"},{"@type":"ListItem","position":2,"name":"Cooperativa Integral Agr\u00edcola el Bosque R.L -COOBOSQUE"}]},{"@type":"WebSite","@id":"https:\/\/asociacionutzche.org\/#website","url":"https:\/\/asociacionutzche.org\/","name":"Asociaci\u00f3n Utz Che'","description":"Asociaci\u00f3n de Forester\u00eda Comunitaria de Guatemala Utz Che&#039;","publisher":{"@id":"https:\/\/asociacionutzche.org\/#organization"},"potentialAction":[{"@type":"SearchAction","target":{"@type":"EntryPoint","urlTemplate":"https:\/\/asociacionutzche.org\/?s={search_term_string}"},"query-input":{"@type":"PropertyValueSpecification","valueRequired":true,"valueName":"search_term_string"}}],"inLanguage":"en-US"},{"@type":"Organization","@id":"https:\/\/asociacionutzche.org\/#organization","name":"Asociaci\u00f3n Utz Che'","url":"https:\/\/asociacionutzche.org\/","logo":{"@type":"ImageObject","inLanguage":"en-US","@id":"https:\/\/asociacionutzche.org\/#\/schema\/logo\/image\/","url":"https:\/\/asociacionutzche.org\/wp-content\/uploads\/2013\/11\/logo_footer.png","contentUrl":"https:\/\/asociacionutzche.org\/wp-content\/uploads\/2013\/11\/logo_footer.png","width":200,"height":76,"caption":"Asociaci\u00f3n Utz Che'"},"image":{"@id":"https:\/\/asociacionutzche.org\/#\/schema\/logo\/image\/"}}]}},"_links":{"self":[{"href":"https:\/\/asociacionutzche.org\/en\/wp-json\/wp\/v2\/pages\/3828","targetHints":{"allow":["GET"]}}],"collection":[{"href":"https:\/\/asociacionutzche.org\/en\/wp-json\/wp\/v2\/pages"}],"about":[{"href":"https:\/\/asociacionutzche.org\/en\/wp-json\/wp\/v2\/types\/page"}],"author":[{"embeddable":true,"href":"https:\/\/asociacionutzche.org\/en\/wp-json\/wp\/v2\/users\/9"}],"replies":[{"embeddable":true,"href":"https:\/\/asociacionutzche.org\/en\/wp-json\/wp\/v2\/comments?post=3828"}],"version-history":[{"count":1,"href":"https:\/\/asociacionutzche.org\/en\/wp-json\/wp\/v2\/pages\/3828\/revisions"}],"predecessor-version":[{"id":3829,"href":"https:\/\/asociacionutzche.org\/en\/wp-json\/wp\/v2\/pages\/3828\/revisions\/3829"}],"wp:attachment":[{"href":"https:\/\/asociacionutzche.org\/en\/wp-json\/wp\/v2\/media?parent=3828"}],"curies":[{"name":"wp","href":"https:\/\/api.w.org\/{rel}","templated":true}]}}