{"id":3814,"date":"2025-07-15T20:57:21","date_gmt":"2025-07-15T20:57:21","guid":{"rendered":"https:\/\/asociacionutzche.org\/?page_id=3814"},"modified":"2025-07-15T20:57:26","modified_gmt":"2025-07-15T20:57:26","slug":"parcialidad-ajpacaja","status":"publish","type":"page","link":"https:\/\/asociacionutzche.org\/en\/parcialidad-ajpacaja\/","title":{"rendered":"Parcialidad Ajpacaja\u0301"},"content":{"rendered":"<p><span style=\"font-size: 12pt;\">La comunidad de Ajpacaj\u00e1 est\u00e1 situada en la regi\u00f3n de Chuik&#8217;axtun, cant\u00f3n de Chiyax, departamento de Totonicap\u00e1n. Se extiende sobre una superficie de 222 hect\u00e1reas. Su nombre k&#8217;iche&#8217; Ajpacaj\u00e1 significa \u00abcasa de trenzado de paja\u00bb. Desde siempre, la comunidad ha constituido sus autoridades comunales y las de la parcialidad para gestionar su territorio y organizarse socialmente.<\/span><\/p>\n<p><span style=\"font-size: 12pt;\">Las funciones del consejo de administraci\u00f3n son ejercidas por miembros de la comunidad durante dos a\u00f1os a t\u00edtulo honor\u00edfico, en el marco de un servicio comunitario llamado k&#8217;axk&#8217;ol1 en k&#8217;iche&#8217;. De acuerdo con las normas comunitarias, el k&#8217;axk&#8217;ol debe ser realizado por todas las personas mayores de 18 a\u00f1os o por las personas casadas con esposa e hijos. Cada miembro de la comunidad contribuye a lo largo de su vida al mantenimiento de la organizaci\u00f3n comunitaria ocupando diferentes puestos y realizando diferentes actividades de apoyo. A cambio del trabajo y el tiempo dedicados, las familias se benefician del suministro de agua y de los productos del bosque (le\u00f1a, madera, maleza, hongos), as\u00ed como de un sentido de identidad y pertenencia a la comunidad y al territorio. <\/span><br \/>\n<span style=\"font-size: 12pt;\">El bosque de la Parcialidad de Ajpacaj\u00e1 es principalmente un bosque natural en el que predominan los pinos pinabete, una especie considerada en peligro de extinci\u00f3n. La protecci\u00f3n del bosque de la parcialidad tiene como objetivo principal la conservaci\u00f3n de las fuentes de agua y del Pinabete.<\/span><\/p>","protected":false},"excerpt":{"rendered":"<p>La comunidad de Ajpacaj\u00e1 est\u00e1 situada en la regi\u00f3n de Chuik&#8217;axtun, cant\u00f3n de Chiyax, departamento de Totonicap\u00e1n. Se extiende sobre una superficie de 222 hect\u00e1reas. Su nombre k&#8217;iche&#8217; Ajpacaj\u00e1 significa \u00abcasa de trenzado de paja\u00bb. Desde siempre, la comunidad ha constituido sus autoridades comunales y las de la parcialidad para gestionar su territorio y organizarse [&hellip;]<\/p>\n","protected":false},"author":9,"featured_media":0,"parent":0,"menu_order":0,"comment_status":"closed","ping_status":"closed","template":"","meta":{"_bbp_topic_count":0,"_bbp_reply_count":0,"_bbp_total_topic_count":0,"_bbp_total_reply_count":0,"_bbp_voice_count":0,"_bbp_anonymous_reply_count":0,"_bbp_topic_count_hidden":0,"_bbp_reply_count_hidden":0,"_bbp_forum_subforum_count":0,"footnotes":""},"class_list":["post-3814","page","type-page","status-publish","hentry"],"yoast_head":"<!-- This site is optimized with the Yoast SEO plugin v27.5 - https:\/\/yoast.com\/product\/yoast-seo-wordpress\/ -->\n<title>Parcialidad Ajpacaja\u0301 - Asociaci\u00f3n Utz Che&#039;<\/title>\n<meta name=\"description\" content=\"Parcialidad Ajpacaj\u00e1 es una organizaci\u00f3n ancestral maya en Guatemala basada en la gesti\u00f3n forestal comunitaria\" \/>\n<meta name=\"robots\" content=\"index, follow, max-snippet:-1, max-image-preview:large, max-video-preview:-1\" \/>\n<link rel=\"canonical\" href=\"https:\/\/asociacionutzche.org\/en\/parcialidad-ajpacaja\/\" \/>\n<meta property=\"og:locale\" content=\"en_US\" \/>\n<meta property=\"og:type\" content=\"article\" \/>\n<meta property=\"og:title\" content=\"Parcialidad Ajpacaja\u0301 - Asociaci\u00f3n Utz Che&#039;\" \/>\n<meta property=\"og:description\" content=\"Parcialidad Ajpacaj\u00e1 es una organizaci\u00f3n ancestral maya en Guatemala basada en la gesti\u00f3n forestal comunitaria\" \/>\n<meta property=\"og:url\" content=\"https:\/\/asociacionutzche.org\/en\/parcialidad-ajpacaja\/\" \/>\n<meta property=\"og:site_name\" content=\"Asociaci\u00f3n Utz Che&#039;\" \/>\n<meta property=\"article:modified_time\" content=\"2025-07-15T20:57:26+00:00\" \/>\n<meta name=\"twitter:card\" content=\"summary_large_image\" \/>\n<meta name=\"twitter:label1\" content=\"Est. reading time\" \/>\n\t<meta name=\"twitter:data1\" content=\"2 minutes\" \/>\n<script type=\"application\/ld+json\" class=\"yoast-schema-graph\">{\"@context\":\"https:\\\/\\\/schema.org\",\"@graph\":[{\"@type\":\"WebPage\",\"@id\":\"https:\\\/\\\/asociacionutzche.org\\\/parcialidad-ajpacaja\\\/\",\"url\":\"https:\\\/\\\/asociacionutzche.org\\\/parcialidad-ajpacaja\\\/\",\"name\":\"Parcialidad Ajpacaja\u0301 - Asociaci\u00f3n Utz Che&#039;\",\"isPartOf\":{\"@id\":\"https:\\\/\\\/asociacionutzche.org\\\/#website\"},\"datePublished\":\"2025-07-15T20:57:21+00:00\",\"dateModified\":\"2025-07-15T20:57:26+00:00\",\"description\":\"Parcialidad Ajpacaj\u00e1 es una organizaci\u00f3n ancestral maya en Guatemala basada en la gesti\u00f3n forestal comunitaria\",\"breadcrumb\":{\"@id\":\"https:\\\/\\\/asociacionutzche.org\\\/parcialidad-ajpacaja\\\/#breadcrumb\"},\"inLanguage\":\"en-US\",\"potentialAction\":[{\"@type\":\"ReadAction\",\"target\":[\"https:\\\/\\\/asociacionutzche.org\\\/parcialidad-ajpacaja\\\/\"]}]},{\"@type\":\"BreadcrumbList\",\"@id\":\"https:\\\/\\\/asociacionutzche.org\\\/parcialidad-ajpacaja\\\/#breadcrumb\",\"itemListElement\":[{\"@type\":\"ListItem\",\"position\":1,\"name\":\"Portada\",\"item\":\"https:\\\/\\\/asociacionutzche.org\\\/\"},{\"@type\":\"ListItem\",\"position\":2,\"name\":\"Parcialidad Ajpacaja\u0301\"}]},{\"@type\":\"WebSite\",\"@id\":\"https:\\\/\\\/asociacionutzche.org\\\/#website\",\"url\":\"https:\\\/\\\/asociacionutzche.org\\\/\",\"name\":\"Asociaci\u00f3n Utz Che'\",\"description\":\"Asociaci\u00f3n de Forester\u00eda Comunitaria de Guatemala Utz Che&#039;\",\"publisher\":{\"@id\":\"https:\\\/\\\/asociacionutzche.org\\\/#organization\"},\"potentialAction\":[{\"@type\":\"SearchAction\",\"target\":{\"@type\":\"EntryPoint\",\"urlTemplate\":\"https:\\\/\\\/asociacionutzche.org\\\/?s={search_term_string}\"},\"query-input\":{\"@type\":\"PropertyValueSpecification\",\"valueRequired\":true,\"valueName\":\"search_term_string\"}}],\"inLanguage\":\"en-US\"},{\"@type\":\"Organization\",\"@id\":\"https:\\\/\\\/asociacionutzche.org\\\/#organization\",\"name\":\"Asociaci\u00f3n Utz Che'\",\"url\":\"https:\\\/\\\/asociacionutzche.org\\\/\",\"logo\":{\"@type\":\"ImageObject\",\"inLanguage\":\"en-US\",\"@id\":\"https:\\\/\\\/asociacionutzche.org\\\/#\\\/schema\\\/logo\\\/image\\\/\",\"url\":\"https:\\\/\\\/asociacionutzche.org\\\/wp-content\\\/uploads\\\/2013\\\/11\\\/logo_footer.png\",\"contentUrl\":\"https:\\\/\\\/asociacionutzche.org\\\/wp-content\\\/uploads\\\/2013\\\/11\\\/logo_footer.png\",\"width\":200,\"height\":76,\"caption\":\"Asociaci\u00f3n Utz Che'\"},\"image\":{\"@id\":\"https:\\\/\\\/asociacionutzche.org\\\/#\\\/schema\\\/logo\\\/image\\\/\"}}]}<\/script>\n<!-- \/ Yoast SEO plugin. -->","yoast_head_json":{"title":"Parcialidad Ajpacaja\u0301 - Asociaci\u00f3n Utz Che&#039;","description":"Parcialidad Ajpacaj\u00e1 es una organizaci\u00f3n ancestral maya en Guatemala basada en la gesti\u00f3n forestal comunitaria","robots":{"index":"index","follow":"follow","max-snippet":"max-snippet:-1","max-image-preview":"max-image-preview:large","max-video-preview":"max-video-preview:-1"},"canonical":"https:\/\/asociacionutzche.org\/en\/parcialidad-ajpacaja\/","og_locale":"en_US","og_type":"article","og_title":"Parcialidad Ajpacaja\u0301 - Asociaci\u00f3n Utz Che&#039;","og_description":"Parcialidad Ajpacaj\u00e1 es una organizaci\u00f3n ancestral maya en Guatemala basada en la gesti\u00f3n forestal comunitaria","og_url":"https:\/\/asociacionutzche.org\/en\/parcialidad-ajpacaja\/","og_site_name":"Asociaci\u00f3n Utz Che&#039;","article_modified_time":"2025-07-15T20:57:26+00:00","twitter_card":"summary_large_image","twitter_misc":{"Est. reading time":"2 minutes"},"schema":{"@context":"https:\/\/schema.org","@graph":[{"@type":"WebPage","@id":"https:\/\/asociacionutzche.org\/parcialidad-ajpacaja\/","url":"https:\/\/asociacionutzche.org\/parcialidad-ajpacaja\/","name":"Parcialidad Ajpacaja\u0301 - Asociaci\u00f3n Utz Che&#039;","isPartOf":{"@id":"https:\/\/asociacionutzche.org\/#website"},"datePublished":"2025-07-15T20:57:21+00:00","dateModified":"2025-07-15T20:57:26+00:00","description":"Parcialidad Ajpacaj\u00e1 es una organizaci\u00f3n ancestral maya en Guatemala basada en la gesti\u00f3n forestal comunitaria","breadcrumb":{"@id":"https:\/\/asociacionutzche.org\/parcialidad-ajpacaja\/#breadcrumb"},"inLanguage":"en-US","potentialAction":[{"@type":"ReadAction","target":["https:\/\/asociacionutzche.org\/parcialidad-ajpacaja\/"]}]},{"@type":"BreadcrumbList","@id":"https:\/\/asociacionutzche.org\/parcialidad-ajpacaja\/#breadcrumb","itemListElement":[{"@type":"ListItem","position":1,"name":"Portada","item":"https:\/\/asociacionutzche.org\/"},{"@type":"ListItem","position":2,"name":"Parcialidad Ajpacaja\u0301"}]},{"@type":"WebSite","@id":"https:\/\/asociacionutzche.org\/#website","url":"https:\/\/asociacionutzche.org\/","name":"Asociaci\u00f3n Utz Che'","description":"Asociaci\u00f3n de Forester\u00eda Comunitaria de Guatemala Utz Che&#039;","publisher":{"@id":"https:\/\/asociacionutzche.org\/#organization"},"potentialAction":[{"@type":"SearchAction","target":{"@type":"EntryPoint","urlTemplate":"https:\/\/asociacionutzche.org\/?s={search_term_string}"},"query-input":{"@type":"PropertyValueSpecification","valueRequired":true,"valueName":"search_term_string"}}],"inLanguage":"en-US"},{"@type":"Organization","@id":"https:\/\/asociacionutzche.org\/#organization","name":"Asociaci\u00f3n Utz Che'","url":"https:\/\/asociacionutzche.org\/","logo":{"@type":"ImageObject","inLanguage":"en-US","@id":"https:\/\/asociacionutzche.org\/#\/schema\/logo\/image\/","url":"https:\/\/asociacionutzche.org\/wp-content\/uploads\/2013\/11\/logo_footer.png","contentUrl":"https:\/\/asociacionutzche.org\/wp-content\/uploads\/2013\/11\/logo_footer.png","width":200,"height":76,"caption":"Asociaci\u00f3n Utz Che'"},"image":{"@id":"https:\/\/asociacionutzche.org\/#\/schema\/logo\/image\/"}}]}},"_links":{"self":[{"href":"https:\/\/asociacionutzche.org\/en\/wp-json\/wp\/v2\/pages\/3814","targetHints":{"allow":["GET"]}}],"collection":[{"href":"https:\/\/asociacionutzche.org\/en\/wp-json\/wp\/v2\/pages"}],"about":[{"href":"https:\/\/asociacionutzche.org\/en\/wp-json\/wp\/v2\/types\/page"}],"author":[{"embeddable":true,"href":"https:\/\/asociacionutzche.org\/en\/wp-json\/wp\/v2\/users\/9"}],"replies":[{"embeddable":true,"href":"https:\/\/asociacionutzche.org\/en\/wp-json\/wp\/v2\/comments?post=3814"}],"version-history":[{"count":1,"href":"https:\/\/asociacionutzche.org\/en\/wp-json\/wp\/v2\/pages\/3814\/revisions"}],"predecessor-version":[{"id":3815,"href":"https:\/\/asociacionutzche.org\/en\/wp-json\/wp\/v2\/pages\/3814\/revisions\/3815"}],"wp:attachment":[{"href":"https:\/\/asociacionutzche.org\/en\/wp-json\/wp\/v2\/media?parent=3814"}],"curies":[{"name":"wp","href":"https:\/\/api.w.org\/{rel}","templated":true}]}}