{"id":3561,"date":"2021-04-12T18:19:22","date_gmt":"2021-04-12T18:19:22","guid":{"rendered":"https:\/\/asociacionutzche.org\/?page_id=3561"},"modified":"2025-06-11T16:21:26","modified_gmt":"2025-06-11T16:21:26","slug":"descargas","status":"publish","type":"page","link":"https:\/\/asociacionutzche.org\/en\/descargas\/","title":{"rendered":"Documents"},"content":{"rendered":"<div class=\"wpb-content-wrapper\"><div class=\"vc_row wpb_row vc_row-fluid\" style=\"color: ;}\" ><div class=\"wpb_column vc_column_container vc_col-sm-12\"><div class=\"vc_column-inner\"><div class=\"wpb_wrapper\">\n\t<div class=\"wpb_text_column wpb_content_element\" >\n\t\t<div class=\"wpb_wrapper\">\n\t\t\t<div style=\"text-align: center;\"><a href=\"https:\/\/asociacionutzche.org\/wp-content\/uploads\/2019\/12\/Boleti\u0301n-Cuatrimestral-UTZ-CHE-Vista-libro-abierto-2.pdf\">Bolet\u00ednUtzChePrimeroCuatrimestrialA\u00f1o2025<\/a><\/div>\n<div style=\"text-align: center;\"><a class=\"wp-block-file__button\" href=\"https:\/\/asociacionutzche.org\/wp-content\/uploads\/2019\/12\/Boleti\u0301n-Cuatrimestral-UTZ-CHE-Vista-libro-abierto-2.pdf\" download=\"\">Descarga<\/a><\/div>\n<div>\u00a0<\/div>\n<div class=\"wp-block-file\"><a href=\"https:\/\/asociacionutzche.org\/wp-content\/uploads\/2022\/10\/BoletinUtzCheNo6Anio2.pdf\">Bolet\u00ednUtzCheNo6A\u00f1o2022<\/a><a class=\"wp-block-file__button\" href=\"https:\/\/asociacionutzche.org\/wp-content\/uploads\/2022\/10\/BoletinUtzCheNo6Anio2.pdf\" download=\"\">Descarga<\/a><\/div>\n<p><!-- \/wp:post-content --><\/p>\n<p>\u00a0<\/p>\n<p><!-- wp:file {\"id\":3580,\"href\":\"https:\/\/asociacionutzche.org\/wp-content\/uploads\/2021\/07\/BoletinUtzCheNo2_2021.pdf\"} --><\/p>\n<div class=\"wp-block-file\"><a href=\"https:\/\/asociacionutzche.org\/wp-content\/uploads\/2021\/07\/BoletinUtzCheNo2_2021.pdf\">BoletinUtzCheNo2A\u00f1o2021<\/a><a class=\"wp-block-file__button\" href=\"https:\/\/asociacionutzche.org\/wp-content\/uploads\/2021\/07\/BoletinUtzCheNo2_2021.pdf\" download=\"\">Descarga<\/a><\/div>\n<p><!-- \/wp:file --><\/p>\n<p>\u00a0<\/p>\n<p><!-- wp:file {\"id\":3596,\"href\":\"https:\/\/asociacionutzche.org\/wp-content\/uploads\/2021\/10\/BoletinUtzCheNo3Ano1.pdf\"} --><\/p>\n<div class=\"wp-block-file\"><a href=\"https:\/\/asociacionutzche.org\/wp-content\/uploads\/2021\/10\/BoletinUtzCheNo3Ano1.pdf\">Bolet\u00ednUtzCheNo3A\u00f1o1<\/a><a class=\"wp-block-file__button\" href=\"https:\/\/asociacionutzche.org\/wp-content\/uploads\/2021\/10\/BoletinUtzCheNo3Ano1.pdf\" download=\"\">Descarga<\/a><\/div>\n<p><!-- \/wp:file --><\/p>\n<p>\u00a0<\/p>\n<p><!-- wp:file {\"id\":3599,\"href\":\"https:\/\/asociacionutzche.org\/wp-content\/uploads\/2021\/11\/InformeAuditoriaSocial_-LAE.pdf\"} --><\/p>\n<div class=\"wp-block-file\"><a href=\"https:\/\/asociacionutzche.org\/wp-content\/uploads\/2021\/11\/InformeAuditoriaSocial_-LAE.pdf\">InformeAuditoriaSocial_LAE<\/a><a class=\"wp-block-file__button\" href=\"https:\/\/asociacionutzche.org\/wp-content\/uploads\/2021\/11\/InformeAuditoriaSocial_-LAE.pdf\" download=\"\">Descarga<\/a><\/div>\n<p><!-- \/wp:file --><\/p>\n<p>\u00a0<\/p>\n<p><!-- wp:file {\"id\":3613,\"href\":\"https:\/\/asociacionutzche.org\/wp-content\/uploads\/2022\/06\/BoletinUtzCheNo4Anio2.pdf\",\"displayPreview\":false} --><\/p>\n<div class=\"wp-block-file\"><a href=\"https:\/\/asociacionutzche.org\/wp-content\/uploads\/2022\/06\/BoletinUtzCheNo4Anio2.pdf\">BoletinUtzCheNo4Anio2<\/a><a class=\"wp-block-file__button\" href=\"https:\/\/asociacionutzche.org\/wp-content\/uploads\/2022\/06\/BoletinUtzCheNo4Anio2.pdf\" download=\"\">Descarga<\/a><\/div>\n<p><!-- \/wp:file --><\/p>\n<p>\u00a0<\/p>\n<p><!-- wp:file {\"id\":3624,\"href\":\"https:\/\/asociacionutzche.org\/wp-content\/uploads\/2022\/07\/BoletinUtzCheNo5Anio2.pdf\",\"displayPreview\":false} --><\/p>\n<div class=\"wp-block-file\"><a href=\"https:\/\/asociacionutzche.org\/wp-content\/uploads\/2022\/07\/BoletinUtzCheNo5Anio2.pdf\">BoletinUtzCheNo5Anio2<\/a><a class=\"wp-block-file__button\" href=\"https:\/\/asociacionutzche.org\/wp-content\/uploads\/2022\/07\/BoletinUtzCheNo5Anio2.pdf\" download=\"\">Descarga<\/a><\/div>\n<p><!-- \/wp:file --><\/p>\n<p>\u00a0<\/p>\n\n\t\t<\/div>\n\t<\/div>\n<\/div><\/div><\/div><\/div><\/div>","protected":false},"excerpt":{"rendered":"Bolet\u00ednUtzChePrimeroCuatrimestrialA\u00f1o2025 Descarga \u00a0 Bolet\u00ednUtzCheNo6A\u00f1o2022Descarga \u00a0 BoletinUtzCheNo2A\u00f1o2021Descarga \u00a0 Bolet\u00ednUtzCheNo3A\u00f1o1Descarga \u00a0 InformeAuditoriaSocial_LAEDescarga \u00a0 BoletinUtzCheNo4Anio2Descarga \u00a0 BoletinUtzCheNo5Anio2Descarga \u00a0","protected":false},"author":3,"featured_media":0,"parent":0,"menu_order":0,"comment_status":"closed","ping_status":"closed","template":"","meta":{"_bbp_topic_count":0,"_bbp_reply_count":0,"_bbp_total_topic_count":0,"_bbp_total_reply_count":0,"_bbp_voice_count":0,"_bbp_anonymous_reply_count":0,"_bbp_topic_count_hidden":0,"_bbp_reply_count_hidden":0,"_bbp_forum_subforum_count":0,"footnotes":""},"class_list":["post-3561","page","type-page","status-publish","hentry"],"yoast_head":"<!-- This site is optimized with the Yoast SEO plugin v27.5 - https:\/\/yoast.com\/product\/yoast-seo-wordpress\/ -->\n<title>Documentos - Asociaci\u00f3n Utz Che&#039;<\/title>\n<meta name=\"robots\" content=\"index, follow, max-snippet:-1, max-image-preview:large, max-video-preview:-1\" \/>\n<link rel=\"canonical\" href=\"https:\/\/asociacionutzche.org\/en\/descargas\/\" \/>\n<meta property=\"og:locale\" content=\"en_US\" \/>\n<meta property=\"og:type\" content=\"article\" \/>\n<meta property=\"og:title\" content=\"Documentos - Asociaci\u00f3n Utz Che&#039;\" \/>\n<meta property=\"og:url\" content=\"https:\/\/asociacionutzche.org\/en\/descargas\/\" \/>\n<meta property=\"og:site_name\" content=\"Asociaci\u00f3n Utz Che&#039;\" \/>\n<meta property=\"article:modified_time\" content=\"2025-06-11T16:21:26+00:00\" \/>\n<meta name=\"twitter:card\" content=\"summary_large_image\" \/>\n<meta name=\"twitter:label1\" content=\"Est. reading time\" \/>\n\t<meta name=\"twitter:data1\" content=\"1 minute\" \/>\n<script type=\"application\/ld+json\" class=\"yoast-schema-graph\">{\"@context\":\"https:\\\/\\\/schema.org\",\"@graph\":[{\"@type\":\"WebPage\",\"@id\":\"https:\\\/\\\/asociacionutzche.org\\\/descargas\\\/\",\"url\":\"https:\\\/\\\/asociacionutzche.org\\\/descargas\\\/\",\"name\":\"Documentos - Asociaci\u00f3n Utz Che&#039;\",\"isPartOf\":{\"@id\":\"https:\\\/\\\/asociacionutzche.org\\\/#website\"},\"datePublished\":\"2021-04-12T18:19:22+00:00\",\"dateModified\":\"2025-06-11T16:21:26+00:00\",\"breadcrumb\":{\"@id\":\"https:\\\/\\\/asociacionutzche.org\\\/descargas\\\/#breadcrumb\"},\"inLanguage\":\"en-US\",\"potentialAction\":[{\"@type\":\"ReadAction\",\"target\":[\"https:\\\/\\\/asociacionutzche.org\\\/descargas\\\/\"]}]},{\"@type\":\"BreadcrumbList\",\"@id\":\"https:\\\/\\\/asociacionutzche.org\\\/descargas\\\/#breadcrumb\",\"itemListElement\":[{\"@type\":\"ListItem\",\"position\":1,\"name\":\"Portada\",\"item\":\"https:\\\/\\\/asociacionutzche.org\\\/\"},{\"@type\":\"ListItem\",\"position\":2,\"name\":\"Documentos\"}]},{\"@type\":\"WebSite\",\"@id\":\"https:\\\/\\\/asociacionutzche.org\\\/#website\",\"url\":\"https:\\\/\\\/asociacionutzche.org\\\/\",\"name\":\"Asociaci\u00f3n Utz Che'\",\"description\":\"Asociaci\u00f3n de Forester\u00eda Comunitaria de Guatemala Utz Che&#039;\",\"publisher\":{\"@id\":\"https:\\\/\\\/asociacionutzche.org\\\/#organization\"},\"potentialAction\":[{\"@type\":\"SearchAction\",\"target\":{\"@type\":\"EntryPoint\",\"urlTemplate\":\"https:\\\/\\\/asociacionutzche.org\\\/?s={search_term_string}\"},\"query-input\":{\"@type\":\"PropertyValueSpecification\",\"valueRequired\":true,\"valueName\":\"search_term_string\"}}],\"inLanguage\":\"en-US\"},{\"@type\":\"Organization\",\"@id\":\"https:\\\/\\\/asociacionutzche.org\\\/#organization\",\"name\":\"Asociaci\u00f3n Utz Che'\",\"url\":\"https:\\\/\\\/asociacionutzche.org\\\/\",\"logo\":{\"@type\":\"ImageObject\",\"inLanguage\":\"en-US\",\"@id\":\"https:\\\/\\\/asociacionutzche.org\\\/#\\\/schema\\\/logo\\\/image\\\/\",\"url\":\"https:\\\/\\\/asociacionutzche.org\\\/wp-content\\\/uploads\\\/2013\\\/11\\\/logo_footer.png\",\"contentUrl\":\"https:\\\/\\\/asociacionutzche.org\\\/wp-content\\\/uploads\\\/2013\\\/11\\\/logo_footer.png\",\"width\":200,\"height\":76,\"caption\":\"Asociaci\u00f3n Utz Che'\"},\"image\":{\"@id\":\"https:\\\/\\\/asociacionutzche.org\\\/#\\\/schema\\\/logo\\\/image\\\/\"}}]}<\/script>\n<!-- \/ Yoast SEO plugin. -->","yoast_head_json":{"title":"Documentos - Asociaci\u00f3n Utz Che&#039;","robots":{"index":"index","follow":"follow","max-snippet":"max-snippet:-1","max-image-preview":"max-image-preview:large","max-video-preview":"max-video-preview:-1"},"canonical":"https:\/\/asociacionutzche.org\/en\/descargas\/","og_locale":"en_US","og_type":"article","og_title":"Documentos - Asociaci\u00f3n Utz Che&#039;","og_url":"https:\/\/asociacionutzche.org\/en\/descargas\/","og_site_name":"Asociaci\u00f3n Utz Che&#039;","article_modified_time":"2025-06-11T16:21:26+00:00","twitter_card":"summary_large_image","twitter_misc":{"Est. reading time":"1 minute"},"schema":{"@context":"https:\/\/schema.org","@graph":[{"@type":"WebPage","@id":"https:\/\/asociacionutzche.org\/descargas\/","url":"https:\/\/asociacionutzche.org\/descargas\/","name":"Documentos - Asociaci\u00f3n Utz Che&#039;","isPartOf":{"@id":"https:\/\/asociacionutzche.org\/#website"},"datePublished":"2021-04-12T18:19:22+00:00","dateModified":"2025-06-11T16:21:26+00:00","breadcrumb":{"@id":"https:\/\/asociacionutzche.org\/descargas\/#breadcrumb"},"inLanguage":"en-US","potentialAction":[{"@type":"ReadAction","target":["https:\/\/asociacionutzche.org\/descargas\/"]}]},{"@type":"BreadcrumbList","@id":"https:\/\/asociacionutzche.org\/descargas\/#breadcrumb","itemListElement":[{"@type":"ListItem","position":1,"name":"Portada","item":"https:\/\/asociacionutzche.org\/"},{"@type":"ListItem","position":2,"name":"Documentos"}]},{"@type":"WebSite","@id":"https:\/\/asociacionutzche.org\/#website","url":"https:\/\/asociacionutzche.org\/","name":"Asociaci\u00f3n Utz Che'","description":"Asociaci\u00f3n de Forester\u00eda Comunitaria de Guatemala Utz Che&#039;","publisher":{"@id":"https:\/\/asociacionutzche.org\/#organization"},"potentialAction":[{"@type":"SearchAction","target":{"@type":"EntryPoint","urlTemplate":"https:\/\/asociacionutzche.org\/?s={search_term_string}"},"query-input":{"@type":"PropertyValueSpecification","valueRequired":true,"valueName":"search_term_string"}}],"inLanguage":"en-US"},{"@type":"Organization","@id":"https:\/\/asociacionutzche.org\/#organization","name":"Asociaci\u00f3n Utz Che'","url":"https:\/\/asociacionutzche.org\/","logo":{"@type":"ImageObject","inLanguage":"en-US","@id":"https:\/\/asociacionutzche.org\/#\/schema\/logo\/image\/","url":"https:\/\/asociacionutzche.org\/wp-content\/uploads\/2013\/11\/logo_footer.png","contentUrl":"https:\/\/asociacionutzche.org\/wp-content\/uploads\/2013\/11\/logo_footer.png","width":200,"height":76,"caption":"Asociaci\u00f3n Utz Che'"},"image":{"@id":"https:\/\/asociacionutzche.org\/#\/schema\/logo\/image\/"}}]}},"_links":{"self":[{"href":"https:\/\/asociacionutzche.org\/en\/wp-json\/wp\/v2\/pages\/3561","targetHints":{"allow":["GET"]}}],"collection":[{"href":"https:\/\/asociacionutzche.org\/en\/wp-json\/wp\/v2\/pages"}],"about":[{"href":"https:\/\/asociacionutzche.org\/en\/wp-json\/wp\/v2\/types\/page"}],"author":[{"embeddable":true,"href":"https:\/\/asociacionutzche.org\/en\/wp-json\/wp\/v2\/users\/3"}],"replies":[{"embeddable":true,"href":"https:\/\/asociacionutzche.org\/en\/wp-json\/wp\/v2\/comments?post=3561"}],"version-history":[{"count":34,"href":"https:\/\/asociacionutzche.org\/en\/wp-json\/wp\/v2\/pages\/3561\/revisions"}],"predecessor-version":[{"id":3888,"href":"https:\/\/asociacionutzche.org\/en\/wp-json\/wp\/v2\/pages\/3561\/revisions\/3888"}],"wp:attachment":[{"href":"https:\/\/asociacionutzche.org\/en\/wp-json\/wp\/v2\/media?parent=3561"}],"curies":[{"name":"wp","href":"https:\/\/api.w.org\/{rel}","templated":true}]}}