{"id":3400,"date":"2020-09-15T11:56:42","date_gmt":"2020-09-15T11:56:42","guid":{"rendered":"https:\/\/asociacionutzche.org\/?page_id=3400"},"modified":"2026-04-29T20:10:56","modified_gmt":"2026-04-29T20:10:56","slug":"donaciones","status":"publish","type":"page","link":"https:\/\/asociacionutzche.org\/en\/donaciones\/","title":{"rendered":"Donation"},"content":{"rendered":"<div class=\"wpb-content-wrapper\"><div class=\"vc_row wpb_row vc_row-fluid\" style=\"color: ;}\" ><div class=\"wpb_column vc_column_container vc_col-sm-6\"><div class=\"vc_column-inner \"><div class=\"wpb_wrapper\"><h2 style=\"color: #058827;text-align: center;font-family:Molengo;font-weight:400;font-style:normal\" class=\"vc_custom_heading vc_do_custom_heading wpb_animate_when_almost_visible wpb_fadeInRight fadeInRight\" >PROTEGIENDO LA NATURALEZA EN COMUNIDAD.<br \/>\nApoye a pueblos ind\u00edgenas e iniciativas comunitarias<\/h2>\n\t<div class=\"wpb_text_column wpb_content_element\" >\n\t\t<div class=\"wpb_wrapper\">\n\t\t\t<p style=\"text-align: center;\">Por medio de tu donaci\u00f3n colaboras en los procesos de desarrollo comunitario integral de la red Utz Che\u2019 y contribuyes a fortalecer nuestra independencia y sostenibilidad. Tus aportes constituyen una inversi\u00f3n directa en los bosques y sus territorios, as\u00ed como en las comunidades que los habitan y protegen, en beneficio de todas las generaciones futuras.<\/p>\n\n\t\t<\/div>\n\t<\/div>\n<div class=\"vc_btn3-container  wpb_animate_when_almost_visible wpb_slideInUp slideInUp vc_btn3-center vc_do_btn\" ><a onmouseleave=\"this.style.borderColor='#2F9F2E'; this.style.backgroundColor='transparent'; this.style.color='#2F9F2E'\" onmouseenter=\"this.style.borderColor='#2F9F2E'; this.style.backgroundColor='#2F9F2E'; this.style.color='#fff';\" style=\"border-color:#2F9F2E; color:#2F9F2E;\" class=\"vc_general vc_btn3 vc_btn3-size-lg vc_btn3-shape-rounded vc_btn3-style-outline-custom\" href=\"https:\/\/www.zeffy.com\/en-US\/donation-form\/apoye-las-iniciativas-de-la-red-utz-che\" title=\"Donar a la red Utz Che\u2019\">Donar ahora<\/a><\/div><\/div><\/div><\/div><div class=\"wpb_column vc_column_container vc_col-sm-6\"><div class=\"vc_column-inner \"><div class=\"wpb_wrapper\"><div class=\"wpb_images_carousel wpb_content_element vc_clearfix wpb_content_element wpb_animate_when_almost_visible wpb_bottom-to-top bottom-to-top\"><div class=\"wpb_wrapper\"><div id=\"vc_images-carousel-1-1777731929\" data-ride=\"vc_carousel\" data-wrap=\"true\" style=\"width: 600px;\" data-interval=\"4000\" data-auto-height=\"yes\" data-mode=\"horizontal\" data-partial=\"false\" data-per-view=\"1\" data-hide-on-end=\"false\" class=\"vc_slide vc_images_carousel\"><div class=\"vc_carousel-inner\"><div class=\"vc_carousel-slideline\"><div class=\"vc_carousel-slideline-inner\"><div class=\"vc_item\"><div class=\"vc_inner\"><a class=\"\" href=\"https:\/\/asociacionutzche.org\/wp-content\/uploads\/2019\/12\/10-1024x576.jpg\" data-lightbox=\"lightbox[rel-3400-1171989704]\"><img decoding=\"async\" class=\"\" src=\"https:\/\/asociacionutzche.org\/wp-content\/uploads\/2019\/12\/10-600x400.jpg\" width=\"600\" height=\"400\" alt=\"10\" title=\"10\" loading=\"lazy\" \/><\/a><\/div><\/div><div class=\"vc_item\"><div class=\"vc_inner\"><a class=\"\" href=\"https:\/\/asociacionutzche.org\/wp-content\/uploads\/2019\/12\/14-1024x576.jpg\" data-lightbox=\"lightbox[rel-3400-1171989704]\"><img decoding=\"async\" class=\"\" src=\"https:\/\/asociacionutzche.org\/wp-content\/uploads\/2019\/12\/14-600x400.jpg\" width=\"600\" height=\"400\" alt=\"Gallinero comunidad economia comunitaria\" title=\"Gallinero comunidad economia comunitaria\" loading=\"lazy\" \/><\/a><\/div><\/div><div class=\"vc_item\"><div class=\"vc_inner\"><a class=\"\" href=\"https:\/\/asociacionutzche.org\/wp-content\/uploads\/2019\/12\/11-1024x576.jpg\" data-lightbox=\"lightbox[rel-3400-1171989704]\"><img decoding=\"async\" class=\"\" src=\"https:\/\/asociacionutzche.org\/wp-content\/uploads\/2019\/12\/11-600x400.jpg\" width=\"600\" height=\"400\" alt=\"Escuela foresteria comunitaria titulados\" title=\"Escuela foresteria comunitaria titulados\" loading=\"lazy\" \/><\/a><\/div><\/div><div class=\"vc_item\"><div class=\"vc_inner\"><a class=\"\" href=\"https:\/\/asociacionutzche.org\/wp-content\/uploads\/2019\/12\/13-1024x576.jpg\" data-lightbox=\"lightbox[rel-3400-1171989704]\"><img decoding=\"async\" class=\"\" src=\"https:\/\/asociacionutzche.org\/wp-content\/uploads\/2019\/12\/13-600x400.jpg\" width=\"600\" height=\"400\" alt=\"Taller nutricion consumo sano\" title=\"Taller nutricion consumo sano\" loading=\"lazy\" \/><\/a><\/div><\/div><div class=\"vc_item\"><div class=\"vc_inner\"><a class=\"\" href=\"https:\/\/asociacionutzche.org\/wp-content\/uploads\/2019\/12\/12-1024x576.jpg\" data-lightbox=\"lightbox[rel-3400-1171989704]\"><img decoding=\"async\" class=\"\" src=\"https:\/\/asociacionutzche.org\/wp-content\/uploads\/2019\/12\/12-600x400.jpg\" width=\"600\" height=\"400\" alt=\"Inventario semillas comunitaria\" title=\"Inventario semillas comunitaria\" loading=\"lazy\" \/><\/a><\/div><\/div><div class=\"vc_item\"><div class=\"vc_inner\"><a class=\"\" href=\"https:\/\/asociacionutzche.org\/wp-content\/uploads\/2026\/03\/documental-3-1024x682.jpg\" data-lightbox=\"lightbox[rel-3400-1171989704]\"><img decoding=\"async\" class=\"\" src=\"https:\/\/asociacionutzche.org\/wp-content\/uploads\/2026\/03\/documental-3-600x400.jpg\" width=\"600\" height=\"400\" alt=\"documental 3\" title=\"documental 3\" loading=\"lazy\" \/><\/a><\/div><\/div><\/div><\/div><\/div><\/div><\/div><\/div><\/div><\/div><\/div><\/div><div class=\"vc_row wpb_row vc_row-fluid\" style=\"color: ;}\" ><div class=\"wpb_column vc_column_container vc_col-sm-12\"><div class=\"vc_column-inner \"><div class=\"wpb_wrapper\"><div class=\"vc_separator wpb_content_element vc_separator_align_center vc_sep_width_100 vc_sep_border_width_3 vc_sep_pos_align_center vc_separator_no_text wpb_content_element  wpb_content_element\" ><span class=\"vc_sep_holder vc_sep_holder_l\"><span style=\"border-color:#0F7B14;\" class=\"vc_sep_line\"><\/span><\/span><span class=\"vc_sep_holder vc_sep_holder_r\"><span style=\"border-color:#0F7B14;\" class=\"vc_sep_line\"><\/span><\/span>\n<\/div><\/div><\/div><\/div><\/div><div class=\"vc_row wpb_row vc_row-fluid\" style=\"color: ;}\" ><div class=\"wpb_column vc_column_container vc_col-sm-6\"><div class=\"vc_column-inner \"><div class=\"wpb_wrapper\"><div class=\"wpb_images_carousel wpb_content_element vc_clearfix wpb_content_element\"><div class=\"wpb_wrapper\"><div id=\"vc_images-carousel-2-1777731929\" data-ride=\"vc_carousel\" data-wrap=\"true\" style=\"width: 500px;\" data-interval=\"4000\" data-auto-height=\"yes\" data-mode=\"horizontal\" data-partial=\"false\" data-per-view=\"1\" data-hide-on-end=\"false\" class=\"vc_slide vc_images_carousel\"><div class=\"vc_carousel-inner\"><div class=\"vc_carousel-slideline\"><div class=\"vc_carousel-slideline-inner\"><div class=\"vc_item\"><div class=\"vc_inner\"><img decoding=\"async\" class=\"\" src=\"https:\/\/asociacionutzche.org\/wp-content\/uploads\/2019\/12\/DSC_1535-scaled-500x300.jpg\" width=\"500\" height=\"300\" alt=\"DSC_1535\" title=\"DSC_1535\" loading=\"lazy\" \/><\/div><\/div><div class=\"vc_item\"><div class=\"vc_inner\"><img decoding=\"async\" class=\"\" src=\"https:\/\/asociacionutzche.org\/wp-content\/uploads\/2019\/12\/DSC_1509-scaled-500x300.jpg\" width=\"500\" height=\"300\" alt=\"DSC_1509\" title=\"DSC_1509\" loading=\"lazy\" \/><\/div><\/div><div class=\"vc_item\"><div class=\"vc_inner\"><img decoding=\"async\" class=\"\" src=\"https:\/\/asociacionutzche.org\/wp-content\/uploads\/2019\/12\/DSC_1444-scaled-500x300.jpg\" width=\"500\" height=\"300\" alt=\"DSC_1444\" title=\"DSC_1444\" loading=\"lazy\" \/><\/div><\/div><div class=\"vc_item\"><div class=\"vc_inner\"><img decoding=\"async\" class=\"\" src=\"https:\/\/asociacionutzche.org\/wp-content\/uploads\/2019\/12\/DSC_1443-scaled-500x300.jpg\" width=\"500\" height=\"300\" alt=\"DSC_1443\" title=\"DSC_1443\" loading=\"lazy\" \/><\/div><\/div><div class=\"vc_item\"><div class=\"vc_inner\"><img decoding=\"async\" class=\"\" src=\"https:\/\/asociacionutzche.org\/wp-content\/uploads\/2019\/12\/DSC_0147-scaled-500x300.jpg\" width=\"500\" height=\"300\" alt=\"DSC_0147\" title=\"DSC_0147\" loading=\"lazy\" \/><\/div><\/div><\/div><\/div><\/div><\/div><\/div><\/div><\/div><\/div><\/div><div class=\"wpb_column vc_column_container vc_col-sm-6\"><div class=\"vc_column-inner \"><div class=\"wpb_wrapper\"><h2 style=\"color: #058827;text-align: center;font-family:Molengo;font-weight:400;font-style:normal\" class=\"vc_custom_heading vc_do_custom_heading wpb_animate_when_almost_visible wpb_slideInRight slideInRight\" >Campa\u00f1a \"Desarrollamos la PECESITA\"<\/h2>\n\t<div class=\"wpb_text_column wpb_content_element\" >\n\t\t<div class=\"wpb_wrapper\">\n\t\t\t<p><span style=\"font-family: tahoma, arial, helvetica, sans-serif;\">La <strong>Propuesta Educativa para la Conservaci\u00f3n del Ecosistema, la Salud Integral y la Transici\u00f3n Agroecol\u00f3gica (PECESITA)\u00a0<\/strong>promueve la producci\u00f3n agroecol\u00f3gica, el ecoturismo, la forester\u00eda comunitaria y la defensa de los territorios y derechos ind\u00edgenas, con el objetivo de fomentar la innovaci\u00f3n en materia de autonom\u00eda y sostenibilidad, respetando y valorando las tradiciones.<\/span><\/p>\n\n\t\t<\/div>\n\t<\/div>\n<div class=\"vc_btn3-container  wpb_animate_when_almost_visible wpb_slideInUp slideInUp vc_btn3-center vc_do_btn\" ><a onmouseleave=\"this.style.borderColor='#2F9F2E'; this.style.backgroundColor='transparent'; this.style.color='#2F9F2E'\" onmouseenter=\"this.style.borderColor='#2F9F2E'; this.style.backgroundColor='#2F9F2E'; this.style.color='#fff';\" style=\"border-color:#2F9F2E; color:#2F9F2E;\" class=\"vc_general vc_btn3 vc_btn3-size-md vc_btn3-shape-rounded vc_btn3-style-outline-custom\" href=\"https:\/\/www.zeffy.com\/en-US\/donation-form\/juntos-desarrollamos-la-pecesita\" title=\"\">Donar a la PECESITA<\/a><\/div><\/div><\/div><\/div><\/div><div class=\"vc_row wpb_row vc_row-fluid\" style=\"color: ;}\" ><div class=\"wpb_column vc_column_container vc_col-sm-12\"><div class=\"vc_column-inner \"><div class=\"wpb_wrapper\"><div class=\"vc_separator wpb_content_element vc_separator_align_center vc_sep_width_100 vc_sep_border_width_3 vc_sep_pos_align_center vc_separator_no_text wpb_content_element  wpb_content_element\" ><span class=\"vc_sep_holder vc_sep_holder_l\"><span style=\"border-color:#0F7B14;\" class=\"vc_sep_line\"><\/span><\/span><span class=\"vc_sep_holder vc_sep_holder_r\"><span style=\"border-color:#0F7B14;\" class=\"vc_sep_line\"><\/span><\/span>\n<\/div><\/div><\/div><\/div><\/div><div class=\"vc_row wpb_row vc_row-fluid\" style=\"color: ;}\" ><div class=\"wpb_column vc_column_container vc_col-sm-6\"><div class=\"vc_column-inner \"><div class=\"wpb_wrapper\"><h2 style=\"color: #058827;text-align: center;font-family:Molengo;font-weight:400;font-style:normal\" class=\"vc_custom_heading vc_do_custom_heading wpb_animate_when_almost_visible wpb_fadeInRight fadeInRight\" >Campa\u00f1a \"Manos Unidas por el Futuro de La Nueva Trinidad\"<\/h2>\n\t<div class=\"wpb_text_column wpb_content_element\" >\n\t\t<div class=\"wpb_wrapper\">\n\t\t\t<p data-start=\"174\" data-end=\"421\">La Comunidad Ind\u00edgena Nueva Trinidad, integrada por 163 familias de pueblos Maya Popti\u2019, Mam y Q\u2019anjob\u2019al, lucha desde 2018 por una reubicaci\u00f3n digna. La erupci\u00f3n del volc\u00e1n afect\u00f3 severamente su territorio, declarado inhabitable por el Estado. Aun as\u00ed, las familias contin\u00faan trabajando la tierra como forma de subsistencia.<\/p>\n<p data-start=\"174\" data-end=\"421\">El fondo comunitario <strong data-start=\"561\" data-end=\"611\">\u201cManos Unidas por el Futuro de Nueva Trinidad\u201d<\/strong> busca reunir recursos para identificar y adquirir un nuevo territorio seguro, con certeza jur\u00eddica, que permita a las familias reconstruir su futuro colectivo.<\/p>\n\n\t\t<\/div>\n\t<\/div>\n<div class=\"vc_btn3-container  wpb_animate_when_almost_visible wpb_slideInUp slideInUp vc_btn3-center vc_do_btn\" ><a onmouseleave=\"this.style.borderColor='#2F9F2E'; this.style.backgroundColor='transparent'; this.style.color='#2F9F2E'\" onmouseenter=\"this.style.borderColor='#2F9F2E'; this.style.backgroundColor='#2F9F2E'; this.style.color='#fff';\" style=\"border-color:#2F9F2E; color:#2F9F2E;\" class=\"vc_general vc_btn3 vc_btn3-size-md vc_btn3-shape-rounded vc_btn3-style-outline-custom\" href=\"https:\/\/www.zeffy.com\/en-US\/donation-form\/reubicamos-la-comunidad-indigena-nueva-trinidad\" title=\"Donar para la re\u00fabicaci\u00f3n de la Comunidad Indigena Nueva Trinidad\">Donar para la Comunidad Indigena Nueva Trinidad<\/a><\/div><\/div><\/div><\/div><div class=\"wpb_column vc_column_container vc_col-sm-6\"><div class=\"vc_column-inner \"><div class=\"wpb_wrapper\">\n\t\t<div class=\"wpb_wrapper\"><div class=\"wd-video-box\"><div class=\"wpb_video_wrapper  text-left\"><iframe loading=\"lazy\" title=\"Resurgiendo de las Cenizas.\" width=\"625\" height=\"352\" src=\"https:\/\/www.youtube.com\/embed\/JlGZfXGpBJ4?feature=oembed\" frameborder=\"0\" allow=\"accelerometer; autoplay; clipboard-write; encrypted-media; gyroscope; picture-in-picture; web-share\" referrerpolicy=\"strict-origin-when-cross-origin\" allowfullscreen><\/iframe><\/div><\/div>\n\t\t<\/div> <div class=\"vc_btn3-container  wpb_animate_when_almost_visible wpb_slideInUp slideInUp vc_btn3-center vc_custom_1774993068758 vc_do_btn\" ><a onmouseleave=\"this.style.borderColor='#2F9F2E'; this.style.backgroundColor='transparent'; this.style.color='#2F9F2E'\" onmouseenter=\"this.style.borderColor='#2F9F2E'; this.style.backgroundColor='#2F9F2E'; this.style.color='#fff';\" style=\"border-color:#2F9F2E; color:#2F9F2E;\" class=\"vc_general vc_btn3 vc_btn3-size-md vc_btn3-shape-rounded vc_btn3-style-outline-custom\" href=\"https:\/\/asociacionutzche.org\/cooperativa-agricola-integral-union-huista-r-l\/\" title=\"Conocer m\u00e1s a la Nueva Trinidad\">Conocer m\u00e1s a la Nueva Trinidad<\/a><\/div><\/div><\/div><\/div><\/div><div class=\"vc_row wpb_row vc_row-fluid\" style=\"color: ;}\" ><div class=\"wpb_column vc_column_container vc_col-sm-12\"><div class=\"vc_column-inner \"><div class=\"wpb_wrapper\"><div class=\"vc_separator wpb_content_element vc_separator_align_center vc_sep_width_100 vc_sep_border_width_3 vc_sep_pos_align_center vc_separator_no_text wpb_content_element  wpb_content_element\" ><span class=\"vc_sep_holder vc_sep_holder_l\"><span style=\"border-color:#0F7B14;\" class=\"vc_sep_line\"><\/span><\/span><span class=\"vc_sep_holder vc_sep_holder_r\"><span style=\"border-color:#0F7B14;\" class=\"vc_sep_line\"><\/span><\/span>\n<\/div><\/div><\/div><\/div><\/div><div class=\"vc_row wpb_row vc_row-fluid\" style=\"color: ;}\" ><div class=\"wpb_column vc_column_container vc_col-sm-12\"><div class=\"vc_column-inner \"><div class=\"wpb_wrapper\">\n\t<div class=\"wpb_text_column wpb_content_element\" >\n\t\t<div class=\"wpb_wrapper\">\n\t\t\t<p style=\"text-align: center;\"><span style=\"font-size: 10pt;\"><em>Para facilitar la recaudaci\u00f3n de fondos, colaboramos con nuestro socio Trees, Water and People en Estados Unidos a trav\u00e9s de la plataforma ZEFFY. Las donaciones a nuestra red son seguras y respetan su privacidad. Contamos con el certificado de equivalencia de NGOsource, que nos reconoce como una organizaci\u00f3n equivalente a una entidad sin fines de lucro seg\u00fan las normas internacionales, Sus donaciones son deducibles de impuestos en la medida en que lo permite la ley 501(c) mediante un recibo enviado a su correo electr\u00f3nico.<\/em><\/span><\/p>\n\n\t\t<\/div>\n\t<\/div>\n<\/div><\/div><\/div><\/div><div class=\"vc_row wpb_row vc_row-fluid\" style=\"color: ;}\" ><div class=\"wpb_column vc_column_container vc_col-sm-6\"><div class=\"vc_column-inner \"><div class=\"wpb_wrapper\">\n\t<div class=\"wpb_text_column wpb_content_element\" >\n\t\t<div class=\"wpb_wrapper\">\n\t\t\t<p style=\"text-align: center;\"><span style=\"font-size: 10pt;\">Si desea hacer una donaci\u00f3n de otra forma o necesita m\u00e1s informaci\u00f3n:<\/span><\/p>\n\n\t\t<\/div>\n\t<\/div>\n<div class=\"vc_btn3-container  wpb_animate_when_almost_visible wpb_fadeInUp fadeInUp vc_btn3-center vc_do_btn\" ><a style=\"background-color:#1B872F; color:#FFFFFF;\" class=\"vc_general vc_btn3 vc_btn3-size-md vc_btn3-shape-rounded vc_btn3-style-custom\" href=\"https:\/\/asociacionutzche.org\/contactenos\/\" title=\"Cont\u00e1ctenos\">Cont\u00e1ctenos<\/a><\/div><\/div><\/div><\/div><div class=\"wpb_column vc_column_container vc_col-sm-6\"><div class=\"vc_column-inner \"><div class=\"wpb_wrapper\">\n\t<div class=\"wpb_text_column wpb_content_element\" >\n\t\t<div class=\"wpb_wrapper\">\n\t\t\t<p style=\"text-align: center;\"><span class=\"a_GcMg font-feature-liga-off font-feature-clig-off font-feature-calt-off text-decoration-none text-strikethrough-none\" style=\"font-size: 10pt;\">Ver m\u00e1s sobre nuestras acciones e iniciativas:<\/span><\/p>\n\n\t\t<\/div>\n\t<\/div>\n<div class=\"vc_btn3-container  wpb_animate_when_almost_visible wpb_fadeInUp fadeInUp vc_btn3-center vc_do_btn\" ><a style=\"background-color:#1B872F; color:#FFFFFF;\" class=\"vc_general vc_btn3 vc_btn3-size-md vc_btn3-shape-rounded vc_btn3-style-custom\" href=\"https:\/\/drive.google.com\/file\/d\/11fOKFT5WNkYoEa01ZlGIeDuMyWYnGwLR\/view?usp=sharing\" title=\"Memoria de Labores 2024\" target=\"_blank\">Memoria de Labores 2024<\/a><\/div><\/div><\/div><\/div><\/div>\n<\/div>","protected":false},"excerpt":{"rendered":"PROTEGIENDO LA NATURALEZA EN COMUNIDAD. Apoye a pueblos ind\u00edgenas e iniciativas comunitarias Por medio de tu donaci\u00f3n colaboras en los procesos de desarrollo comunitario integral de la red Utz Che' y contribuyes a fortalecer nuestra independencia y sostenibilidad. Tus aportes constituyen una inversi\u00f3n directa en los bosques y sus territorios, as\u00ed como en las comunidades [...]","protected":false},"author":1,"featured_media":0,"parent":0,"menu_order":0,"comment_status":"closed","ping_status":"closed","template":"page-template\/full-height-sections.php","meta":{"_bbp_topic_count":0,"_bbp_reply_count":0,"_bbp_total_topic_count":0,"_bbp_total_reply_count":0,"_bbp_voice_count":0,"_bbp_anonymous_reply_count":0,"_bbp_topic_count_hidden":0,"_bbp_reply_count_hidden":0,"_bbp_forum_subforum_count":0,"footnotes":""},"class_list":["post-3400","page","type-page","status-publish","hentry"],"yoast_head":"<!-- This site is optimized with the Yoast SEO plugin v27.5 - https:\/\/yoast.com\/product\/yoast-seo-wordpress\/ -->\n<title>Donar a Utz Che\u2019 \u2013 Proyectos comunitarios y pueblos indigenas<\/title>\n<meta name=\"description\" content=\"Donar a Utz Che\u2019 \u2013 Proyectos comunitarios y pueblos indigenas que protegen la biodiversidad y el medioambiente\" \/>\n<meta name=\"robots\" content=\"index, follow, max-snippet:-1, max-image-preview:large, max-video-preview:-1\" \/>\n<link rel=\"canonical\" href=\"https:\/\/asociacionutzche.org\/en\/donaciones\/\" \/>\n<meta property=\"og:locale\" content=\"en_US\" \/>\n<meta property=\"og:type\" content=\"article\" \/>\n<meta property=\"og:title\" content=\"Donar a Utz Che\u2019 \u2013 Proyectos comunitarios y pueblos indigenas\" \/>\n<meta property=\"og:description\" content=\"Donar a Utz Che\u2019 \u2013 Proyectos comunitarios y pueblos indigenas que protegen la biodiversidad y el medioambiente\" \/>\n<meta property=\"og:url\" content=\"https:\/\/asociacionutzche.org\/en\/donaciones\/\" \/>\n<meta property=\"og:site_name\" content=\"Asociaci\u00f3n Utz Che&#039;\" \/>\n<meta property=\"article:modified_time\" content=\"2026-04-29T20:10:56+00:00\" \/>\n<meta name=\"twitter:card\" content=\"summary_large_image\" \/>\n<meta name=\"twitter:label1\" content=\"Est. reading time\" \/>\n\t<meta name=\"twitter:data1\" content=\"3 minutes\" \/>\n<script type=\"application\/ld+json\" class=\"yoast-schema-graph\">{\"@context\":\"https:\\\/\\\/schema.org\",\"@graph\":[{\"@type\":\"WebPage\",\"@id\":\"https:\\\/\\\/asociacionutzche.org\\\/donaciones\\\/\",\"url\":\"https:\\\/\\\/asociacionutzche.org\\\/donaciones\\\/\",\"name\":\"Donar a Utz Che\u2019 \u2013 Proyectos comunitarios y pueblos indigenas\",\"isPartOf\":{\"@id\":\"https:\\\/\\\/asociacionutzche.org\\\/#website\"},\"datePublished\":\"2020-09-15T11:56:42+00:00\",\"dateModified\":\"2026-04-29T20:10:56+00:00\",\"description\":\"Donar a Utz Che\u2019 \u2013 Proyectos comunitarios y pueblos indigenas que protegen la biodiversidad y el medioambiente\",\"breadcrumb\":{\"@id\":\"https:\\\/\\\/asociacionutzche.org\\\/donaciones\\\/#breadcrumb\"},\"inLanguage\":\"en-US\",\"potentialAction\":[{\"@type\":\"ReadAction\",\"target\":[\"https:\\\/\\\/asociacionutzche.org\\\/donaciones\\\/\"]}]},{\"@type\":\"BreadcrumbList\",\"@id\":\"https:\\\/\\\/asociacionutzche.org\\\/donaciones\\\/#breadcrumb\",\"itemListElement\":[{\"@type\":\"ListItem\",\"position\":1,\"name\":\"Portada\",\"item\":\"https:\\\/\\\/asociacionutzche.org\\\/\"},{\"@type\":\"ListItem\",\"position\":2,\"name\":\"Donaciones\"}]},{\"@type\":\"WebSite\",\"@id\":\"https:\\\/\\\/asociacionutzche.org\\\/#website\",\"url\":\"https:\\\/\\\/asociacionutzche.org\\\/\",\"name\":\"Asociaci\u00f3n Utz Che'\",\"description\":\"Asociaci\u00f3n de Forester\u00eda Comunitaria de Guatemala Utz Che&#039;\",\"publisher\":{\"@id\":\"https:\\\/\\\/asociacionutzche.org\\\/#organization\"},\"potentialAction\":[{\"@type\":\"SearchAction\",\"target\":{\"@type\":\"EntryPoint\",\"urlTemplate\":\"https:\\\/\\\/asociacionutzche.org\\\/?s={search_term_string}\"},\"query-input\":{\"@type\":\"PropertyValueSpecification\",\"valueRequired\":true,\"valueName\":\"search_term_string\"}}],\"inLanguage\":\"en-US\"},{\"@type\":\"Organization\",\"@id\":\"https:\\\/\\\/asociacionutzche.org\\\/#organization\",\"name\":\"Asociaci\u00f3n Utz Che'\",\"url\":\"https:\\\/\\\/asociacionutzche.org\\\/\",\"logo\":{\"@type\":\"ImageObject\",\"inLanguage\":\"en-US\",\"@id\":\"https:\\\/\\\/asociacionutzche.org\\\/#\\\/schema\\\/logo\\\/image\\\/\",\"url\":\"https:\\\/\\\/asociacionutzche.org\\\/wp-content\\\/uploads\\\/2013\\\/11\\\/logo_footer.png\",\"contentUrl\":\"https:\\\/\\\/asociacionutzche.org\\\/wp-content\\\/uploads\\\/2013\\\/11\\\/logo_footer.png\",\"width\":200,\"height\":76,\"caption\":\"Asociaci\u00f3n Utz Che'\"},\"image\":{\"@id\":\"https:\\\/\\\/asociacionutzche.org\\\/#\\\/schema\\\/logo\\\/image\\\/\"}}]}<\/script>\n<!-- \/ Yoast SEO plugin. -->","yoast_head_json":{"title":"Donar a Utz Che\u2019 \u2013 Proyectos comunitarios y pueblos indigenas","description":"Donar a Utz Che\u2019 \u2013 Proyectos comunitarios y pueblos indigenas que protegen la biodiversidad y el medioambiente","robots":{"index":"index","follow":"follow","max-snippet":"max-snippet:-1","max-image-preview":"max-image-preview:large","max-video-preview":"max-video-preview:-1"},"canonical":"https:\/\/asociacionutzche.org\/en\/donaciones\/","og_locale":"en_US","og_type":"article","og_title":"Donar a Utz Che\u2019 \u2013 Proyectos comunitarios y pueblos indigenas","og_description":"Donar a Utz Che\u2019 \u2013 Proyectos comunitarios y pueblos indigenas que protegen la biodiversidad y el medioambiente","og_url":"https:\/\/asociacionutzche.org\/en\/donaciones\/","og_site_name":"Asociaci\u00f3n Utz Che&#039;","article_modified_time":"2026-04-29T20:10:56+00:00","twitter_card":"summary_large_image","twitter_misc":{"Est. reading time":"3 minutes"},"schema":{"@context":"https:\/\/schema.org","@graph":[{"@type":"WebPage","@id":"https:\/\/asociacionutzche.org\/donaciones\/","url":"https:\/\/asociacionutzche.org\/donaciones\/","name":"Donar a Utz Che\u2019 \u2013 Proyectos comunitarios y pueblos indigenas","isPartOf":{"@id":"https:\/\/asociacionutzche.org\/#website"},"datePublished":"2020-09-15T11:56:42+00:00","dateModified":"2026-04-29T20:10:56+00:00","description":"Donar a Utz Che\u2019 \u2013 Proyectos comunitarios y pueblos indigenas que protegen la biodiversidad y el medioambiente","breadcrumb":{"@id":"https:\/\/asociacionutzche.org\/donaciones\/#breadcrumb"},"inLanguage":"en-US","potentialAction":[{"@type":"ReadAction","target":["https:\/\/asociacionutzche.org\/donaciones\/"]}]},{"@type":"BreadcrumbList","@id":"https:\/\/asociacionutzche.org\/donaciones\/#breadcrumb","itemListElement":[{"@type":"ListItem","position":1,"name":"Portada","item":"https:\/\/asociacionutzche.org\/"},{"@type":"ListItem","position":2,"name":"Donaciones"}]},{"@type":"WebSite","@id":"https:\/\/asociacionutzche.org\/#website","url":"https:\/\/asociacionutzche.org\/","name":"Asociaci\u00f3n Utz Che'","description":"Asociaci\u00f3n de Forester\u00eda Comunitaria de Guatemala Utz Che&#039;","publisher":{"@id":"https:\/\/asociacionutzche.org\/#organization"},"potentialAction":[{"@type":"SearchAction","target":{"@type":"EntryPoint","urlTemplate":"https:\/\/asociacionutzche.org\/?s={search_term_string}"},"query-input":{"@type":"PropertyValueSpecification","valueRequired":true,"valueName":"search_term_string"}}],"inLanguage":"en-US"},{"@type":"Organization","@id":"https:\/\/asociacionutzche.org\/#organization","name":"Asociaci\u00f3n Utz Che'","url":"https:\/\/asociacionutzche.org\/","logo":{"@type":"ImageObject","inLanguage":"en-US","@id":"https:\/\/asociacionutzche.org\/#\/schema\/logo\/image\/","url":"https:\/\/asociacionutzche.org\/wp-content\/uploads\/2013\/11\/logo_footer.png","contentUrl":"https:\/\/asociacionutzche.org\/wp-content\/uploads\/2013\/11\/logo_footer.png","width":200,"height":76,"caption":"Asociaci\u00f3n Utz Che'"},"image":{"@id":"https:\/\/asociacionutzche.org\/#\/schema\/logo\/image\/"}}]}},"_links":{"self":[{"href":"https:\/\/asociacionutzche.org\/en\/wp-json\/wp\/v2\/pages\/3400","targetHints":{"allow":["GET"]}}],"collection":[{"href":"https:\/\/asociacionutzche.org\/en\/wp-json\/wp\/v2\/pages"}],"about":[{"href":"https:\/\/asociacionutzche.org\/en\/wp-json\/wp\/v2\/types\/page"}],"author":[{"embeddable":true,"href":"https:\/\/asociacionutzche.org\/en\/wp-json\/wp\/v2\/users\/1"}],"replies":[{"embeddable":true,"href":"https:\/\/asociacionutzche.org\/en\/wp-json\/wp\/v2\/comments?post=3400"}],"version-history":[{"count":26,"href":"https:\/\/asociacionutzche.org\/en\/wp-json\/wp\/v2\/pages\/3400\/revisions"}],"predecessor-version":[{"id":4061,"href":"https:\/\/asociacionutzche.org\/en\/wp-json\/wp\/v2\/pages\/3400\/revisions\/4061"}],"wp:attachment":[{"href":"https:\/\/asociacionutzche.org\/en\/wp-json\/wp\/v2\/media?parent=3400"}],"curies":[{"name":"wp","href":"https:\/\/api.w.org\/{rel}","templated":true}]}}