{"id":3368,"date":"2020-09-15T10:48:00","date_gmt":"2020-09-15T10:48:00","guid":{"rendered":"https:\/\/asociacionutzche.org\/?page_id=3368"},"modified":"2025-05-22T21:20:16","modified_gmt":"2025-05-22T21:20:16","slug":"pronunciamientos","status":"publish","type":"page","link":"https:\/\/asociacionutzche.org\/en\/pronunciamientos\/","title":{"rendered":"Statements"},"content":{"rendered":"<div class=\"wpb-content-wrapper\"><div class=\"vc_row wpb_row vc_row-fluid\" style=\"color: ;}\" ><div class=\"wpb_column vc_column_container vc_col-sm-12\"><div class=\"vc_column-inner\"><div class=\"wpb_wrapper\"><div class=\"vc_tta-container\" data-vc-action=\"collapse\"><div class=\"vc_general vc_tta vc_tta-tabs vc_tta-color-grey vc_tta-style-classic vc_tta-shape-rounded vc_tta-spacing-1 vc_tta-tabs-position-left vc_tta-controls-align-left\"><div class=\"vc_tta-tabs-container\"><ul class=\"vc_tta-tabs-list\" role=\"tablist\"><li class=\"vc_tta-tab vc_active\" data-vc-tab role=\"presentation\"><a href=\"#1600166387093-ade265eb-a248\" data-vc-tabs data-vc-container=\".vc_tta\" role=\"tab\" aria-selected=\"false\" id=\"tab-1600166387093-ade265eb-a248\"><span class=\"vc_tta-title-text\">Carta COVID<\/span><\/a><\/li><li class=\"vc_tta-tab\" data-vc-tab role=\"presentation\"><a href=\"#1600166387170-61a289f1-94a8\" data-vc-tabs data-vc-container=\".vc_tta\" role=\"tab\" aria-selected=\"false\" id=\"tab-1600166387170-61a289f1-94a8\"><span class=\"vc_tta-title-text\">Carta Abierta<\/span><\/a><\/li><li class=\"vc_tta-tab\" data-vc-tab role=\"presentation\"><a href=\"#1600166634988-514b7357-e66a\" data-vc-tabs data-vc-container=\".vc_tta\" role=\"tab\" aria-selected=\"false\" id=\"tab-1600166634988-514b7357-e66a\"><span class=\"vc_tta-title-text\">Comunicado El JICARO<\/span><\/a><\/li><li class=\"vc_tta-tab\" data-vc-tab role=\"presentation\"><a href=\"#1600166681201-5fa7a2a5-ee5f\" data-vc-tabs data-vc-container=\".vc_tta\" role=\"tab\" aria-selected=\"false\" id=\"tab-1600166681201-5fa7a2a5-ee5f\"><span class=\"vc_tta-title-text\">La Industria Minera<\/span><\/a><\/li><li class=\"vc_tta-tab\" data-vc-tab role=\"presentation\"><a href=\"#1600166786865-8b034cb8-bd5a\" data-vc-tabs data-vc-container=\".vc_tta\" role=\"tab\" aria-selected=\"false\" id=\"tab-1600166786865-8b034cb8-bd5a\"><span class=\"vc_tta-title-text\">Pronunciamiento ANAPROB<\/span><\/a><\/li><li class=\"vc_tta-tab\" data-vc-tab role=\"presentation\"><a href=\"#1600166835216-86c2ff0f-3a35\" data-vc-tabs data-vc-container=\".vc_tta\" role=\"tab\" aria-selected=\"false\" id=\"tab-1600166835216-86c2ff0f-3a35\"><span class=\"vc_tta-title-text\">Pronunciamiento Mesa Parcialidades<\/span><\/a><\/li><li class=\"vc_tta-tab\" data-vc-tab role=\"presentation\"><a href=\"#1747948500103-b08ebc93-8f44\" data-vc-tabs data-vc-container=\".vc_tta\" role=\"tab\" aria-selected=\"false\" id=\"tab-1747948500103-b08ebc93-8f44\"><span class=\"vc_tta-title-text\">Pronunciamiento Asamblea General 2025<\/span><\/a><\/li><\/ul><\/div><div class=\"vc_tta-panels-container\"><div class=\"vc_tta-panels\"><div class=\"vc_tta-panel vc_active\" id=\"1600166387093-ade265eb-a248\" data-vc-content=\".vc_tta-panel-body\"><div class=\"vc_tta-panel-heading\"><h4 class=\"vc_tta-panel-title\"><a href=\"#1600166387093-ade265eb-a248\" data-vc-accordion data-vc-container=\".vc_tta-container\"><span class=\"vc_tta-title-text\">Carta COVID<\/span><\/a><\/h4><\/div><div class=\"vc_tta-panel-body\">\n\t<div class=\"wpb_text_column wpb_content_element\" >\n\t\t<div class=\"wpb_wrapper\">\n\t\t\t<p><a href=\"https:\/\/asociacionutzche.org\/wp-content\/uploads\/2020\/09\/Carta-COVID-Organizaciones-para-adhesion.pdf\">Carta COVID Organizaciones para adhesion<\/a><\/p>\n\n\t\t<\/div>\n\t<\/div>\n<\/div><\/div><div class=\"vc_tta-panel\" id=\"1600166387170-61a289f1-94a8\" data-vc-content=\".vc_tta-panel-body\"><div class=\"vc_tta-panel-heading\"><h4 class=\"vc_tta-panel-title\"><a href=\"#1600166387170-61a289f1-94a8\" data-vc-accordion data-vc-container=\".vc_tta-container\"><span class=\"vc_tta-title-text\">Carta Abierta<\/span><\/a><\/h4><\/div><div class=\"vc_tta-panel-body\">\n\t<div class=\"wpb_text_column wpb_content_element\" >\n\t\t<div class=\"wpb_wrapper\">\n\t\t\t<p><a href=\"https:\/\/asociacionutzche.org\/wp-content\/uploads\/2020\/09\/CartaAbiertaAguaCovid.pdf\">Carta Abierta Agua Covid<\/a><\/p>\n\n\t\t<\/div>\n\t<\/div>\n<\/div><\/div><div class=\"vc_tta-panel\" id=\"1600166634988-514b7357-e66a\" data-vc-content=\".vc_tta-panel-body\"><div class=\"vc_tta-panel-heading\"><h4 class=\"vc_tta-panel-title\"><a href=\"#1600166634988-514b7357-e66a\" data-vc-accordion data-vc-container=\".vc_tta-container\"><span class=\"vc_tta-title-text\">Comunicado El JICARO<\/span><\/a><\/h4><\/div><div class=\"vc_tta-panel-body\">\n\t<div class=\"wpb_text_column wpb_content_element\" >\n\t\t<div class=\"wpb_wrapper\">\n\t\t\t<p><a href=\"https:\/\/asociacionutzche.org\/wp-content\/uploads\/2020\/09\/Comunicado-El-JICARO.pdf\">Comunicado<\/a><\/p>\n\n\t\t<\/div>\n\t<\/div>\n<\/div><\/div><div class=\"vc_tta-panel\" id=\"1600166681201-5fa7a2a5-ee5f\" data-vc-content=\".vc_tta-panel-body\"><div class=\"vc_tta-panel-heading\"><h4 class=\"vc_tta-panel-title\"><a href=\"#1600166681201-5fa7a2a5-ee5f\" data-vc-accordion data-vc-container=\".vc_tta-container\"><span class=\"vc_tta-title-text\">La Industria Minera<\/span><\/a><\/h4><\/div><div class=\"vc_tta-panel-body\">\n\t<div class=\"wpb_text_column wpb_content_element\" >\n\t\t<div class=\"wpb_wrapper\">\n\t\t\t<p><a href=\"https:\/\/asociacionutzche.org\/wp-content\/uploads\/2020\/09\/la_industria_minera_global_beneficia_de_la_pandemia_del_covid-19.pdf\">la industria minera global beneficia de la pandemia del covid-19<\/a><\/p>\n\n\t\t<\/div>\n\t<\/div>\n<\/div><\/div><div class=\"vc_tta-panel\" id=\"1600166786865-8b034cb8-bd5a\" data-vc-content=\".vc_tta-panel-body\"><div class=\"vc_tta-panel-heading\"><h4 class=\"vc_tta-panel-title\"><a href=\"#1600166786865-8b034cb8-bd5a\" data-vc-accordion data-vc-container=\".vc_tta-container\"><span class=\"vc_tta-title-text\">Pronunciamiento ANAPROB<\/span><\/a><\/h4><\/div><div class=\"vc_tta-panel-body\">\n\t<div class=\"wpb_text_column wpb_content_element\" >\n\t\t<div class=\"wpb_wrapper\">\n\t\t\t<p><a href=\"https:\/\/asociacionutzche.org\/wp-content\/uploads\/2020\/09\/PronunciamientoANAPROB.pdf\">Pronunciamiento ANAPROB<\/a><\/p>\n\n\t\t<\/div>\n\t<\/div>\n<\/div><\/div><div class=\"vc_tta-panel\" id=\"1600166835216-86c2ff0f-3a35\" data-vc-content=\".vc_tta-panel-body\"><div class=\"vc_tta-panel-heading\"><h4 class=\"vc_tta-panel-title\"><a href=\"#1600166835216-86c2ff0f-3a35\" data-vc-accordion data-vc-container=\".vc_tta-container\"><span class=\"vc_tta-title-text\">Pronunciamiento Mesa Parcialidades<\/span><\/a><\/h4><\/div><div class=\"vc_tta-panel-body\">\n\t<div class=\"wpb_text_column wpb_content_element\" >\n\t\t<div class=\"wpb_wrapper\">\n\t\t\t<p><a href=\"https:\/\/asociacionutzche.org\/wp-content\/uploads\/2020\/09\/PronunciamientoMesaParcialidades.pdf\">Pronunciamiento<\/a><\/p>\n\n\t\t<\/div>\n\t<\/div>\n<\/div><\/div><div class=\"vc_tta-panel\" id=\"1747948500103-b08ebc93-8f44\" data-vc-content=\".vc_tta-panel-body\"><div class=\"vc_tta-panel-heading\"><h4 class=\"vc_tta-panel-title\"><a href=\"#1747948500103-b08ebc93-8f44\" data-vc-accordion data-vc-container=\".vc_tta-container\"><span class=\"vc_tta-title-text\">Pronunciamiento Asamblea General 2025<\/span><\/a><\/h4><\/div><div class=\"vc_tta-panel-body\">\n\t<div class=\"wpb_text_column wpb_content_element\" >\n\t\t<div class=\"wpb_wrapper\">\n\t\t\t<p><a href=\"https:\/\/asociacionutzche.org\/wp-content\/uploads\/2025\/05\/Pronunciamiento_Utz_Che_Asamblea2025.pdf\">Pronunciamiento<\/a><\/p>\n\n\t\t<\/div>\n\t<\/div>\n<\/div><\/div><\/div><\/div><\/div><\/div><\/div><\/div><\/div><\/div>\n<\/div>","protected":false},"excerpt":{"rendered":"Carta COVIDCarta AbiertaComunicado El JICAROLa Industria MineraPronunciamiento ANAPROBPronunciamiento Mesa ParcialidadesPronunciamiento Asamblea General 2025Carta COVID Carta COVID Organizaciones para adhesion Carta Abierta Carta Abierta Agua Covid Comunicado El JICARO Comunicado La Industria Minera la industria minera global beneficia de la pandemia del covid-19 Pronunciamiento ANAPROB Pronunciamiento ANAPROB Pronunciamiento Mesa Parcialidades Pronunciamiento Pronunciamiento Asamblea General 2025 Pronunciamiento","protected":false},"author":1,"featured_media":0,"parent":0,"menu_order":0,"comment_status":"closed","ping_status":"closed","template":"","meta":{"_bbp_topic_count":0,"_bbp_reply_count":0,"_bbp_total_topic_count":0,"_bbp_total_reply_count":0,"_bbp_voice_count":0,"_bbp_anonymous_reply_count":0,"_bbp_topic_count_hidden":0,"_bbp_reply_count_hidden":0,"_bbp_forum_subforum_count":0,"footnotes":""},"class_list":["post-3368","page","type-page","status-publish","hentry"],"yoast_head":"<!-- This site is optimized with the Yoast SEO plugin v27.5 - https:\/\/yoast.com\/product\/yoast-seo-wordpress\/ -->\n<title>Pronunciamientos - Asociaci\u00f3n Utz Che&#039;<\/title>\n<meta name=\"robots\" content=\"index, follow, max-snippet:-1, max-image-preview:large, max-video-preview:-1\" \/>\n<link rel=\"canonical\" href=\"https:\/\/asociacionutzche.org\/en\/pronunciamientos\/\" \/>\n<meta property=\"og:locale\" content=\"en_US\" \/>\n<meta property=\"og:type\" content=\"article\" \/>\n<meta property=\"og:title\" content=\"Pronunciamientos - Asociaci\u00f3n Utz Che&#039;\" \/>\n<meta property=\"og:url\" content=\"https:\/\/asociacionutzche.org\/en\/pronunciamientos\/\" \/>\n<meta property=\"og:site_name\" content=\"Asociaci\u00f3n Utz Che&#039;\" \/>\n<meta property=\"article:modified_time\" content=\"2025-05-22T21:20:16+00:00\" \/>\n<meta name=\"twitter:card\" content=\"summary_large_image\" \/>\n<meta name=\"twitter:label1\" content=\"Est. reading time\" \/>\n\t<meta name=\"twitter:data1\" content=\"1 minute\" \/>\n<script type=\"application\/ld+json\" class=\"yoast-schema-graph\">{\"@context\":\"https:\\\/\\\/schema.org\",\"@graph\":[{\"@type\":\"WebPage\",\"@id\":\"https:\\\/\\\/asociacionutzche.org\\\/pronunciamientos\\\/\",\"url\":\"https:\\\/\\\/asociacionutzche.org\\\/pronunciamientos\\\/\",\"name\":\"Pronunciamientos - Asociaci\u00f3n Utz Che&#039;\",\"isPartOf\":{\"@id\":\"https:\\\/\\\/asociacionutzche.org\\\/#website\"},\"datePublished\":\"2020-09-15T10:48:00+00:00\",\"dateModified\":\"2025-05-22T21:20:16+00:00\",\"breadcrumb\":{\"@id\":\"https:\\\/\\\/asociacionutzche.org\\\/pronunciamientos\\\/#breadcrumb\"},\"inLanguage\":\"en-US\",\"potentialAction\":[{\"@type\":\"ReadAction\",\"target\":[\"https:\\\/\\\/asociacionutzche.org\\\/pronunciamientos\\\/\"]}]},{\"@type\":\"BreadcrumbList\",\"@id\":\"https:\\\/\\\/asociacionutzche.org\\\/pronunciamientos\\\/#breadcrumb\",\"itemListElement\":[{\"@type\":\"ListItem\",\"position\":1,\"name\":\"Portada\",\"item\":\"https:\\\/\\\/asociacionutzche.org\\\/\"},{\"@type\":\"ListItem\",\"position\":2,\"name\":\"Pronunciamientos\"}]},{\"@type\":\"WebSite\",\"@id\":\"https:\\\/\\\/asociacionutzche.org\\\/#website\",\"url\":\"https:\\\/\\\/asociacionutzche.org\\\/\",\"name\":\"Asociaci\u00f3n Utz Che'\",\"description\":\"Asociaci\u00f3n de Forester\u00eda Comunitaria de Guatemala Utz Che&#039;\",\"publisher\":{\"@id\":\"https:\\\/\\\/asociacionutzche.org\\\/#organization\"},\"potentialAction\":[{\"@type\":\"SearchAction\",\"target\":{\"@type\":\"EntryPoint\",\"urlTemplate\":\"https:\\\/\\\/asociacionutzche.org\\\/?s={search_term_string}\"},\"query-input\":{\"@type\":\"PropertyValueSpecification\",\"valueRequired\":true,\"valueName\":\"search_term_string\"}}],\"inLanguage\":\"en-US\"},{\"@type\":\"Organization\",\"@id\":\"https:\\\/\\\/asociacionutzche.org\\\/#organization\",\"name\":\"Asociaci\u00f3n Utz Che'\",\"url\":\"https:\\\/\\\/asociacionutzche.org\\\/\",\"logo\":{\"@type\":\"ImageObject\",\"inLanguage\":\"en-US\",\"@id\":\"https:\\\/\\\/asociacionutzche.org\\\/#\\\/schema\\\/logo\\\/image\\\/\",\"url\":\"https:\\\/\\\/asociacionutzche.org\\\/wp-content\\\/uploads\\\/2013\\\/11\\\/logo_footer.png\",\"contentUrl\":\"https:\\\/\\\/asociacionutzche.org\\\/wp-content\\\/uploads\\\/2013\\\/11\\\/logo_footer.png\",\"width\":200,\"height\":76,\"caption\":\"Asociaci\u00f3n Utz Che'\"},\"image\":{\"@id\":\"https:\\\/\\\/asociacionutzche.org\\\/#\\\/schema\\\/logo\\\/image\\\/\"}}]}<\/script>\n<!-- \/ Yoast SEO plugin. -->","yoast_head_json":{"title":"Pronunciamientos - Asociaci\u00f3n Utz Che&#039;","robots":{"index":"index","follow":"follow","max-snippet":"max-snippet:-1","max-image-preview":"max-image-preview:large","max-video-preview":"max-video-preview:-1"},"canonical":"https:\/\/asociacionutzche.org\/en\/pronunciamientos\/","og_locale":"en_US","og_type":"article","og_title":"Pronunciamientos - Asociaci\u00f3n Utz Che&#039;","og_url":"https:\/\/asociacionutzche.org\/en\/pronunciamientos\/","og_site_name":"Asociaci\u00f3n Utz Che&#039;","article_modified_time":"2025-05-22T21:20:16+00:00","twitter_card":"summary_large_image","twitter_misc":{"Est. reading time":"1 minute"},"schema":{"@context":"https:\/\/schema.org","@graph":[{"@type":"WebPage","@id":"https:\/\/asociacionutzche.org\/pronunciamientos\/","url":"https:\/\/asociacionutzche.org\/pronunciamientos\/","name":"Pronunciamientos - Asociaci\u00f3n Utz Che&#039;","isPartOf":{"@id":"https:\/\/asociacionutzche.org\/#website"},"datePublished":"2020-09-15T10:48:00+00:00","dateModified":"2025-05-22T21:20:16+00:00","breadcrumb":{"@id":"https:\/\/asociacionutzche.org\/pronunciamientos\/#breadcrumb"},"inLanguage":"en-US","potentialAction":[{"@type":"ReadAction","target":["https:\/\/asociacionutzche.org\/pronunciamientos\/"]}]},{"@type":"BreadcrumbList","@id":"https:\/\/asociacionutzche.org\/pronunciamientos\/#breadcrumb","itemListElement":[{"@type":"ListItem","position":1,"name":"Portada","item":"https:\/\/asociacionutzche.org\/"},{"@type":"ListItem","position":2,"name":"Pronunciamientos"}]},{"@type":"WebSite","@id":"https:\/\/asociacionutzche.org\/#website","url":"https:\/\/asociacionutzche.org\/","name":"Asociaci\u00f3n Utz Che'","description":"Asociaci\u00f3n de Forester\u00eda Comunitaria de Guatemala Utz Che&#039;","publisher":{"@id":"https:\/\/asociacionutzche.org\/#organization"},"potentialAction":[{"@type":"SearchAction","target":{"@type":"EntryPoint","urlTemplate":"https:\/\/asociacionutzche.org\/?s={search_term_string}"},"query-input":{"@type":"PropertyValueSpecification","valueRequired":true,"valueName":"search_term_string"}}],"inLanguage":"en-US"},{"@type":"Organization","@id":"https:\/\/asociacionutzche.org\/#organization","name":"Asociaci\u00f3n Utz Che'","url":"https:\/\/asociacionutzche.org\/","logo":{"@type":"ImageObject","inLanguage":"en-US","@id":"https:\/\/asociacionutzche.org\/#\/schema\/logo\/image\/","url":"https:\/\/asociacionutzche.org\/wp-content\/uploads\/2013\/11\/logo_footer.png","contentUrl":"https:\/\/asociacionutzche.org\/wp-content\/uploads\/2013\/11\/logo_footer.png","width":200,"height":76,"caption":"Asociaci\u00f3n Utz Che'"},"image":{"@id":"https:\/\/asociacionutzche.org\/#\/schema\/logo\/image\/"}}]}},"_links":{"self":[{"href":"https:\/\/asociacionutzche.org\/en\/wp-json\/wp\/v2\/pages\/3368","targetHints":{"allow":["GET"]}}],"collection":[{"href":"https:\/\/asociacionutzche.org\/en\/wp-json\/wp\/v2\/pages"}],"about":[{"href":"https:\/\/asociacionutzche.org\/en\/wp-json\/wp\/v2\/types\/page"}],"author":[{"embeddable":true,"href":"https:\/\/asociacionutzche.org\/en\/wp-json\/wp\/v2\/users\/1"}],"replies":[{"embeddable":true,"href":"https:\/\/asociacionutzche.org\/en\/wp-json\/wp\/v2\/comments?post=3368"}],"version-history":[{"count":5,"href":"https:\/\/asociacionutzche.org\/en\/wp-json\/wp\/v2\/pages\/3368\/revisions"}],"predecessor-version":[{"id":3759,"href":"https:\/\/asociacionutzche.org\/en\/wp-json\/wp\/v2\/pages\/3368\/revisions\/3759"}],"wp:attachment":[{"href":"https:\/\/asociacionutzche.org\/en\/wp-json\/wp\/v2\/media?parent=3368"}],"curies":[{"name":"wp","href":"https:\/\/api.w.org\/{rel}","templated":true}]}}