{"id":3301,"date":"2020-09-15T08:37:13","date_gmt":"2020-09-15T08:37:13","guid":{"rendered":"https:\/\/asociacionutzche.org\/?page_id=3301"},"modified":"2020-09-15T08:42:06","modified_gmt":"2020-09-15T08:42:06","slug":"parcialidad-vasquez","status":"publish","type":"page","link":"https:\/\/asociacionutzche.org\/en\/parcialidad-vasquez\/","title":{"rendered":"Parcialidad V\u00e1squez"},"content":{"rendered":"<div class=\"wpb-content-wrapper\"><div class=\"vc_row wpb_row vc_row-fluid\" style=\"color: ;}\" ><div class=\"wpb_column vc_column_container vc_col-sm-12\"><div class=\"vc_column-inner \"><div class=\"wpb_wrapper\">\n\t<div class=\"wpb_text_column wpb_content_element\" >\n\t\t<div class=\"wpb_wrapper\">\n\t\t\t<p><span style=\"font-size: 12pt;\">La Parcialidad V\u00e1squez cuenta con una de las mayores representaciones hist\u00f3ricas de la naturaleza de las parcialidades en Totonicap\u00e1n, en esta parcialidad el ejercicio de los derechos de propiedad sobre el bosque comunal es ejercido de manera colectiva por medio de la organizaci\u00f3n comunitaria (La Asociaci\u00f3n\/Parcialidad) por lo que \u00fanicamente se encuentran bajo la existencia de la figura de socios o asociados. Es una de las Parcialidades con mayor n\u00famero de miembros agrupando a una decena de caser\u00edos. <\/span><\/p>\n<p><span style=\"font-size: 12pt;\">Esta organizaci\u00f3n posee una trayectoria en donde sus ra\u00edces son consideradas como parte del grupo \u00e9tnico T\u2019ziles quienes fueron los primeros miembros de la comunidad<\/span><\/p>\n<p><span style=\"font-size: 12pt;\">aproximadamente en los a\u00f1os 1,600 a 1,700, por esa raz\u00f3n se denominan Parcialidad V\u00e1squez o Tz\u2019iles. <\/span><\/p>\n<p><span style=\"font-size: 12pt;\">Las actividades de la Parcialidad V\u00e1squez se enfocan principalmente en el tema de gesti\u00f3n y administraci\u00f3n del bosque que poseen, desarrollando acciones de manejo forestal para garantizar la conservaci\u00f3n de los recursos y bienes naturales que se encuentran dentro de este, incluyendo recuperaci\u00f3n de \u00e1reas degradadas mediante reforestaciones, elaboraci\u00f3n de estructuras de protecci\u00f3n contra incendios forestales como brechas corta fuego, protecci\u00f3n de fuentes de agua considerando los 20 nacimientos que se encuentran dentro de su territorio y monitoreos permanentes dentro del bosque los 365 d\u00edas del a\u00f1o. De la misma manera, durante la \u00e9poca de fin de a\u00f1o se intensifican los monitoreos y la protecci\u00f3n de \u00e1reas con Pinabete dentro del bosque considerando que durante dichas fechas se presenta mayor vulnerabilidad por las extracciones il\u00edcitas de dicha especie. <\/span><\/p>\n\n\t\t<\/div>\n\t<\/div>\n<div class=\"vc_row wpb_row vc_inner vc_row-fluid\"><div class=\"wpb_column vc_column_container vc_col-sm-2\" data-equalizer-watch><div class=\"wpb_wrapper\"><\/div><\/div><div class=\"wpb_column vc_column_container vc_col-sm-8\" data-equalizer-watch><div class=\"wpb_wrapper\"><div class=\"wpb_gallery wpb_content_element vc_clearfix wpb_content_element\" ><div class=\"wpb_wrapper\"><div class=\"wpb_gallery_slides wpb_flexslider flexslider_slide flexslider\" data-interval=\"0\" data-flex_fx=\"slide\"><ul class=\"slides\"><li><a class=\"\" href=\"https:\/\/asociacionutzche.org\/wp-content\/uploads\/2020\/09\/Parcialidad-Velasquez.jpg\" data-lightbox=\"lightbox[rel-3301-1580470141]\"><img loading=\"lazy\" decoding=\"async\" width=\"1000\" height=\"666\" src=\"https:\/\/asociacionutzche.org\/wp-content\/uploads\/2020\/09\/Parcialidad-Velasquez.jpg\" class=\"attachment-full\" alt=\"\" title=\"Parcialidad-Velasquez\" srcset=\"https:\/\/asociacionutzche.org\/wp-content\/uploads\/2020\/09\/Parcialidad-Velasquez.jpg 1000w, https:\/\/asociacionutzche.org\/wp-content\/uploads\/2020\/09\/Parcialidad-Velasquez-300x200.jpg 300w, https:\/\/asociacionutzche.org\/wp-content\/uploads\/2020\/09\/Parcialidad-Velasquez-768x511.jpg 768w\" sizes=\"auto, (max-width: 1000px) 100vw, 1000px\" \/><\/a><\/li><\/ul><\/div><\/div><\/div><\/div><\/div><div class=\"wpb_column vc_column_container vc_col-sm-2\" data-equalizer-watch><div class=\"wpb_wrapper\"><\/div><\/div><\/div><\/div><\/div><\/div><\/div>\n<\/div>","protected":false},"excerpt":{"rendered":"La Parcialidad V\u00e1squez cuenta con una de las mayores representaciones hist\u00f3ricas de la naturaleza de las parcialidades en Totonicap\u00e1n, en esta parcialidad el ejercicio de los derechos de propiedad sobre el bosque comunal es ejercido de manera colectiva por medio de la organizaci\u00f3n comunitaria (La Asociaci\u00f3n\/Parcialidad) por lo que \u00fanicamente se encuentran bajo la existencia [...]","protected":false},"author":1,"featured_media":0,"parent":0,"menu_order":0,"comment_status":"closed","ping_status":"closed","template":"","meta":{"_bbp_topic_count":0,"_bbp_reply_count":0,"_bbp_total_topic_count":0,"_bbp_total_reply_count":0,"_bbp_voice_count":0,"_bbp_anonymous_reply_count":0,"_bbp_topic_count_hidden":0,"_bbp_reply_count_hidden":0,"_bbp_forum_subforum_count":0,"footnotes":""},"class_list":["post-3301","page","type-page","status-publish","hentry"],"yoast_head":"<!-- This site is optimized with the Yoast SEO plugin v27.4 - https:\/\/yoast.com\/product\/yoast-seo-wordpress\/ -->\n<title>Parcialidad V\u00e1squez - Asociaci\u00f3n Utz Che&#039;<\/title>\n<meta name=\"robots\" content=\"index, follow, max-snippet:-1, max-image-preview:large, max-video-preview:-1\" \/>\n<link rel=\"canonical\" href=\"https:\/\/asociacionutzche.org\/en\/parcialidad-vasquez\/\" \/>\n<meta property=\"og:locale\" content=\"en_US\" \/>\n<meta property=\"og:type\" content=\"article\" \/>\n<meta property=\"og:title\" content=\"Parcialidad V\u00e1squez - Asociaci\u00f3n Utz Che&#039;\" \/>\n<meta property=\"og:url\" content=\"https:\/\/asociacionutzche.org\/en\/parcialidad-vasquez\/\" \/>\n<meta property=\"og:site_name\" content=\"Asociaci\u00f3n Utz Che&#039;\" \/>\n<meta property=\"article:modified_time\" content=\"2020-09-15T08:42:06+00:00\" \/>\n<meta name=\"twitter:card\" content=\"summary_large_image\" \/>\n<meta name=\"twitter:label1\" content=\"Est. reading time\" \/>\n\t<meta name=\"twitter:data1\" content=\"2 minutes\" \/>\n<script type=\"application\/ld+json\" class=\"yoast-schema-graph\">{\"@context\":\"https:\\\/\\\/schema.org\",\"@graph\":[{\"@type\":\"WebPage\",\"@id\":\"https:\\\/\\\/asociacionutzche.org\\\/parcialidad-vasquez\\\/\",\"url\":\"https:\\\/\\\/asociacionutzche.org\\\/parcialidad-vasquez\\\/\",\"name\":\"Parcialidad V\u00e1squez - Asociaci\u00f3n Utz Che&#039;\",\"isPartOf\":{\"@id\":\"https:\\\/\\\/asociacionutzche.org\\\/#website\"},\"datePublished\":\"2020-09-15T08:37:13+00:00\",\"dateModified\":\"2020-09-15T08:42:06+00:00\",\"breadcrumb\":{\"@id\":\"https:\\\/\\\/asociacionutzche.org\\\/parcialidad-vasquez\\\/#breadcrumb\"},\"inLanguage\":\"en-US\",\"potentialAction\":[{\"@type\":\"ReadAction\",\"target\":[\"https:\\\/\\\/asociacionutzche.org\\\/parcialidad-vasquez\\\/\"]}]},{\"@type\":\"BreadcrumbList\",\"@id\":\"https:\\\/\\\/asociacionutzche.org\\\/parcialidad-vasquez\\\/#breadcrumb\",\"itemListElement\":[{\"@type\":\"ListItem\",\"position\":1,\"name\":\"Portada\",\"item\":\"https:\\\/\\\/asociacionutzche.org\\\/\"},{\"@type\":\"ListItem\",\"position\":2,\"name\":\"Parcialidad V\u00e1squez\"}]},{\"@type\":\"WebSite\",\"@id\":\"https:\\\/\\\/asociacionutzche.org\\\/#website\",\"url\":\"https:\\\/\\\/asociacionutzche.org\\\/\",\"name\":\"Asociaci\u00f3n Utz Che'\",\"description\":\"Asociaci\u00f3n de Forester\u00eda Comunitaria de Guatemala Utz Che&#039;\",\"publisher\":{\"@id\":\"https:\\\/\\\/asociacionutzche.org\\\/#organization\"},\"potentialAction\":[{\"@type\":\"SearchAction\",\"target\":{\"@type\":\"EntryPoint\",\"urlTemplate\":\"https:\\\/\\\/asociacionutzche.org\\\/?s={search_term_string}\"},\"query-input\":{\"@type\":\"PropertyValueSpecification\",\"valueRequired\":true,\"valueName\":\"search_term_string\"}}],\"inLanguage\":\"en-US\"},{\"@type\":\"Organization\",\"@id\":\"https:\\\/\\\/asociacionutzche.org\\\/#organization\",\"name\":\"Asociaci\u00f3n Utz Che'\",\"url\":\"https:\\\/\\\/asociacionutzche.org\\\/\",\"logo\":{\"@type\":\"ImageObject\",\"inLanguage\":\"en-US\",\"@id\":\"https:\\\/\\\/asociacionutzche.org\\\/#\\\/schema\\\/logo\\\/image\\\/\",\"url\":\"https:\\\/\\\/asociacionutzche.org\\\/wp-content\\\/uploads\\\/2013\\\/11\\\/logo_footer.png\",\"contentUrl\":\"https:\\\/\\\/asociacionutzche.org\\\/wp-content\\\/uploads\\\/2013\\\/11\\\/logo_footer.png\",\"width\":200,\"height\":76,\"caption\":\"Asociaci\u00f3n Utz Che'\"},\"image\":{\"@id\":\"https:\\\/\\\/asociacionutzche.org\\\/#\\\/schema\\\/logo\\\/image\\\/\"}}]}<\/script>\n<!-- \/ Yoast SEO plugin. -->","yoast_head_json":{"title":"Parcialidad V\u00e1squez - Asociaci\u00f3n Utz Che&#039;","robots":{"index":"index","follow":"follow","max-snippet":"max-snippet:-1","max-image-preview":"max-image-preview:large","max-video-preview":"max-video-preview:-1"},"canonical":"https:\/\/asociacionutzche.org\/en\/parcialidad-vasquez\/","og_locale":"en_US","og_type":"article","og_title":"Parcialidad V\u00e1squez - Asociaci\u00f3n Utz Che&#039;","og_url":"https:\/\/asociacionutzche.org\/en\/parcialidad-vasquez\/","og_site_name":"Asociaci\u00f3n Utz Che&#039;","article_modified_time":"2020-09-15T08:42:06+00:00","twitter_card":"summary_large_image","twitter_misc":{"Est. reading time":"2 minutes"},"schema":{"@context":"https:\/\/schema.org","@graph":[{"@type":"WebPage","@id":"https:\/\/asociacionutzche.org\/parcialidad-vasquez\/","url":"https:\/\/asociacionutzche.org\/parcialidad-vasquez\/","name":"Parcialidad V\u00e1squez - Asociaci\u00f3n Utz Che&#039;","isPartOf":{"@id":"https:\/\/asociacionutzche.org\/#website"},"datePublished":"2020-09-15T08:37:13+00:00","dateModified":"2020-09-15T08:42:06+00:00","breadcrumb":{"@id":"https:\/\/asociacionutzche.org\/parcialidad-vasquez\/#breadcrumb"},"inLanguage":"en-US","potentialAction":[{"@type":"ReadAction","target":["https:\/\/asociacionutzche.org\/parcialidad-vasquez\/"]}]},{"@type":"BreadcrumbList","@id":"https:\/\/asociacionutzche.org\/parcialidad-vasquez\/#breadcrumb","itemListElement":[{"@type":"ListItem","position":1,"name":"Portada","item":"https:\/\/asociacionutzche.org\/"},{"@type":"ListItem","position":2,"name":"Parcialidad V\u00e1squez"}]},{"@type":"WebSite","@id":"https:\/\/asociacionutzche.org\/#website","url":"https:\/\/asociacionutzche.org\/","name":"Asociaci\u00f3n Utz Che'","description":"Asociaci\u00f3n de Forester\u00eda Comunitaria de Guatemala Utz Che&#039;","publisher":{"@id":"https:\/\/asociacionutzche.org\/#organization"},"potentialAction":[{"@type":"SearchAction","target":{"@type":"EntryPoint","urlTemplate":"https:\/\/asociacionutzche.org\/?s={search_term_string}"},"query-input":{"@type":"PropertyValueSpecification","valueRequired":true,"valueName":"search_term_string"}}],"inLanguage":"en-US"},{"@type":"Organization","@id":"https:\/\/asociacionutzche.org\/#organization","name":"Asociaci\u00f3n Utz Che'","url":"https:\/\/asociacionutzche.org\/","logo":{"@type":"ImageObject","inLanguage":"en-US","@id":"https:\/\/asociacionutzche.org\/#\/schema\/logo\/image\/","url":"https:\/\/asociacionutzche.org\/wp-content\/uploads\/2013\/11\/logo_footer.png","contentUrl":"https:\/\/asociacionutzche.org\/wp-content\/uploads\/2013\/11\/logo_footer.png","width":200,"height":76,"caption":"Asociaci\u00f3n Utz Che'"},"image":{"@id":"https:\/\/asociacionutzche.org\/#\/schema\/logo\/image\/"}}]}},"_links":{"self":[{"href":"https:\/\/asociacionutzche.org\/en\/wp-json\/wp\/v2\/pages\/3301","targetHints":{"allow":["GET"]}}],"collection":[{"href":"https:\/\/asociacionutzche.org\/en\/wp-json\/wp\/v2\/pages"}],"about":[{"href":"https:\/\/asociacionutzche.org\/en\/wp-json\/wp\/v2\/types\/page"}],"author":[{"embeddable":true,"href":"https:\/\/asociacionutzche.org\/en\/wp-json\/wp\/v2\/users\/1"}],"replies":[{"embeddable":true,"href":"https:\/\/asociacionutzche.org\/en\/wp-json\/wp\/v2\/comments?post=3301"}],"version-history":[{"count":3,"href":"https:\/\/asociacionutzche.org\/en\/wp-json\/wp\/v2\/pages\/3301\/revisions"}],"predecessor-version":[{"id":3305,"href":"https:\/\/asociacionutzche.org\/en\/wp-json\/wp\/v2\/pages\/3301\/revisions\/3305"}],"wp:attachment":[{"href":"https:\/\/asociacionutzche.org\/en\/wp-json\/wp\/v2\/media?parent=3301"}],"curies":[{"name":"wp","href":"https:\/\/api.w.org\/{rel}","templated":true}]}}