{"id":3296,"date":"2020-09-15T08:27:15","date_gmt":"2020-09-15T08:27:15","guid":{"rendered":"https:\/\/asociacionutzche.org\/?page_id=3296"},"modified":"2020-09-15T08:31:02","modified_gmt":"2020-09-15T08:31:02","slug":"parcialidad-chuamazan","status":"publish","type":"page","link":"https:\/\/asociacionutzche.org\/en\/parcialidad-chuamazan\/","title":{"rendered":"Parcialidad Chuamaz\u00e1n"},"content":{"rendered":"<div class=\"wpb-content-wrapper\"><div class=\"vc_row wpb_row vc_row-fluid\" style=\"color: ;}\" ><div class=\"wpb_column vc_column_container vc_col-sm-12\"><div class=\"vc_column-inner \"><div class=\"wpb_wrapper\">\n\t<div class=\"wpb_text_column wpb_content_element\" >\n\t\t<div class=\"wpb_wrapper\">\n\t\t\t<p><span style=\"font-size: 12pt;\">La Parcialidad Chuamaz\u00e1n de Totonicap\u00e1n, es una organizaci\u00f3n constituida bajo la personer\u00eda jur\u00eddica de Asociaci\u00f3n, denominada \u201cAsociaci\u00f3n Parcialidad Ind\u00edgena de Chuamaz\u00e1n\u201d la cual se constituy\u00f3 de esa manera en el a\u00f1o 2005; la comunidad fue fundada en el a\u00f1o 1,850. La palabra Chuamaz\u00e1n traducida del K\u2019iche\u2019 significa frente a las manzanas denominando as\u00ed a la comunidad debido a que mucho tiempo atr\u00e1s, en ella se realizan cosechas de manzanas que ten\u00edan caracter\u00edsticas muy particulares. <\/span><\/p>\n<p><span style=\"font-size: 12pt;\">\u00a0<\/span><\/p>\n<p><span style=\"font-size: 12pt;\">La Parcialidad Chuamaz\u00e1n se dedica a la protecci\u00f3n y conservaci\u00f3n de sus bienes y recursos naturales, mediante la realizaci\u00f3n del servicio comunitario denominado K\u2019axko\u2019l en K\u2019iche\u2019, promoviendo y realizando actividades como rondas de control dentro del \u00e1rea boscosa para verificar el correcto estado de la misma y otras de prevenci\u00f3n de incendios forestales como brechas corta fuego. La Parcialidad a\u00f1o con a\u00f1o realiza actividades de recuperaci\u00f3n de cobertura vegetal a trav\u00e9s de reforestaciones con especies nativas de la regi\u00f3n y otras adaptadas a las caracter\u00edsticas del lugar, incluyendo roble, encino, aliso y pino. Adem\u00e1s, prioritariamente protegen los nacimientos de agua que se ubican dentro de su territorio dado el v\u00ednculo que tienen con el mismo y los conocimientos que poseen de manera ancestral sobre la importancia de estos recursos para la vida.<\/span><\/p>\n<p><span style=\"font-size: 12pt;\">\u00a0<\/span><\/p>\n<p><span style=\"font-size: 12pt;\">Esta organizaci\u00f3n, adem\u00e1s, se dedica a la prestaci\u00f3n de servicios de ecoturismo comunitario contando con el<strong> Parque Ecol\u00f3gico Chajil Siwan <\/strong>el cual ha sido establecido con el esfuerzo e iniciativa de los miembros de la comunidad como alternativa para la generaci\u00f3n de ingresos que mejoren las condiciones de vida de sus familias. <\/span><\/p>\n\n\t\t<\/div>\n\t<\/div>\n<div class=\"vc_row wpb_row vc_inner vc_row-fluid\"><div class=\"wpb_column vc_column_container vc_col-sm-2\" data-equalizer-watch><div class=\"wpb_wrapper\"><\/div><\/div><div class=\"wpb_column vc_column_container vc_col-sm-8\" data-equalizer-watch><div class=\"wpb_wrapper\"><div class=\"wpb_gallery wpb_content_element vc_clearfix wpb_content_element\" ><div class=\"wpb_wrapper\"><div class=\"wpb_gallery_slides wpb_flexslider flexslider_slide flexslider\" data-interval=\"0\" data-flex_fx=\"slide\"><ul class=\"slides\"><li><a class=\"\" href=\"https:\/\/asociacionutzche.org\/wp-content\/uploads\/2020\/09\/Chuamanzan.jpg\" data-lightbox=\"lightbox[rel-3296-2822192414]\"><img loading=\"lazy\" decoding=\"async\" width=\"1000\" height=\"563\" src=\"https:\/\/asociacionutzche.org\/wp-content\/uploads\/2020\/09\/Chuamanzan.jpg\" class=\"attachment-full\" alt=\"\" title=\"Chuamanzan\" srcset=\"https:\/\/asociacionutzche.org\/wp-content\/uploads\/2020\/09\/Chuamanzan.jpg 1000w, https:\/\/asociacionutzche.org\/wp-content\/uploads\/2020\/09\/Chuamanzan-300x169.jpg 300w, https:\/\/asociacionutzche.org\/wp-content\/uploads\/2020\/09\/Chuamanzan-768x432.jpg 768w\" sizes=\"auto, (max-width: 1000px) 100vw, 1000px\" \/><\/a><\/li><li><a class=\"\" href=\"https:\/\/asociacionutzche.org\/wp-content\/uploads\/2020\/09\/Chuamanzan2.jpg\" data-lightbox=\"lightbox[rel-3296-2822192414]\"><img loading=\"lazy\" decoding=\"async\" width=\"1000\" height=\"750\" src=\"https:\/\/asociacionutzche.org\/wp-content\/uploads\/2020\/09\/Chuamanzan2.jpg\" class=\"attachment-full\" alt=\"\" title=\"Chuamanzan2\" srcset=\"https:\/\/asociacionutzche.org\/wp-content\/uploads\/2020\/09\/Chuamanzan2.jpg 1000w, https:\/\/asociacionutzche.org\/wp-content\/uploads\/2020\/09\/Chuamanzan2-300x225.jpg 300w, https:\/\/asociacionutzche.org\/wp-content\/uploads\/2020\/09\/Chuamanzan2-768x576.jpg 768w\" sizes=\"auto, (max-width: 1000px) 100vw, 1000px\" \/><\/a><\/li><\/ul><\/div><\/div><\/div><\/div><\/div><div class=\"wpb_column vc_column_container vc_col-sm-2\" data-equalizer-watch><div class=\"wpb_wrapper\"><\/div><\/div><\/div><\/div><\/div><\/div><\/div>\n<\/div>","protected":false},"excerpt":{"rendered":"La Parcialidad Chuamaz\u00e1n de Totonicap\u00e1n, es una organizaci\u00f3n constituida bajo la personer\u00eda jur\u00eddica de Asociaci\u00f3n, denominada \u201cAsociaci\u00f3n Parcialidad Ind\u00edgena de Chuamaz\u00e1n\u201d la cual se constituy\u00f3 de esa manera en el a\u00f1o 2005; la comunidad fue fundada en el a\u00f1o 1,850. La palabra Chuamaz\u00e1n traducida del K\u2019iche\u2019 significa frente a las manzanas denominando as\u00ed a la [...]","protected":false},"author":1,"featured_media":0,"parent":0,"menu_order":0,"comment_status":"closed","ping_status":"closed","template":"","meta":{"_bbp_topic_count":0,"_bbp_reply_count":0,"_bbp_total_topic_count":0,"_bbp_total_reply_count":0,"_bbp_voice_count":0,"_bbp_anonymous_reply_count":0,"_bbp_topic_count_hidden":0,"_bbp_reply_count_hidden":0,"_bbp_forum_subforum_count":0,"footnotes":""},"class_list":["post-3296","page","type-page","status-publish","hentry"],"yoast_head":"<!-- This site is optimized with the Yoast SEO plugin v27.5 - https:\/\/yoast.com\/product\/yoast-seo-wordpress\/ -->\n<title>Parcialidad Chuamaz\u00e1n - Asociaci\u00f3n Utz Che&#039;<\/title>\n<meta name=\"robots\" content=\"index, follow, max-snippet:-1, max-image-preview:large, max-video-preview:-1\" \/>\n<link rel=\"canonical\" href=\"https:\/\/asociacionutzche.org\/en\/parcialidad-chuamazan\/\" \/>\n<meta property=\"og:locale\" content=\"en_US\" \/>\n<meta property=\"og:type\" content=\"article\" \/>\n<meta property=\"og:title\" content=\"Parcialidad Chuamaz\u00e1n - Asociaci\u00f3n Utz Che&#039;\" \/>\n<meta property=\"og:url\" content=\"https:\/\/asociacionutzche.org\/en\/parcialidad-chuamazan\/\" \/>\n<meta property=\"og:site_name\" content=\"Asociaci\u00f3n Utz Che&#039;\" \/>\n<meta property=\"article:modified_time\" content=\"2020-09-15T08:31:02+00:00\" \/>\n<meta name=\"twitter:card\" content=\"summary_large_image\" \/>\n<meta name=\"twitter:label1\" content=\"Est. reading time\" \/>\n\t<meta name=\"twitter:data1\" content=\"2 minutes\" \/>\n<script type=\"application\/ld+json\" class=\"yoast-schema-graph\">{\"@context\":\"https:\\\/\\\/schema.org\",\"@graph\":[{\"@type\":\"WebPage\",\"@id\":\"https:\\\/\\\/asociacionutzche.org\\\/parcialidad-chuamazan\\\/\",\"url\":\"https:\\\/\\\/asociacionutzche.org\\\/parcialidad-chuamazan\\\/\",\"name\":\"Parcialidad Chuamaz\u00e1n - Asociaci\u00f3n Utz Che&#039;\",\"isPartOf\":{\"@id\":\"https:\\\/\\\/asociacionutzche.org\\\/#website\"},\"datePublished\":\"2020-09-15T08:27:15+00:00\",\"dateModified\":\"2020-09-15T08:31:02+00:00\",\"breadcrumb\":{\"@id\":\"https:\\\/\\\/asociacionutzche.org\\\/parcialidad-chuamazan\\\/#breadcrumb\"},\"inLanguage\":\"en-US\",\"potentialAction\":[{\"@type\":\"ReadAction\",\"target\":[\"https:\\\/\\\/asociacionutzche.org\\\/parcialidad-chuamazan\\\/\"]}]},{\"@type\":\"BreadcrumbList\",\"@id\":\"https:\\\/\\\/asociacionutzche.org\\\/parcialidad-chuamazan\\\/#breadcrumb\",\"itemListElement\":[{\"@type\":\"ListItem\",\"position\":1,\"name\":\"Portada\",\"item\":\"https:\\\/\\\/asociacionutzche.org\\\/\"},{\"@type\":\"ListItem\",\"position\":2,\"name\":\"Parcialidad Chuamaz\u00e1n\"}]},{\"@type\":\"WebSite\",\"@id\":\"https:\\\/\\\/asociacionutzche.org\\\/#website\",\"url\":\"https:\\\/\\\/asociacionutzche.org\\\/\",\"name\":\"Asociaci\u00f3n Utz Che'\",\"description\":\"Asociaci\u00f3n de Forester\u00eda Comunitaria de Guatemala Utz Che&#039;\",\"publisher\":{\"@id\":\"https:\\\/\\\/asociacionutzche.org\\\/#organization\"},\"potentialAction\":[{\"@type\":\"SearchAction\",\"target\":{\"@type\":\"EntryPoint\",\"urlTemplate\":\"https:\\\/\\\/asociacionutzche.org\\\/?s={search_term_string}\"},\"query-input\":{\"@type\":\"PropertyValueSpecification\",\"valueRequired\":true,\"valueName\":\"search_term_string\"}}],\"inLanguage\":\"en-US\"},{\"@type\":\"Organization\",\"@id\":\"https:\\\/\\\/asociacionutzche.org\\\/#organization\",\"name\":\"Asociaci\u00f3n Utz Che'\",\"url\":\"https:\\\/\\\/asociacionutzche.org\\\/\",\"logo\":{\"@type\":\"ImageObject\",\"inLanguage\":\"en-US\",\"@id\":\"https:\\\/\\\/asociacionutzche.org\\\/#\\\/schema\\\/logo\\\/image\\\/\",\"url\":\"https:\\\/\\\/asociacionutzche.org\\\/wp-content\\\/uploads\\\/2013\\\/11\\\/logo_footer.png\",\"contentUrl\":\"https:\\\/\\\/asociacionutzche.org\\\/wp-content\\\/uploads\\\/2013\\\/11\\\/logo_footer.png\",\"width\":200,\"height\":76,\"caption\":\"Asociaci\u00f3n Utz Che'\"},\"image\":{\"@id\":\"https:\\\/\\\/asociacionutzche.org\\\/#\\\/schema\\\/logo\\\/image\\\/\"}}]}<\/script>\n<!-- \/ Yoast SEO plugin. -->","yoast_head_json":{"title":"Parcialidad Chuamaz\u00e1n - Asociaci\u00f3n Utz Che&#039;","robots":{"index":"index","follow":"follow","max-snippet":"max-snippet:-1","max-image-preview":"max-image-preview:large","max-video-preview":"max-video-preview:-1"},"canonical":"https:\/\/asociacionutzche.org\/en\/parcialidad-chuamazan\/","og_locale":"en_US","og_type":"article","og_title":"Parcialidad Chuamaz\u00e1n - Asociaci\u00f3n Utz Che&#039;","og_url":"https:\/\/asociacionutzche.org\/en\/parcialidad-chuamazan\/","og_site_name":"Asociaci\u00f3n Utz Che&#039;","article_modified_time":"2020-09-15T08:31:02+00:00","twitter_card":"summary_large_image","twitter_misc":{"Est. reading time":"2 minutes"},"schema":{"@context":"https:\/\/schema.org","@graph":[{"@type":"WebPage","@id":"https:\/\/asociacionutzche.org\/parcialidad-chuamazan\/","url":"https:\/\/asociacionutzche.org\/parcialidad-chuamazan\/","name":"Parcialidad Chuamaz\u00e1n - Asociaci\u00f3n Utz Che&#039;","isPartOf":{"@id":"https:\/\/asociacionutzche.org\/#website"},"datePublished":"2020-09-15T08:27:15+00:00","dateModified":"2020-09-15T08:31:02+00:00","breadcrumb":{"@id":"https:\/\/asociacionutzche.org\/parcialidad-chuamazan\/#breadcrumb"},"inLanguage":"en-US","potentialAction":[{"@type":"ReadAction","target":["https:\/\/asociacionutzche.org\/parcialidad-chuamazan\/"]}]},{"@type":"BreadcrumbList","@id":"https:\/\/asociacionutzche.org\/parcialidad-chuamazan\/#breadcrumb","itemListElement":[{"@type":"ListItem","position":1,"name":"Portada","item":"https:\/\/asociacionutzche.org\/"},{"@type":"ListItem","position":2,"name":"Parcialidad Chuamaz\u00e1n"}]},{"@type":"WebSite","@id":"https:\/\/asociacionutzche.org\/#website","url":"https:\/\/asociacionutzche.org\/","name":"Asociaci\u00f3n Utz Che'","description":"Asociaci\u00f3n de Forester\u00eda Comunitaria de Guatemala Utz Che&#039;","publisher":{"@id":"https:\/\/asociacionutzche.org\/#organization"},"potentialAction":[{"@type":"SearchAction","target":{"@type":"EntryPoint","urlTemplate":"https:\/\/asociacionutzche.org\/?s={search_term_string}"},"query-input":{"@type":"PropertyValueSpecification","valueRequired":true,"valueName":"search_term_string"}}],"inLanguage":"en-US"},{"@type":"Organization","@id":"https:\/\/asociacionutzche.org\/#organization","name":"Asociaci\u00f3n Utz Che'","url":"https:\/\/asociacionutzche.org\/","logo":{"@type":"ImageObject","inLanguage":"en-US","@id":"https:\/\/asociacionutzche.org\/#\/schema\/logo\/image\/","url":"https:\/\/asociacionutzche.org\/wp-content\/uploads\/2013\/11\/logo_footer.png","contentUrl":"https:\/\/asociacionutzche.org\/wp-content\/uploads\/2013\/11\/logo_footer.png","width":200,"height":76,"caption":"Asociaci\u00f3n Utz Che'"},"image":{"@id":"https:\/\/asociacionutzche.org\/#\/schema\/logo\/image\/"}}]}},"_links":{"self":[{"href":"https:\/\/asociacionutzche.org\/en\/wp-json\/wp\/v2\/pages\/3296","targetHints":{"allow":["GET"]}}],"collection":[{"href":"https:\/\/asociacionutzche.org\/en\/wp-json\/wp\/v2\/pages"}],"about":[{"href":"https:\/\/asociacionutzche.org\/en\/wp-json\/wp\/v2\/types\/page"}],"author":[{"embeddable":true,"href":"https:\/\/asociacionutzche.org\/en\/wp-json\/wp\/v2\/users\/1"}],"replies":[{"embeddable":true,"href":"https:\/\/asociacionutzche.org\/en\/wp-json\/wp\/v2\/comments?post=3296"}],"version-history":[{"count":2,"href":"https:\/\/asociacionutzche.org\/en\/wp-json\/wp\/v2\/pages\/3296\/revisions"}],"predecessor-version":[{"id":3300,"href":"https:\/\/asociacionutzche.org\/en\/wp-json\/wp\/v2\/pages\/3296\/revisions\/3300"}],"wp:attachment":[{"href":"https:\/\/asociacionutzche.org\/en\/wp-json\/wp\/v2\/media?parent=3296"}],"curies":[{"name":"wp","href":"https:\/\/api.w.org\/{rel}","templated":true}]}}