{"id":3292,"date":"2020-09-15T08:17:22","date_gmt":"2020-09-15T08:17:22","guid":{"rendered":"https:\/\/asociacionutzche.org\/?page_id=3292"},"modified":"2020-09-15T08:20:34","modified_gmt":"2020-09-15T08:20:34","slug":"parcialidad-baquiax","status":"publish","type":"page","link":"https:\/\/asociacionutzche.org\/en\/parcialidad-baquiax\/","title":{"rendered":"Parcialidad Baquiax"},"content":{"rendered":"<div class=\"wpb-content-wrapper\"><div class=\"vc_row wpb_row vc_row-fluid\" style=\"color: ;}\" ><div class=\"wpb_column vc_column_container vc_col-sm-12\"><div class=\"vc_column-inner\"><div class=\"wpb_wrapper\">\n\t<div class=\"wpb_text_column wpb_content_element\" >\n\t\t<div class=\"wpb_wrapper\">\n\t\t\t<p><span style=\"font-size: 12pt;\">La Parcialidad Baquiax es una comunidad perteneciente al pueblo maya K\u2019iche\u2019 ubicada en el cant\u00f3n Juchanep del municipio de Totonicap\u00e1n a una distancia de 6 kil\u00f3metros de la cabecera municipal; fue fundada en mayo de 1889 y se constituy\u00f3 como \u201cAsociaci\u00f3n Parcialidad Baquiax\u201d en el a\u00f1o 2009. <\/span><\/p>\n<p><span style=\"font-size: 12pt;\">Los miembros de la Parcialidad Baquiax a trav\u00e9s del cumplimiento de su servicio comunitario denominado K\u2019axko\u2019l en K\u2019iche\u2019 realizan actividades de vigilancia, control y monitoreo de las \u00e1reas boscosas para asegurar la protecci\u00f3n y conservaci\u00f3n de estas. Los guardabosques de la Parcialidad se encargan de realizar monitoreos diarios dentro del bosque con el objetivo de controlar y prevenir talas il\u00edcitas u otra problem\u00e1tica dentro del \u00e1rea, asegurando el bienestar de la diversidad biol\u00f3gica que se encuentra en la misma, as\u00ed como de las fuentes de agua que proveen de dicho insumo hacia las familias. El v\u00ednculo que poseen los miembros de la Parcialidad con su territorio promueve el inter\u00e9s y la gesti\u00f3n colectiva para asegurar los servicios que se obtienen de este a largo plazo, incluyendo como ya se menciona, el agua, el aire, la le\u00f1a y otros. <\/span><\/p>\n\n\t\t<\/div>\n\t<\/div>\n<\/div><\/div><\/div><\/div>\n<\/div>","protected":false},"excerpt":{"rendered":"La Parcialidad Baquiax es una comunidad perteneciente al pueblo maya K\u2019iche\u2019 ubicada en el cant\u00f3n Juchanep del municipio de Totonicap\u00e1n a una distancia de 6 kil\u00f3metros de la cabecera municipal; fue fundada en mayo de 1889 y se constituy\u00f3 como \u201cAsociaci\u00f3n Parcialidad Baquiax\u201d en el a\u00f1o 2009. Los miembros de la Parcialidad Baquiax a trav\u00e9s [...]","protected":false},"author":1,"featured_media":0,"parent":0,"menu_order":0,"comment_status":"closed","ping_status":"closed","template":"","meta":{"_bbp_topic_count":0,"_bbp_reply_count":0,"_bbp_total_topic_count":0,"_bbp_total_reply_count":0,"_bbp_voice_count":0,"_bbp_anonymous_reply_count":0,"_bbp_topic_count_hidden":0,"_bbp_reply_count_hidden":0,"_bbp_forum_subforum_count":0,"footnotes":""},"class_list":["post-3292","page","type-page","status-publish","hentry"],"yoast_head":"<!-- This site is optimized with the Yoast SEO plugin v27.5 - https:\/\/yoast.com\/product\/yoast-seo-wordpress\/ -->\n<title>Parcialidad Baquiax - Asociaci\u00f3n Utz Che&#039;<\/title>\n<meta name=\"robots\" content=\"index, follow, max-snippet:-1, max-image-preview:large, max-video-preview:-1\" \/>\n<link rel=\"canonical\" href=\"https:\/\/asociacionutzche.org\/en\/parcialidad-baquiax\/\" \/>\n<meta property=\"og:locale\" content=\"en_US\" \/>\n<meta property=\"og:type\" content=\"article\" \/>\n<meta property=\"og:title\" content=\"Parcialidad Baquiax - Asociaci\u00f3n Utz Che&#039;\" \/>\n<meta property=\"og:url\" content=\"https:\/\/asociacionutzche.org\/en\/parcialidad-baquiax\/\" \/>\n<meta property=\"og:site_name\" content=\"Asociaci\u00f3n Utz Che&#039;\" \/>\n<meta property=\"article:modified_time\" content=\"2020-09-15T08:20:34+00:00\" \/>\n<meta name=\"twitter:card\" content=\"summary_large_image\" \/>\n<meta name=\"twitter:label1\" content=\"Est. reading time\" \/>\n\t<meta name=\"twitter:data1\" content=\"1 minute\" \/>\n<script type=\"application\/ld+json\" class=\"yoast-schema-graph\">{\"@context\":\"https:\\\/\\\/schema.org\",\"@graph\":[{\"@type\":\"WebPage\",\"@id\":\"https:\\\/\\\/asociacionutzche.org\\\/parcialidad-baquiax\\\/\",\"url\":\"https:\\\/\\\/asociacionutzche.org\\\/parcialidad-baquiax\\\/\",\"name\":\"Parcialidad Baquiax - Asociaci\u00f3n Utz Che&#039;\",\"isPartOf\":{\"@id\":\"https:\\\/\\\/asociacionutzche.org\\\/#website\"},\"datePublished\":\"2020-09-15T08:17:22+00:00\",\"dateModified\":\"2020-09-15T08:20:34+00:00\",\"breadcrumb\":{\"@id\":\"https:\\\/\\\/asociacionutzche.org\\\/parcialidad-baquiax\\\/#breadcrumb\"},\"inLanguage\":\"en-US\",\"potentialAction\":[{\"@type\":\"ReadAction\",\"target\":[\"https:\\\/\\\/asociacionutzche.org\\\/parcialidad-baquiax\\\/\"]}]},{\"@type\":\"BreadcrumbList\",\"@id\":\"https:\\\/\\\/asociacionutzche.org\\\/parcialidad-baquiax\\\/#breadcrumb\",\"itemListElement\":[{\"@type\":\"ListItem\",\"position\":1,\"name\":\"Portada\",\"item\":\"https:\\\/\\\/asociacionutzche.org\\\/\"},{\"@type\":\"ListItem\",\"position\":2,\"name\":\"Parcialidad Baquiax\"}]},{\"@type\":\"WebSite\",\"@id\":\"https:\\\/\\\/asociacionutzche.org\\\/#website\",\"url\":\"https:\\\/\\\/asociacionutzche.org\\\/\",\"name\":\"Asociaci\u00f3n Utz Che'\",\"description\":\"Asociaci\u00f3n de Forester\u00eda Comunitaria de Guatemala Utz Che&#039;\",\"publisher\":{\"@id\":\"https:\\\/\\\/asociacionutzche.org\\\/#organization\"},\"potentialAction\":[{\"@type\":\"SearchAction\",\"target\":{\"@type\":\"EntryPoint\",\"urlTemplate\":\"https:\\\/\\\/asociacionutzche.org\\\/?s={search_term_string}\"},\"query-input\":{\"@type\":\"PropertyValueSpecification\",\"valueRequired\":true,\"valueName\":\"search_term_string\"}}],\"inLanguage\":\"en-US\"},{\"@type\":\"Organization\",\"@id\":\"https:\\\/\\\/asociacionutzche.org\\\/#organization\",\"name\":\"Asociaci\u00f3n Utz Che'\",\"url\":\"https:\\\/\\\/asociacionutzche.org\\\/\",\"logo\":{\"@type\":\"ImageObject\",\"inLanguage\":\"en-US\",\"@id\":\"https:\\\/\\\/asociacionutzche.org\\\/#\\\/schema\\\/logo\\\/image\\\/\",\"url\":\"https:\\\/\\\/asociacionutzche.org\\\/wp-content\\\/uploads\\\/2013\\\/11\\\/logo_footer.png\",\"contentUrl\":\"https:\\\/\\\/asociacionutzche.org\\\/wp-content\\\/uploads\\\/2013\\\/11\\\/logo_footer.png\",\"width\":200,\"height\":76,\"caption\":\"Asociaci\u00f3n Utz Che'\"},\"image\":{\"@id\":\"https:\\\/\\\/asociacionutzche.org\\\/#\\\/schema\\\/logo\\\/image\\\/\"}}]}<\/script>\n<!-- \/ Yoast SEO plugin. -->","yoast_head_json":{"title":"Parcialidad Baquiax - Asociaci\u00f3n Utz Che&#039;","robots":{"index":"index","follow":"follow","max-snippet":"max-snippet:-1","max-image-preview":"max-image-preview:large","max-video-preview":"max-video-preview:-1"},"canonical":"https:\/\/asociacionutzche.org\/en\/parcialidad-baquiax\/","og_locale":"en_US","og_type":"article","og_title":"Parcialidad Baquiax - Asociaci\u00f3n Utz Che&#039;","og_url":"https:\/\/asociacionutzche.org\/en\/parcialidad-baquiax\/","og_site_name":"Asociaci\u00f3n Utz Che&#039;","article_modified_time":"2020-09-15T08:20:34+00:00","twitter_card":"summary_large_image","twitter_misc":{"Est. reading time":"1 minute"},"schema":{"@context":"https:\/\/schema.org","@graph":[{"@type":"WebPage","@id":"https:\/\/asociacionutzche.org\/parcialidad-baquiax\/","url":"https:\/\/asociacionutzche.org\/parcialidad-baquiax\/","name":"Parcialidad Baquiax - Asociaci\u00f3n Utz Che&#039;","isPartOf":{"@id":"https:\/\/asociacionutzche.org\/#website"},"datePublished":"2020-09-15T08:17:22+00:00","dateModified":"2020-09-15T08:20:34+00:00","breadcrumb":{"@id":"https:\/\/asociacionutzche.org\/parcialidad-baquiax\/#breadcrumb"},"inLanguage":"en-US","potentialAction":[{"@type":"ReadAction","target":["https:\/\/asociacionutzche.org\/parcialidad-baquiax\/"]}]},{"@type":"BreadcrumbList","@id":"https:\/\/asociacionutzche.org\/parcialidad-baquiax\/#breadcrumb","itemListElement":[{"@type":"ListItem","position":1,"name":"Portada","item":"https:\/\/asociacionutzche.org\/"},{"@type":"ListItem","position":2,"name":"Parcialidad Baquiax"}]},{"@type":"WebSite","@id":"https:\/\/asociacionutzche.org\/#website","url":"https:\/\/asociacionutzche.org\/","name":"Asociaci\u00f3n Utz Che'","description":"Asociaci\u00f3n de Forester\u00eda Comunitaria de Guatemala Utz Che&#039;","publisher":{"@id":"https:\/\/asociacionutzche.org\/#organization"},"potentialAction":[{"@type":"SearchAction","target":{"@type":"EntryPoint","urlTemplate":"https:\/\/asociacionutzche.org\/?s={search_term_string}"},"query-input":{"@type":"PropertyValueSpecification","valueRequired":true,"valueName":"search_term_string"}}],"inLanguage":"en-US"},{"@type":"Organization","@id":"https:\/\/asociacionutzche.org\/#organization","name":"Asociaci\u00f3n Utz Che'","url":"https:\/\/asociacionutzche.org\/","logo":{"@type":"ImageObject","inLanguage":"en-US","@id":"https:\/\/asociacionutzche.org\/#\/schema\/logo\/image\/","url":"https:\/\/asociacionutzche.org\/wp-content\/uploads\/2013\/11\/logo_footer.png","contentUrl":"https:\/\/asociacionutzche.org\/wp-content\/uploads\/2013\/11\/logo_footer.png","width":200,"height":76,"caption":"Asociaci\u00f3n Utz Che'"},"image":{"@id":"https:\/\/asociacionutzche.org\/#\/schema\/logo\/image\/"}}]}},"_links":{"self":[{"href":"https:\/\/asociacionutzche.org\/en\/wp-json\/wp\/v2\/pages\/3292","targetHints":{"allow":["GET"]}}],"collection":[{"href":"https:\/\/asociacionutzche.org\/en\/wp-json\/wp\/v2\/pages"}],"about":[{"href":"https:\/\/asociacionutzche.org\/en\/wp-json\/wp\/v2\/types\/page"}],"author":[{"embeddable":true,"href":"https:\/\/asociacionutzche.org\/en\/wp-json\/wp\/v2\/users\/1"}],"replies":[{"embeddable":true,"href":"https:\/\/asociacionutzche.org\/en\/wp-json\/wp\/v2\/comments?post=3292"}],"version-history":[{"count":2,"href":"https:\/\/asociacionutzche.org\/en\/wp-json\/wp\/v2\/pages\/3292\/revisions"}],"predecessor-version":[{"id":3294,"href":"https:\/\/asociacionutzche.org\/en\/wp-json\/wp\/v2\/pages\/3292\/revisions\/3294"}],"wp:attachment":[{"href":"https:\/\/asociacionutzche.org\/en\/wp-json\/wp\/v2\/media?parent=3292"}],"curies":[{"name":"wp","href":"https:\/\/api.w.org\/{rel}","templated":true}]}}