{"id":3269,"date":"2020-09-15T05:48:15","date_gmt":"2020-09-15T05:48:15","guid":{"rendered":"https:\/\/asociacionutzche.org\/?page_id=3269"},"modified":"2025-07-15T17:41:39","modified_gmt":"2025-07-15T17:41:39","slug":"asociacion-de-desarrollo-integral-la-gloria-asodig","status":"publish","type":"page","link":"https:\/\/asociacionutzche.org\/en\/asociacion-de-desarrollo-integral-la-gloria-asodig\/","title":{"rendered":"ASOCIACI\u00d3N DE DESARROLLO INTEGRAL LA GLORIA- ASODIG"},"content":{"rendered":"<div class=\"wpb-content-wrapper\"><div class=\"vc_row wpb_row vc_row-fluid\" style=\"color: ;}\" ><div class=\"wpb_column vc_column_container vc_col-sm-12\"><div class=\"vc_column-inner \"><div class=\"wpb_wrapper\">\n\t<div class=\"wpb_text_column wpb_content_element\" >\n\t\t<div class=\"wpb_wrapper\">\n\t\t\t<p><span style=\"font-size: 12pt;\">Ubicada en Aldea La Gloria, Municipio de Uspant\u00e1n, El Quich\u00e9, es una asociaci\u00f3n legalmente constituida con el objetivo de buscar el desarrollo integral de sus socios y socias. La conforman familias de la comunidad de La Gloria.<\/span><\/p>\n<p><span style=\"font-size: 12pt;\">Por otro lado, en la comunidad de La Gloria existen pr\u00e1cticas agroforestales particulares que combinan la producci\u00f3n de especies madereras y energ\u00e9ticas con \u00e1rboles y plantas frutales y medicinales, pero principalmente cardamomo, que les sirve para la comercializaci\u00f3n. Recolectan sus propias semillas, principalmente de especies aut\u00f3ctonas (frutales, maderables, medicinales), con las que reforestan diferentes zonas de sus parcelas individuales. Tambi\u00e9n utilizan barreras vivas que pueden ser productos comestibles o servir para la conservaci\u00f3n del suelo. El conjunto de pr\u00e1cticas agroforestales de la aldea de La Gloria corresponde a pr\u00e1cticas y conocimientos locales en materia de gesti\u00f3n y producci\u00f3n que van m\u00e1s all\u00e1 de lo previsto en los sistemas agroforestales dise\u00f1ados y promovidos por el INAB.<\/span><\/p>\n<p><span style=\"font-size: 12pt;\"><em>\u00a0<\/em><\/span><\/p>\n\n\t\t<\/div>\n\t<\/div>\n\n\t<div class=\"wpb_text_column wpb_content_element\" >\n\t\t<div class=\"wpb_wrapper\">\n\t\t\t<ol>\n<li>Manejo, conservaci\u00f3n y protecci\u00f3n de sus recursos naturales ( agua, suelo y bosque)<\/li>\n<li>Gesti\u00f3n de emprendimientos que contribuye al buen vivir de los socios y socias.<\/li>\n<li>Incidencia en distintos espacios para hacer valer sus derechos.<\/li>\n<\/ol>\n\n\t\t<\/div>\n\t<\/div>\n<div class=\"vc_row wpb_row vc_inner vc_row-fluid\"><div class=\"wpb_column vc_column_container vc_col-sm-2\" data-equalizer-watch><div class=\"wpb_wrapper\"><\/div><\/div><div class=\"wpb_column vc_column_container vc_col-sm-8\" data-equalizer-watch><div class=\"wpb_wrapper\"><div class=\"wpb_gallery wpb_content_element vc_clearfix wpb_content_element\" ><div class=\"wpb_wrapper\"><div class=\"wpb_gallery_slides wpb_flexslider flexslider_slide flexslider\" data-interval=\"0\" data-flex_fx=\"slide\"><ul class=\"slides\"><li><a class=\"\" href=\"https:\/\/asociacionutzche.org\/wp-content\/uploads\/2020\/09\/La-Gloria.jpg\" data-lightbox=\"lightbox[rel-3269-870888369]\"><img loading=\"lazy\" decoding=\"async\" width=\"150\" height=\"150\" src=\"https:\/\/asociacionutzche.org\/wp-content\/uploads\/2020\/09\/La-Gloria-150x150.jpg\" class=\"attachment-thumbnail\" alt=\"\" title=\"La-Gloria\" srcset=\"https:\/\/asociacionutzche.org\/wp-content\/uploads\/2020\/09\/La-Gloria-150x150.jpg 150w, https:\/\/asociacionutzche.org\/wp-content\/uploads\/2020\/09\/La-Gloria-69x69.jpg 69w, https:\/\/asociacionutzche.org\/wp-content\/uploads\/2020\/09\/La-Gloria-744x750.jpg 744w\" sizes=\"auto, (max-width: 150px) 100vw, 150px\" \/><\/a><\/li><li><a class=\"\" href=\"https:\/\/asociacionutzche.org\/wp-content\/uploads\/2020\/09\/La-Gloria2.jpg\" data-lightbox=\"lightbox[rel-3269-870888369]\"><img loading=\"lazy\" decoding=\"async\" width=\"150\" height=\"150\" src=\"https:\/\/asociacionutzche.org\/wp-content\/uploads\/2020\/09\/La-Gloria2-150x150.jpg\" class=\"attachment-thumbnail\" alt=\"\" title=\"La-Gloria2\" srcset=\"https:\/\/asociacionutzche.org\/wp-content\/uploads\/2020\/09\/La-Gloria2-150x150.jpg 150w, https:\/\/asociacionutzche.org\/wp-content\/uploads\/2020\/09\/La-Gloria2-69x69.jpg 69w, https:\/\/asociacionutzche.org\/wp-content\/uploads\/2020\/09\/La-Gloria2-744x749.jpg 744w\" sizes=\"auto, (max-width: 150px) 100vw, 150px\" \/><\/a><\/li><\/ul><\/div><\/div><\/div><\/div><\/div><div class=\"wpb_column vc_column_container vc_col-sm-2\" data-equalizer-watch><div class=\"wpb_wrapper\"><\/div><\/div><\/div><\/div><\/div><\/div><\/div>\n<\/div>","protected":false},"excerpt":{"rendered":"Ubicada en Aldea La Gloria, Municipio de Uspant\u00e1n, El Quich\u00e9, es una asociaci\u00f3n legalmente constituida con el objetivo de buscar el desarrollo integral de sus socios y socias. La conforman familias de la comunidad de La Gloria. Por otro lado, en la comunidad de La Gloria existen pr\u00e1cticas agroforestales particulares que combinan la producci\u00f3n de [...]","protected":false},"author":1,"featured_media":0,"parent":0,"menu_order":0,"comment_status":"closed","ping_status":"closed","template":"","meta":{"_bbp_topic_count":0,"_bbp_reply_count":0,"_bbp_total_topic_count":0,"_bbp_total_reply_count":0,"_bbp_voice_count":0,"_bbp_anonymous_reply_count":0,"_bbp_topic_count_hidden":0,"_bbp_reply_count_hidden":0,"_bbp_forum_subforum_count":0,"footnotes":""},"class_list":["post-3269","page","type-page","status-publish","hentry"],"yoast_head":"<!-- This site is optimized with the Yoast SEO plugin v27.4 - https:\/\/yoast.com\/product\/yoast-seo-wordpress\/ -->\n<title>ASOCIACI\u00d3N DE DESARROLLO INTEGRAL LA GLORIA- ASODIG - Asociaci\u00f3n Utz Che&#039;<\/title>\n<meta name=\"robots\" content=\"index, follow, max-snippet:-1, max-image-preview:large, max-video-preview:-1\" \/>\n<link rel=\"canonical\" href=\"https:\/\/asociacionutzche.org\/en\/asociacion-de-desarrollo-integral-la-gloria-asodig\/\" \/>\n<meta property=\"og:locale\" content=\"en_US\" \/>\n<meta property=\"og:type\" content=\"article\" \/>\n<meta property=\"og:title\" content=\"ASOCIACI\u00d3N DE DESARROLLO INTEGRAL LA GLORIA- ASODIG - Asociaci\u00f3n Utz Che&#039;\" \/>\n<meta property=\"og:url\" content=\"https:\/\/asociacionutzche.org\/en\/asociacion-de-desarrollo-integral-la-gloria-asodig\/\" \/>\n<meta property=\"og:site_name\" content=\"Asociaci\u00f3n Utz Che&#039;\" \/>\n<meta property=\"article:modified_time\" content=\"2025-07-15T17:41:39+00:00\" \/>\n<meta name=\"twitter:card\" content=\"summary_large_image\" \/>\n<meta name=\"twitter:label1\" content=\"Est. reading time\" \/>\n\t<meta name=\"twitter:data1\" content=\"1 minute\" \/>\n<script type=\"application\/ld+json\" class=\"yoast-schema-graph\">{\"@context\":\"https:\\\/\\\/schema.org\",\"@graph\":[{\"@type\":\"WebPage\",\"@id\":\"https:\\\/\\\/asociacionutzche.org\\\/asociacion-de-desarrollo-integral-la-gloria-asodig\\\/\",\"url\":\"https:\\\/\\\/asociacionutzche.org\\\/asociacion-de-desarrollo-integral-la-gloria-asodig\\\/\",\"name\":\"ASOCIACI\u00d3N DE DESARROLLO INTEGRAL LA GLORIA- ASODIG - Asociaci\u00f3n Utz Che&#039;\",\"isPartOf\":{\"@id\":\"https:\\\/\\\/asociacionutzche.org\\\/#website\"},\"datePublished\":\"2020-09-15T05:48:15+00:00\",\"dateModified\":\"2025-07-15T17:41:39+00:00\",\"breadcrumb\":{\"@id\":\"https:\\\/\\\/asociacionutzche.org\\\/asociacion-de-desarrollo-integral-la-gloria-asodig\\\/#breadcrumb\"},\"inLanguage\":\"en-US\",\"potentialAction\":[{\"@type\":\"ReadAction\",\"target\":[\"https:\\\/\\\/asociacionutzche.org\\\/asociacion-de-desarrollo-integral-la-gloria-asodig\\\/\"]}]},{\"@type\":\"BreadcrumbList\",\"@id\":\"https:\\\/\\\/asociacionutzche.org\\\/asociacion-de-desarrollo-integral-la-gloria-asodig\\\/#breadcrumb\",\"itemListElement\":[{\"@type\":\"ListItem\",\"position\":1,\"name\":\"Portada\",\"item\":\"https:\\\/\\\/asociacionutzche.org\\\/\"},{\"@type\":\"ListItem\",\"position\":2,\"name\":\"ASOCIACI\u00d3N DE DESARROLLO INTEGRAL LA GLORIA- ASODIG\"}]},{\"@type\":\"WebSite\",\"@id\":\"https:\\\/\\\/asociacionutzche.org\\\/#website\",\"url\":\"https:\\\/\\\/asociacionutzche.org\\\/\",\"name\":\"Asociaci\u00f3n Utz Che'\",\"description\":\"Asociaci\u00f3n de Forester\u00eda Comunitaria de Guatemala Utz Che&#039;\",\"publisher\":{\"@id\":\"https:\\\/\\\/asociacionutzche.org\\\/#organization\"},\"potentialAction\":[{\"@type\":\"SearchAction\",\"target\":{\"@type\":\"EntryPoint\",\"urlTemplate\":\"https:\\\/\\\/asociacionutzche.org\\\/?s={search_term_string}\"},\"query-input\":{\"@type\":\"PropertyValueSpecification\",\"valueRequired\":true,\"valueName\":\"search_term_string\"}}],\"inLanguage\":\"en-US\"},{\"@type\":\"Organization\",\"@id\":\"https:\\\/\\\/asociacionutzche.org\\\/#organization\",\"name\":\"Asociaci\u00f3n Utz Che'\",\"url\":\"https:\\\/\\\/asociacionutzche.org\\\/\",\"logo\":{\"@type\":\"ImageObject\",\"inLanguage\":\"en-US\",\"@id\":\"https:\\\/\\\/asociacionutzche.org\\\/#\\\/schema\\\/logo\\\/image\\\/\",\"url\":\"https:\\\/\\\/asociacionutzche.org\\\/wp-content\\\/uploads\\\/2013\\\/11\\\/logo_footer.png\",\"contentUrl\":\"https:\\\/\\\/asociacionutzche.org\\\/wp-content\\\/uploads\\\/2013\\\/11\\\/logo_footer.png\",\"width\":200,\"height\":76,\"caption\":\"Asociaci\u00f3n Utz Che'\"},\"image\":{\"@id\":\"https:\\\/\\\/asociacionutzche.org\\\/#\\\/schema\\\/logo\\\/image\\\/\"}}]}<\/script>\n<!-- \/ Yoast SEO plugin. -->","yoast_head_json":{"title":"ASOCIACI\u00d3N DE DESARROLLO INTEGRAL LA GLORIA- ASODIG - Asociaci\u00f3n Utz Che&#039;","robots":{"index":"index","follow":"follow","max-snippet":"max-snippet:-1","max-image-preview":"max-image-preview:large","max-video-preview":"max-video-preview:-1"},"canonical":"https:\/\/asociacionutzche.org\/en\/asociacion-de-desarrollo-integral-la-gloria-asodig\/","og_locale":"en_US","og_type":"article","og_title":"ASOCIACI\u00d3N DE DESARROLLO INTEGRAL LA GLORIA- ASODIG - Asociaci\u00f3n Utz Che&#039;","og_url":"https:\/\/asociacionutzche.org\/en\/asociacion-de-desarrollo-integral-la-gloria-asodig\/","og_site_name":"Asociaci\u00f3n Utz Che&#039;","article_modified_time":"2025-07-15T17:41:39+00:00","twitter_card":"summary_large_image","twitter_misc":{"Est. reading time":"1 minute"},"schema":{"@context":"https:\/\/schema.org","@graph":[{"@type":"WebPage","@id":"https:\/\/asociacionutzche.org\/asociacion-de-desarrollo-integral-la-gloria-asodig\/","url":"https:\/\/asociacionutzche.org\/asociacion-de-desarrollo-integral-la-gloria-asodig\/","name":"ASOCIACI\u00d3N DE DESARROLLO INTEGRAL LA GLORIA- ASODIG - Asociaci\u00f3n Utz Che&#039;","isPartOf":{"@id":"https:\/\/asociacionutzche.org\/#website"},"datePublished":"2020-09-15T05:48:15+00:00","dateModified":"2025-07-15T17:41:39+00:00","breadcrumb":{"@id":"https:\/\/asociacionutzche.org\/asociacion-de-desarrollo-integral-la-gloria-asodig\/#breadcrumb"},"inLanguage":"en-US","potentialAction":[{"@type":"ReadAction","target":["https:\/\/asociacionutzche.org\/asociacion-de-desarrollo-integral-la-gloria-asodig\/"]}]},{"@type":"BreadcrumbList","@id":"https:\/\/asociacionutzche.org\/asociacion-de-desarrollo-integral-la-gloria-asodig\/#breadcrumb","itemListElement":[{"@type":"ListItem","position":1,"name":"Portada","item":"https:\/\/asociacionutzche.org\/"},{"@type":"ListItem","position":2,"name":"ASOCIACI\u00d3N DE DESARROLLO INTEGRAL LA GLORIA- ASODIG"}]},{"@type":"WebSite","@id":"https:\/\/asociacionutzche.org\/#website","url":"https:\/\/asociacionutzche.org\/","name":"Asociaci\u00f3n Utz Che'","description":"Asociaci\u00f3n de Forester\u00eda Comunitaria de Guatemala Utz Che&#039;","publisher":{"@id":"https:\/\/asociacionutzche.org\/#organization"},"potentialAction":[{"@type":"SearchAction","target":{"@type":"EntryPoint","urlTemplate":"https:\/\/asociacionutzche.org\/?s={search_term_string}"},"query-input":{"@type":"PropertyValueSpecification","valueRequired":true,"valueName":"search_term_string"}}],"inLanguage":"en-US"},{"@type":"Organization","@id":"https:\/\/asociacionutzche.org\/#organization","name":"Asociaci\u00f3n Utz Che'","url":"https:\/\/asociacionutzche.org\/","logo":{"@type":"ImageObject","inLanguage":"en-US","@id":"https:\/\/asociacionutzche.org\/#\/schema\/logo\/image\/","url":"https:\/\/asociacionutzche.org\/wp-content\/uploads\/2013\/11\/logo_footer.png","contentUrl":"https:\/\/asociacionutzche.org\/wp-content\/uploads\/2013\/11\/logo_footer.png","width":200,"height":76,"caption":"Asociaci\u00f3n Utz Che'"},"image":{"@id":"https:\/\/asociacionutzche.org\/#\/schema\/logo\/image\/"}}]}},"_links":{"self":[{"href":"https:\/\/asociacionutzche.org\/en\/wp-json\/wp\/v2\/pages\/3269","targetHints":{"allow":["GET"]}}],"collection":[{"href":"https:\/\/asociacionutzche.org\/en\/wp-json\/wp\/v2\/pages"}],"about":[{"href":"https:\/\/asociacionutzche.org\/en\/wp-json\/wp\/v2\/types\/page"}],"author":[{"embeddable":true,"href":"https:\/\/asociacionutzche.org\/en\/wp-json\/wp\/v2\/users\/1"}],"replies":[{"embeddable":true,"href":"https:\/\/asociacionutzche.org\/en\/wp-json\/wp\/v2\/comments?post=3269"}],"version-history":[{"count":3,"href":"https:\/\/asociacionutzche.org\/en\/wp-json\/wp\/v2\/pages\/3269\/revisions"}],"predecessor-version":[{"id":3798,"href":"https:\/\/asociacionutzche.org\/en\/wp-json\/wp\/v2\/pages\/3269\/revisions\/3798"}],"wp:attachment":[{"href":"https:\/\/asociacionutzche.org\/en\/wp-json\/wp\/v2\/media?parent=3269"}],"curies":[{"name":"wp","href":"https:\/\/api.w.org\/{rel}","templated":true}]}}