{"id":3262,"date":"2020-09-15T00:20:50","date_gmt":"2020-09-15T00:20:50","guid":{"rendered":"https:\/\/asociacionutzche.org\/?page_id=3262"},"modified":"2025-07-15T17:38:04","modified_gmt":"2025-07-15T17:38:04","slug":"asociacion-de-campesinos-forestales-adecaf","status":"publish","type":"page","link":"https:\/\/asociacionutzche.org\/en\/asociacion-de-campesinos-forestales-adecaf\/","title":{"rendered":"Asociaci\u00f3n de Campesinos Forestales ADECAF"},"content":{"rendered":"<div class=\"wpb-content-wrapper\"><div class=\"vc_row wpb_row vc_row-fluid\" style=\"color: ;}\" ><div class=\"wpb_column vc_column_container vc_col-sm-12\"><div class=\"vc_column-inner \"><div class=\"wpb_wrapper\">\n\t<div class=\"wpb_text_column wpb_content_element\" >\n\t\t<div class=\"wpb_wrapper\">\n\t\t\t<p><span style=\"font-size: 12pt;\">Ubicada en el caseri\u0301o Buena Vista, Aldea Chichim, Todos Santos Cuchumatan, Huehuetenango, la organizacio\u0301n de primer grado fundado en 1997 por la iniciativa de un pequen\u0303o grupo de personas. La asociacio\u0301n cuenta con 4 l\u00edneas estrat\u00e9gicas :<\/span><\/p>\n<p><span style=\"font-size: 12pt;\">\u2013 Desarrollo de potencialidades t\u00e9cnico administrativas y de comunicaci\u00f3n de la asociaci\u00f3n<\/span><\/p>\n<p><span style=\"font-size: 12pt;\">\u2013 Manejo y aprovechamiento de proyectos sostenibles sociales y productivos<\/span><\/p>\n<p><span style=\"font-size: 12pt;\">\u2013 Administraci\u00f3n de la cartera crediticia<\/span><\/p>\n<p><span style=\"font-size: 12pt;\">\u2013 Desarrollo de proyectos sociales para socios, socias, usuarios y usuarias de la asociaci\u00f3n.<\/span><\/p>\n<p><span style=\"font-size: 12pt;\">Los socios y usuarios de ADECAF han ingresado al menos 261.08 hecta\u0301reas para la regeneracio\u0301n natural, 301.26 hecta\u0301reas para la proteccio\u0301n de bosque natural y 35.64 hecta\u0301reas para la reforestacio\u0301n.<\/span><\/p>\n<p><span style=\"font-size: 12pt;\">Actualmente se ha propiciado un modelo ecolo\u0301gico cerrado, adaptado y sostenible por medio de la crianza de ovejas en apriscos, la produccio\u0301n de papa con abono orga\u0301nico del estie\u0301rcol de ovejas y los incentivos forestales.<\/span><\/p>\n<p><span style=\"font-size: 12pt;\">La asociacion cuenta con una biofabrica para la elaboraci\u00f3n y la comercializaci\u00f3n de bioinsumos. Ademas, desarrollo una iniciativa de turismo comunitario en su parque Ecotur\u00edstico \u00ab\u00a0Puertas del Cielo\u00a0\u00bb que combina naturaleza, tradici\u00f3n y hospitalidad. Se trata de un sendero de turismo comunitario que permite adentrarse dentro de un bosque protegido de pinabete con miradores. Este espacio tambi\u00e9n sirve para dar a conocer la forester\u00eda comunitaria y el modelo de agricultura campesina. Los visitantes no solo disfrutan de un entorno natural preservado, sino que tambi\u00e9n se sumergen en un estilo de vida que cuida el territorio y preserva las ra\u00edces culturales. El proyecto se ha concebido como respuesta a la migraci\u00f3n forzada y tiene como objetivo fortalecer la econom\u00eda local, crear empleos dignos y dar a conocer el trabajo realizado por las comunidades ind\u00edgenas para preservar sus bosques.<\/span><\/p>\n\n\t\t<\/div>\n\t<\/div>\n<div class=\"vc_row wpb_row vc_inner vc_row-fluid\"><div class=\"wpb_column vc_column_container vc_col-sm-2\" data-equalizer-watch><div class=\"wpb_wrapper\"><\/div><\/div><div class=\"wpb_column vc_column_container vc_col-sm-8\" data-equalizer-watch><div class=\"wpb_wrapper\"><div class=\"wpb_gallery wpb_content_element vc_clearfix wpb_content_element\" ><div class=\"wpb_wrapper\"><div class=\"wpb_gallery_slides wpb_flexslider flexslider_slide flexslider\" data-interval=\"0\" data-flex_fx=\"slide\"><ul class=\"slides\"><li><a class=\"\" href=\"https:\/\/asociacionutzche.org\/wp-content\/uploads\/2020\/09\/Adecaf3-1024x768.jpeg\" data-lightbox=\"lightbox[rel-3262-751615101]\"><img loading=\"lazy\" decoding=\"async\" width=\"150\" height=\"150\" src=\"https:\/\/asociacionutzche.org\/wp-content\/uploads\/2020\/09\/Adecaf3-150x150.jpeg\" class=\"attachment-thumbnail\" alt=\"\" title=\"Adecaf3\" srcset=\"https:\/\/asociacionutzche.org\/wp-content\/uploads\/2020\/09\/Adecaf3-150x150.jpeg 150w, https:\/\/asociacionutzche.org\/wp-content\/uploads\/2020\/09\/Adecaf3-69x69.jpeg 69w\" sizes=\"auto, (max-width: 150px) 100vw, 150px\" \/><\/a><\/li><li><a class=\"\" href=\"https:\/\/asociacionutzche.org\/wp-content\/uploads\/2020\/09\/Adecaf4.jpg\" data-lightbox=\"lightbox[rel-3262-751615101]\"><img loading=\"lazy\" decoding=\"async\" width=\"150\" height=\"150\" src=\"https:\/\/asociacionutzche.org\/wp-content\/uploads\/2020\/09\/Adecaf4-150x150.jpg\" class=\"attachment-thumbnail\" alt=\"\" title=\"Adecaf4\" srcset=\"https:\/\/asociacionutzche.org\/wp-content\/uploads\/2020\/09\/Adecaf4-150x150.jpg 150w, https:\/\/asociacionutzche.org\/wp-content\/uploads\/2020\/09\/Adecaf4-69x69.jpg 69w\" sizes=\"auto, (max-width: 150px) 100vw, 150px\" \/><\/a><\/li><\/ul><\/div><\/div><\/div><\/div><\/div><div class=\"wpb_column vc_column_container vc_col-sm-2\" data-equalizer-watch><div class=\"wpb_wrapper\"><\/div><\/div><\/div><\/div><\/div><\/div><\/div>\n<\/div>","protected":false},"excerpt":{"rendered":"Ubicada en el caseri\u0301o Buena Vista, Aldea Chichim, Todos Santos Cuchumatan, Huehuetenango, la organizacio\u0301n de primer grado fundado en 1997 por la iniciativa de un pequen\u0303o grupo de personas. La asociacio\u0301n cuenta con 4 l\u00edneas estrat\u00e9gicas : - Desarrollo de potencialidades t\u00e9cnico administrativas y de comunicaci\u00f3n de la asociaci\u00f3n - Manejo y aprovechamiento de proyectos [...]","protected":false},"author":1,"featured_media":0,"parent":0,"menu_order":0,"comment_status":"closed","ping_status":"closed","template":"","meta":{"_bbp_topic_count":0,"_bbp_reply_count":0,"_bbp_total_topic_count":0,"_bbp_total_reply_count":0,"_bbp_voice_count":0,"_bbp_anonymous_reply_count":0,"_bbp_topic_count_hidden":0,"_bbp_reply_count_hidden":0,"_bbp_forum_subforum_count":0,"footnotes":""},"class_list":["post-3262","page","type-page","status-publish","hentry"],"yoast_head":"<!-- This site is optimized with the Yoast SEO plugin v27.5 - https:\/\/yoast.com\/product\/yoast-seo-wordpress\/ -->\n<title>Asociaci\u00f3n de Campesinos Forestales ADECAF - Asociaci\u00f3n Utz Che&#039;<\/title>\n<meta name=\"robots\" content=\"index, follow, max-snippet:-1, max-image-preview:large, max-video-preview:-1\" \/>\n<link rel=\"canonical\" href=\"https:\/\/asociacionutzche.org\/en\/asociacion-de-campesinos-forestales-adecaf\/\" \/>\n<meta property=\"og:locale\" content=\"en_US\" \/>\n<meta property=\"og:type\" content=\"article\" \/>\n<meta property=\"og:title\" content=\"Asociaci\u00f3n de Campesinos Forestales ADECAF - Asociaci\u00f3n Utz Che&#039;\" \/>\n<meta property=\"og:url\" content=\"https:\/\/asociacionutzche.org\/en\/asociacion-de-campesinos-forestales-adecaf\/\" \/>\n<meta property=\"og:site_name\" content=\"Asociaci\u00f3n Utz Che&#039;\" \/>\n<meta property=\"article:modified_time\" content=\"2025-07-15T17:38:04+00:00\" \/>\n<meta name=\"twitter:card\" content=\"summary_large_image\" \/>\n<meta name=\"twitter:label1\" content=\"Est. reading time\" \/>\n\t<meta name=\"twitter:data1\" content=\"2 minutes\" \/>\n<script type=\"application\/ld+json\" class=\"yoast-schema-graph\">{\"@context\":\"https:\\\/\\\/schema.org\",\"@graph\":[{\"@type\":\"WebPage\",\"@id\":\"https:\\\/\\\/asociacionutzche.org\\\/asociacion-de-campesinos-forestales-adecaf\\\/\",\"url\":\"https:\\\/\\\/asociacionutzche.org\\\/asociacion-de-campesinos-forestales-adecaf\\\/\",\"name\":\"Asociaci\u00f3n de Campesinos Forestales ADECAF - Asociaci\u00f3n Utz Che&#039;\",\"isPartOf\":{\"@id\":\"https:\\\/\\\/asociacionutzche.org\\\/#website\"},\"datePublished\":\"2020-09-15T00:20:50+00:00\",\"dateModified\":\"2025-07-15T17:38:04+00:00\",\"breadcrumb\":{\"@id\":\"https:\\\/\\\/asociacionutzche.org\\\/asociacion-de-campesinos-forestales-adecaf\\\/#breadcrumb\"},\"inLanguage\":\"en-US\",\"potentialAction\":[{\"@type\":\"ReadAction\",\"target\":[\"https:\\\/\\\/asociacionutzche.org\\\/asociacion-de-campesinos-forestales-adecaf\\\/\"]}]},{\"@type\":\"BreadcrumbList\",\"@id\":\"https:\\\/\\\/asociacionutzche.org\\\/asociacion-de-campesinos-forestales-adecaf\\\/#breadcrumb\",\"itemListElement\":[{\"@type\":\"ListItem\",\"position\":1,\"name\":\"Portada\",\"item\":\"https:\\\/\\\/asociacionutzche.org\\\/\"},{\"@type\":\"ListItem\",\"position\":2,\"name\":\"Asociaci\u00f3n de Campesinos Forestales ADECAF\"}]},{\"@type\":\"WebSite\",\"@id\":\"https:\\\/\\\/asociacionutzche.org\\\/#website\",\"url\":\"https:\\\/\\\/asociacionutzche.org\\\/\",\"name\":\"Asociaci\u00f3n Utz Che'\",\"description\":\"Asociaci\u00f3n de Forester\u00eda Comunitaria de Guatemala Utz Che&#039;\",\"publisher\":{\"@id\":\"https:\\\/\\\/asociacionutzche.org\\\/#organization\"},\"potentialAction\":[{\"@type\":\"SearchAction\",\"target\":{\"@type\":\"EntryPoint\",\"urlTemplate\":\"https:\\\/\\\/asociacionutzche.org\\\/?s={search_term_string}\"},\"query-input\":{\"@type\":\"PropertyValueSpecification\",\"valueRequired\":true,\"valueName\":\"search_term_string\"}}],\"inLanguage\":\"en-US\"},{\"@type\":\"Organization\",\"@id\":\"https:\\\/\\\/asociacionutzche.org\\\/#organization\",\"name\":\"Asociaci\u00f3n Utz Che'\",\"url\":\"https:\\\/\\\/asociacionutzche.org\\\/\",\"logo\":{\"@type\":\"ImageObject\",\"inLanguage\":\"en-US\",\"@id\":\"https:\\\/\\\/asociacionutzche.org\\\/#\\\/schema\\\/logo\\\/image\\\/\",\"url\":\"https:\\\/\\\/asociacionutzche.org\\\/wp-content\\\/uploads\\\/2013\\\/11\\\/logo_footer.png\",\"contentUrl\":\"https:\\\/\\\/asociacionutzche.org\\\/wp-content\\\/uploads\\\/2013\\\/11\\\/logo_footer.png\",\"width\":200,\"height\":76,\"caption\":\"Asociaci\u00f3n Utz Che'\"},\"image\":{\"@id\":\"https:\\\/\\\/asociacionutzche.org\\\/#\\\/schema\\\/logo\\\/image\\\/\"}}]}<\/script>\n<!-- \/ Yoast SEO plugin. -->","yoast_head_json":{"title":"Asociaci\u00f3n de Campesinos Forestales ADECAF - Asociaci\u00f3n Utz Che&#039;","robots":{"index":"index","follow":"follow","max-snippet":"max-snippet:-1","max-image-preview":"max-image-preview:large","max-video-preview":"max-video-preview:-1"},"canonical":"https:\/\/asociacionutzche.org\/en\/asociacion-de-campesinos-forestales-adecaf\/","og_locale":"en_US","og_type":"article","og_title":"Asociaci\u00f3n de Campesinos Forestales ADECAF - Asociaci\u00f3n Utz Che&#039;","og_url":"https:\/\/asociacionutzche.org\/en\/asociacion-de-campesinos-forestales-adecaf\/","og_site_name":"Asociaci\u00f3n Utz Che&#039;","article_modified_time":"2025-07-15T17:38:04+00:00","twitter_card":"summary_large_image","twitter_misc":{"Est. reading time":"2 minutes"},"schema":{"@context":"https:\/\/schema.org","@graph":[{"@type":"WebPage","@id":"https:\/\/asociacionutzche.org\/asociacion-de-campesinos-forestales-adecaf\/","url":"https:\/\/asociacionutzche.org\/asociacion-de-campesinos-forestales-adecaf\/","name":"Asociaci\u00f3n de Campesinos Forestales ADECAF - Asociaci\u00f3n Utz Che&#039;","isPartOf":{"@id":"https:\/\/asociacionutzche.org\/#website"},"datePublished":"2020-09-15T00:20:50+00:00","dateModified":"2025-07-15T17:38:04+00:00","breadcrumb":{"@id":"https:\/\/asociacionutzche.org\/asociacion-de-campesinos-forestales-adecaf\/#breadcrumb"},"inLanguage":"en-US","potentialAction":[{"@type":"ReadAction","target":["https:\/\/asociacionutzche.org\/asociacion-de-campesinos-forestales-adecaf\/"]}]},{"@type":"BreadcrumbList","@id":"https:\/\/asociacionutzche.org\/asociacion-de-campesinos-forestales-adecaf\/#breadcrumb","itemListElement":[{"@type":"ListItem","position":1,"name":"Portada","item":"https:\/\/asociacionutzche.org\/"},{"@type":"ListItem","position":2,"name":"Asociaci\u00f3n de Campesinos Forestales ADECAF"}]},{"@type":"WebSite","@id":"https:\/\/asociacionutzche.org\/#website","url":"https:\/\/asociacionutzche.org\/","name":"Asociaci\u00f3n Utz Che'","description":"Asociaci\u00f3n de Forester\u00eda Comunitaria de Guatemala Utz Che&#039;","publisher":{"@id":"https:\/\/asociacionutzche.org\/#organization"},"potentialAction":[{"@type":"SearchAction","target":{"@type":"EntryPoint","urlTemplate":"https:\/\/asociacionutzche.org\/?s={search_term_string}"},"query-input":{"@type":"PropertyValueSpecification","valueRequired":true,"valueName":"search_term_string"}}],"inLanguage":"en-US"},{"@type":"Organization","@id":"https:\/\/asociacionutzche.org\/#organization","name":"Asociaci\u00f3n Utz Che'","url":"https:\/\/asociacionutzche.org\/","logo":{"@type":"ImageObject","inLanguage":"en-US","@id":"https:\/\/asociacionutzche.org\/#\/schema\/logo\/image\/","url":"https:\/\/asociacionutzche.org\/wp-content\/uploads\/2013\/11\/logo_footer.png","contentUrl":"https:\/\/asociacionutzche.org\/wp-content\/uploads\/2013\/11\/logo_footer.png","width":200,"height":76,"caption":"Asociaci\u00f3n Utz Che'"},"image":{"@id":"https:\/\/asociacionutzche.org\/#\/schema\/logo\/image\/"}}]}},"_links":{"self":[{"href":"https:\/\/asociacionutzche.org\/en\/wp-json\/wp\/v2\/pages\/3262","targetHints":{"allow":["GET"]}}],"collection":[{"href":"https:\/\/asociacionutzche.org\/en\/wp-json\/wp\/v2\/pages"}],"about":[{"href":"https:\/\/asociacionutzche.org\/en\/wp-json\/wp\/v2\/types\/page"}],"author":[{"embeddable":true,"href":"https:\/\/asociacionutzche.org\/en\/wp-json\/wp\/v2\/users\/1"}],"replies":[{"embeddable":true,"href":"https:\/\/asociacionutzche.org\/en\/wp-json\/wp\/v2\/comments?post=3262"}],"version-history":[{"count":5,"href":"https:\/\/asociacionutzche.org\/en\/wp-json\/wp\/v2\/pages\/3262\/revisions"}],"predecessor-version":[{"id":3796,"href":"https:\/\/asociacionutzche.org\/en\/wp-json\/wp\/v2\/pages\/3262\/revisions\/3796"}],"wp:attachment":[{"href":"https:\/\/asociacionutzche.org\/en\/wp-json\/wp\/v2\/media?parent=3262"}],"curies":[{"name":"wp","href":"https:\/\/api.w.org\/{rel}","templated":true}]}}