{"id":3255,"date":"2020-09-14T23:44:01","date_gmt":"2020-09-14T23:44:01","guid":{"rendered":"https:\/\/asociacionutzche.org\/?page_id=3255"},"modified":"2025-07-15T17:28:56","modified_gmt":"2025-07-15T17:28:56","slug":"asociacion-agropecuaria-y-artesanal-para-el-desarrollo-la-guadalupana","status":"publish","type":"page","link":"https:\/\/asociacionutzche.org\/en\/asociacion-agropecuaria-y-artesanal-para-el-desarrollo-la-guadalupana\/","title":{"rendered":"Asociaci\u00f3n Agropecuaria y artesanal para el desarrollo \u201cLa Guadalupana\u201d"},"content":{"rendered":"<div class=\"wpb-content-wrapper\"><div class=\"vc_row wpb_row vc_row-fluid\" style=\"color: ;}\" ><div class=\"wpb_column vc_column_container vc_col-sm-12\"><div class=\"vc_column-inner \"><div class=\"wpb_wrapper\">\n\t<div class=\"wpb_text_column wpb_content_element\" >\n\t\t<div class=\"wpb_wrapper\">\n\t\t\t<p><span style=\"font-size: 12pt;\">Ubicada en el Kil\u00f3metro 145, Aldea El Novillero, Santa Luc\u00eda Utatl\u00e1n, Solol\u00e1; Asociaci\u00f3n Agropecuaria y Artesanal para el Desarrollo \u201cLa Guadalupana\u201d inicia su proceso de conformaci\u00f3n en el a\u00f1o de 1989 y se concreta al obtener su personer\u00eda jur\u00eddica, como entidad no lucrativa, el 12 de Diciembre de 1990, estableciendo como objetivo, promover el desarrollo integral de sus asociados y comunitarios, que en su mayor\u00eda son agricultores y artesanos, mediante la ejecuci\u00f3n de proyectos productivos en base a la conservaci\u00f3n de sus recursos naturales.<\/span><\/p>\n<p><span style=\"font-size: 12pt;\">En el a\u00f1o 2002 abren las puertas del parque Ecotur\u00edstico Uk\u00b4ux K\u00b4achelaj, que traducido del idioma K\u2019iche\u2019 significa \u201cCoraz\u00f3n del Bosque\u201d, el objetivo es ofrecer una nueva alternativa de sana diversi\u00f3n al turista nacional e internacional, enmarcado en el turismo ecol\u00f3gico, comunitario y sostenible, propiciando una cultura de protecci\u00f3n y conservaci\u00f3n de los recursos naturales, al mismo tiempo que ofrece una estrategia de sostenibilidad financiera.<\/span><\/p>\n<p><span style=\"font-size: 12pt;\">Los objetivos de la asociaci\u00f3n son: conservar y valorar la riqueza natural propia del \u00e1rea; valorar y promover las costumbres y tradiciones de la cultura Maya K\u2019iche\u2019 a trav\u00e9s de actividades de turismo rural comunitario sostenible; mejorar el conocimiento y capacidades de la poblaci\u00f3n local a trav\u00e9s de actividades de educaci\u00f3n ambiental; contribuir al desarrollo econ\u00f3mico local; ofrecer a la poblaci\u00f3n local espacios para la recreaci\u00f3n y el esparcimiento.<\/span><\/p>\n\n\t\t<\/div>\n\t<\/div>\n<div class=\"vc_row wpb_row vc_inner vc_row-fluid\"><div class=\"wpb_column vc_column_container vc_col-sm-2\" data-equalizer-watch><div class=\"wpb_wrapper\"><\/div><\/div><div class=\"wpb_column vc_column_container vc_col-sm-8\" data-equalizer-watch><div class=\"wpb_wrapper\"><div class=\"wpb_gallery wpb_content_element vc_clearfix wpb_content_element\" ><div class=\"wpb_wrapper\"><div class=\"wpb_gallery_slides wpb_flexslider flexslider_fade flexslider\" data-interval=\"0\" data-flex_fx=\"fade\"><ul class=\"slides\"><li><a class=\"\" href=\"https:\/\/asociacionutzche.org\/wp-content\/uploads\/2020\/09\/la-Guadalupana.jpg\" data-lightbox=\"lightbox[rel-3255-2864219661]\"><img loading=\"lazy\" decoding=\"async\" width=\"1000\" height=\"667\" src=\"https:\/\/asociacionutzche.org\/wp-content\/uploads\/2020\/09\/la-Guadalupana.jpg\" class=\"attachment-full\" alt=\"\" title=\"la-Guadalupana\" srcset=\"https:\/\/asociacionutzche.org\/wp-content\/uploads\/2020\/09\/la-Guadalupana.jpg 1000w, https:\/\/asociacionutzche.org\/wp-content\/uploads\/2020\/09\/la-Guadalupana-300x200.jpg 300w, https:\/\/asociacionutzche.org\/wp-content\/uploads\/2020\/09\/la-Guadalupana-768x512.jpg 768w\" sizes=\"auto, (max-width: 1000px) 100vw, 1000px\" \/><\/a><\/li><li><a class=\"\" href=\"https:\/\/asociacionutzche.org\/wp-content\/uploads\/2020\/09\/La-Guadalupana2.jpg\" data-lightbox=\"lightbox[rel-3255-2864219661]\"><img loading=\"lazy\" decoding=\"async\" width=\"1000\" height=\"667\" src=\"https:\/\/asociacionutzche.org\/wp-content\/uploads\/2020\/09\/La-Guadalupana2.jpg\" class=\"attachment-full\" alt=\"\" title=\"La-Guadalupana2\" srcset=\"https:\/\/asociacionutzche.org\/wp-content\/uploads\/2020\/09\/La-Guadalupana2.jpg 1000w, https:\/\/asociacionutzche.org\/wp-content\/uploads\/2020\/09\/La-Guadalupana2-300x200.jpg 300w, https:\/\/asociacionutzche.org\/wp-content\/uploads\/2020\/09\/La-Guadalupana2-768x512.jpg 768w\" sizes=\"auto, (max-width: 1000px) 100vw, 1000px\" \/><\/a><\/li><\/ul><\/div><\/div><\/div><\/div><\/div><div class=\"wpb_column vc_column_container vc_col-sm-2\" data-equalizer-watch><div class=\"wpb_wrapper\"><\/div><\/div><\/div><\/div><\/div><\/div><\/div>\n<\/div>","protected":false},"excerpt":{"rendered":"Ubicada en el Kil\u00f3metro 145, Aldea El Novillero, Santa Luc\u00eda Utatl\u00e1n, Solol\u00e1; Asociaci\u00f3n Agropecuaria y Artesanal para el Desarrollo \u201cLa Guadalupana\u201d inicia su proceso de conformaci\u00f3n en el a\u00f1o de 1989 y se concreta al obtener su personer\u00eda jur\u00eddica, como entidad no lucrativa, el 12 de Diciembre de 1990, estableciendo como objetivo, promover el desarrollo [...]","protected":false},"author":1,"featured_media":0,"parent":0,"menu_order":0,"comment_status":"closed","ping_status":"closed","template":"","meta":{"_bbp_topic_count":0,"_bbp_reply_count":0,"_bbp_total_topic_count":0,"_bbp_total_reply_count":0,"_bbp_voice_count":0,"_bbp_anonymous_reply_count":0,"_bbp_topic_count_hidden":0,"_bbp_reply_count_hidden":0,"_bbp_forum_subforum_count":0,"footnotes":""},"class_list":["post-3255","page","type-page","status-publish","hentry"],"yoast_head":"<!-- This site is optimized with the Yoast SEO plugin v27.5 - https:\/\/yoast.com\/product\/yoast-seo-wordpress\/ -->\n<title>Asociaci\u00f3n Agropecuaria y artesanal para el desarrollo \u201cLa Guadalupana\u201d - Asociaci\u00f3n Utz Che&#039;<\/title>\n<meta name=\"robots\" content=\"index, follow, max-snippet:-1, max-image-preview:large, max-video-preview:-1\" \/>\n<link rel=\"canonical\" href=\"https:\/\/asociacionutzche.org\/en\/asociacion-agropecuaria-y-artesanal-para-el-desarrollo-la-guadalupana\/\" \/>\n<meta property=\"og:locale\" content=\"en_US\" \/>\n<meta property=\"og:type\" content=\"article\" \/>\n<meta property=\"og:title\" content=\"Asociaci\u00f3n Agropecuaria y artesanal para el desarrollo \u201cLa Guadalupana\u201d - Asociaci\u00f3n Utz Che&#039;\" \/>\n<meta property=\"og:url\" content=\"https:\/\/asociacionutzche.org\/en\/asociacion-agropecuaria-y-artesanal-para-el-desarrollo-la-guadalupana\/\" \/>\n<meta property=\"og:site_name\" content=\"Asociaci\u00f3n Utz Che&#039;\" \/>\n<meta property=\"article:modified_time\" content=\"2025-07-15T17:28:56+00:00\" \/>\n<meta name=\"twitter:card\" content=\"summary_large_image\" \/>\n<meta name=\"twitter:label1\" content=\"Est. reading time\" \/>\n\t<meta name=\"twitter:data1\" content=\"1 minute\" \/>\n<script type=\"application\/ld+json\" class=\"yoast-schema-graph\">{\"@context\":\"https:\\\/\\\/schema.org\",\"@graph\":[{\"@type\":\"WebPage\",\"@id\":\"https:\\\/\\\/asociacionutzche.org\\\/asociacion-agropecuaria-y-artesanal-para-el-desarrollo-la-guadalupana\\\/\",\"url\":\"https:\\\/\\\/asociacionutzche.org\\\/asociacion-agropecuaria-y-artesanal-para-el-desarrollo-la-guadalupana\\\/\",\"name\":\"Asociaci\u00f3n Agropecuaria y artesanal para el desarrollo \u201cLa Guadalupana\u201d - Asociaci\u00f3n Utz Che&#039;\",\"isPartOf\":{\"@id\":\"https:\\\/\\\/asociacionutzche.org\\\/#website\"},\"datePublished\":\"2020-09-14T23:44:01+00:00\",\"dateModified\":\"2025-07-15T17:28:56+00:00\",\"breadcrumb\":{\"@id\":\"https:\\\/\\\/asociacionutzche.org\\\/asociacion-agropecuaria-y-artesanal-para-el-desarrollo-la-guadalupana\\\/#breadcrumb\"},\"inLanguage\":\"en-US\",\"potentialAction\":[{\"@type\":\"ReadAction\",\"target\":[\"https:\\\/\\\/asociacionutzche.org\\\/asociacion-agropecuaria-y-artesanal-para-el-desarrollo-la-guadalupana\\\/\"]}]},{\"@type\":\"BreadcrumbList\",\"@id\":\"https:\\\/\\\/asociacionutzche.org\\\/asociacion-agropecuaria-y-artesanal-para-el-desarrollo-la-guadalupana\\\/#breadcrumb\",\"itemListElement\":[{\"@type\":\"ListItem\",\"position\":1,\"name\":\"Portada\",\"item\":\"https:\\\/\\\/asociacionutzche.org\\\/\"},{\"@type\":\"ListItem\",\"position\":2,\"name\":\"Asociaci\u00f3n Agropecuaria y artesanal para el desarrollo \u201cLa Guadalupana\u201d\"}]},{\"@type\":\"WebSite\",\"@id\":\"https:\\\/\\\/asociacionutzche.org\\\/#website\",\"url\":\"https:\\\/\\\/asociacionutzche.org\\\/\",\"name\":\"Asociaci\u00f3n Utz Che'\",\"description\":\"Asociaci\u00f3n de Forester\u00eda Comunitaria de Guatemala Utz Che&#039;\",\"publisher\":{\"@id\":\"https:\\\/\\\/asociacionutzche.org\\\/#organization\"},\"potentialAction\":[{\"@type\":\"SearchAction\",\"target\":{\"@type\":\"EntryPoint\",\"urlTemplate\":\"https:\\\/\\\/asociacionutzche.org\\\/?s={search_term_string}\"},\"query-input\":{\"@type\":\"PropertyValueSpecification\",\"valueRequired\":true,\"valueName\":\"search_term_string\"}}],\"inLanguage\":\"en-US\"},{\"@type\":\"Organization\",\"@id\":\"https:\\\/\\\/asociacionutzche.org\\\/#organization\",\"name\":\"Asociaci\u00f3n Utz Che'\",\"url\":\"https:\\\/\\\/asociacionutzche.org\\\/\",\"logo\":{\"@type\":\"ImageObject\",\"inLanguage\":\"en-US\",\"@id\":\"https:\\\/\\\/asociacionutzche.org\\\/#\\\/schema\\\/logo\\\/image\\\/\",\"url\":\"https:\\\/\\\/asociacionutzche.org\\\/wp-content\\\/uploads\\\/2013\\\/11\\\/logo_footer.png\",\"contentUrl\":\"https:\\\/\\\/asociacionutzche.org\\\/wp-content\\\/uploads\\\/2013\\\/11\\\/logo_footer.png\",\"width\":200,\"height\":76,\"caption\":\"Asociaci\u00f3n Utz Che'\"},\"image\":{\"@id\":\"https:\\\/\\\/asociacionutzche.org\\\/#\\\/schema\\\/logo\\\/image\\\/\"}}]}<\/script>\n<!-- \/ Yoast SEO plugin. -->","yoast_head_json":{"title":"Asociaci\u00f3n Agropecuaria y artesanal para el desarrollo \u201cLa Guadalupana\u201d - Asociaci\u00f3n Utz Che&#039;","robots":{"index":"index","follow":"follow","max-snippet":"max-snippet:-1","max-image-preview":"max-image-preview:large","max-video-preview":"max-video-preview:-1"},"canonical":"https:\/\/asociacionutzche.org\/en\/asociacion-agropecuaria-y-artesanal-para-el-desarrollo-la-guadalupana\/","og_locale":"en_US","og_type":"article","og_title":"Asociaci\u00f3n Agropecuaria y artesanal para el desarrollo \u201cLa Guadalupana\u201d - Asociaci\u00f3n Utz Che&#039;","og_url":"https:\/\/asociacionutzche.org\/en\/asociacion-agropecuaria-y-artesanal-para-el-desarrollo-la-guadalupana\/","og_site_name":"Asociaci\u00f3n Utz Che&#039;","article_modified_time":"2025-07-15T17:28:56+00:00","twitter_card":"summary_large_image","twitter_misc":{"Est. reading time":"1 minute"},"schema":{"@context":"https:\/\/schema.org","@graph":[{"@type":"WebPage","@id":"https:\/\/asociacionutzche.org\/asociacion-agropecuaria-y-artesanal-para-el-desarrollo-la-guadalupana\/","url":"https:\/\/asociacionutzche.org\/asociacion-agropecuaria-y-artesanal-para-el-desarrollo-la-guadalupana\/","name":"Asociaci\u00f3n Agropecuaria y artesanal para el desarrollo \u201cLa Guadalupana\u201d - Asociaci\u00f3n Utz Che&#039;","isPartOf":{"@id":"https:\/\/asociacionutzche.org\/#website"},"datePublished":"2020-09-14T23:44:01+00:00","dateModified":"2025-07-15T17:28:56+00:00","breadcrumb":{"@id":"https:\/\/asociacionutzche.org\/asociacion-agropecuaria-y-artesanal-para-el-desarrollo-la-guadalupana\/#breadcrumb"},"inLanguage":"en-US","potentialAction":[{"@type":"ReadAction","target":["https:\/\/asociacionutzche.org\/asociacion-agropecuaria-y-artesanal-para-el-desarrollo-la-guadalupana\/"]}]},{"@type":"BreadcrumbList","@id":"https:\/\/asociacionutzche.org\/asociacion-agropecuaria-y-artesanal-para-el-desarrollo-la-guadalupana\/#breadcrumb","itemListElement":[{"@type":"ListItem","position":1,"name":"Portada","item":"https:\/\/asociacionutzche.org\/"},{"@type":"ListItem","position":2,"name":"Asociaci\u00f3n Agropecuaria y artesanal para el desarrollo \u201cLa Guadalupana\u201d"}]},{"@type":"WebSite","@id":"https:\/\/asociacionutzche.org\/#website","url":"https:\/\/asociacionutzche.org\/","name":"Asociaci\u00f3n Utz Che'","description":"Asociaci\u00f3n de Forester\u00eda Comunitaria de Guatemala Utz Che&#039;","publisher":{"@id":"https:\/\/asociacionutzche.org\/#organization"},"potentialAction":[{"@type":"SearchAction","target":{"@type":"EntryPoint","urlTemplate":"https:\/\/asociacionutzche.org\/?s={search_term_string}"},"query-input":{"@type":"PropertyValueSpecification","valueRequired":true,"valueName":"search_term_string"}}],"inLanguage":"en-US"},{"@type":"Organization","@id":"https:\/\/asociacionutzche.org\/#organization","name":"Asociaci\u00f3n Utz Che'","url":"https:\/\/asociacionutzche.org\/","logo":{"@type":"ImageObject","inLanguage":"en-US","@id":"https:\/\/asociacionutzche.org\/#\/schema\/logo\/image\/","url":"https:\/\/asociacionutzche.org\/wp-content\/uploads\/2013\/11\/logo_footer.png","contentUrl":"https:\/\/asociacionutzche.org\/wp-content\/uploads\/2013\/11\/logo_footer.png","width":200,"height":76,"caption":"Asociaci\u00f3n Utz Che'"},"image":{"@id":"https:\/\/asociacionutzche.org\/#\/schema\/logo\/image\/"}}]}},"_links":{"self":[{"href":"https:\/\/asociacionutzche.org\/en\/wp-json\/wp\/v2\/pages\/3255","targetHints":{"allow":["GET"]}}],"collection":[{"href":"https:\/\/asociacionutzche.org\/en\/wp-json\/wp\/v2\/pages"}],"about":[{"href":"https:\/\/asociacionutzche.org\/en\/wp-json\/wp\/v2\/types\/page"}],"author":[{"embeddable":true,"href":"https:\/\/asociacionutzche.org\/en\/wp-json\/wp\/v2\/users\/1"}],"replies":[{"embeddable":true,"href":"https:\/\/asociacionutzche.org\/en\/wp-json\/wp\/v2\/comments?post=3255"}],"version-history":[{"count":4,"href":"https:\/\/asociacionutzche.org\/en\/wp-json\/wp\/v2\/pages\/3255\/revisions"}],"predecessor-version":[{"id":3794,"href":"https:\/\/asociacionutzche.org\/en\/wp-json\/wp\/v2\/pages\/3255\/revisions\/3794"}],"wp:attachment":[{"href":"https:\/\/asociacionutzche.org\/en\/wp-json\/wp\/v2\/media?parent=3255"}],"curies":[{"name":"wp","href":"https:\/\/api.w.org\/{rel}","templated":true}]}}