{"id":3246,"date":"2020-09-14T23:28:28","date_gmt":"2020-09-14T23:28:28","guid":{"rendered":"https:\/\/asociacionutzche.org\/?page_id=3246"},"modified":"2025-08-19T20:00:55","modified_gmt":"2025-08-19T20:00:55","slug":"region-occidente","status":"publish","type":"page","link":"https:\/\/asociacionutzche.org\/en\/region-occidente\/","title":{"rendered":"Western Region"},"content":{"rendered":"<div class=\"wpb-content-wrapper\"><div class=\"vc_row wpb_row vc_row-fluid\" style=\"color: ;}\" ><div class=\"wpb_column vc_column_container vc_col-sm-12\"><div class=\"vc_column-inner\"><div class=\"wpb_wrapper\">\n\t<div class=\"wpb_text_column wpb_content_element\" >\n\t\t<div class=\"wpb_wrapper\">\n\t\t\t<ul>\n<li><a href=\"https:\/\/asociacionutzche.org\/en\/asociacion-parcialidad-de-vicentes\/\"><span style=\"font-size: 12pt;\">Asociaci\u00f3n Parcialidad De Vicentes<\/span><\/a><\/li>\n<li><a href=\"https:\/\/asociacionutzche.org\/en\/asociacion-agropecuaria-y-artesanal-para-el-desarrollo-la-guadalupana\/\"><span style=\"font-size: 12pt;\">Asociaci\u00f3n Agropecuaria y artesanal para el desarrollo \u201cLa Guadalupana\u201d<\/span><\/a><\/li>\n<li><a href=\"https:\/\/asociacionutzche.org\/en\/asociacion-de-campesinos-forestales-adecaf\/\"><span style=\"font-size: 12pt;\">Asociaci\u00f3n de Campesinos Forestales ADECAF<\/span><\/a><\/li>\n<li><a href=\"https:\/\/asociacionutzche.org\/en\/asociacion-de-desarrollo-integral-la-gloria-asodig\/\"><span style=\"font-size: 12pt;\">ASOCIACI\u00d3N DE DESARROLLO INTEGRAL LA GLORIA- ASODIG<\/span><\/a><\/li>\n<li><a href=\"https:\/\/asociacionutzche.org\/en\/asociacion-de-mujeres-eulalenses-para-el-desarrollo-integral-pixan-konob-amedipk\/\"><span style=\"font-size: 12pt;\">Asociaci\u00f3n de Mujeres Eulalenses para el Desarrollo Integral Pixan Konob -AMEDIPK<\/span><\/a><\/li>\n<li><a href=\"https:\/\/asociacionutzche.org\/en\/parcialidad-baquiax\/\"><span style=\"font-size: 12pt;\">Parcialidad Baquiax<\/span><\/a><\/li>\n<li><a href=\"https:\/\/asociacionutzche.org\/en\/parcialidad-chuamazan\/\"><span style=\"font-size: 12pt;\">Asociaci\u00f3n Parcialidad Indigena Chuamaz\u00e1n<\/span><\/a><\/li>\n<li><span style=\"color: #339966;\"><a style=\"color: #339966;\" href=\"https:\/\/asociacionutzche.org\/en\/asociacion-parcialidad-vasquez\/\"><span style=\"font-size: 12pt;\">Asociaci\u00f3n Parcialidad V\u00e1squez<\/span><\/a><\/span><\/li>\n<li><a href=\"https:\/\/asociacionutzche.org\/en\/asociacion-de-desarrollo-productivo-y-de-servicios-tikonel\/\"><span style=\"font-size: 12pt;\">Asociacio\u0301n de Desarrollo Productivo y de Servicios TIKONEL<\/span><\/a><\/li>\n<li><a href=\"https:\/\/asociacionutzche.org\/en\/asociacion-parcialidad-quiacquix\/\"><span style=\"font-size: 12pt;\">Asociaci\u00f3n Mench\u00fa Quiacquix<\/span><\/a><\/li>\n<li><a href=\"https:\/\/asociacionutzche.org\/en\/parcialidad-ajpacaja\/\"><span style=\"font-size: 12pt;\">Parcialidad AJPACAJ\u00c1<\/span><\/a><\/li>\n<li><a href=\"https:\/\/asociacionutzche.org\/en\/asociacion-desarrollo-integral-parcialidad-chaclan\/\"><span style=\"font-size: 12pt;\">Asociaci\u00f3n Desarrollo Integral Parcialidad Chacl\u00e1n<\/span><\/a><\/li>\n<li><a href=\"https:\/\/asociacionutzche.org\/en\/cooperativa-eco-alianza\/\"><span style=\"font-size: 12pt;\">Cooperativa Integral de Comercializaci\u00f3n ECO ALIANZA<\/span><\/a><\/li>\n<\/ul>\n\n\t\t<\/div>\n\t<\/div>\n<div class=\"vc_row wpb_row vc_inner vc_row-fluid\"><div class=\"wpb_column vc_column_container vc_col-sm-2\" data-equalizer-watch><div class=\"wpb_wrapper\"><\/div><\/div><div class=\"wpb_column vc_column_container vc_col-sm-8\" data-equalizer-watch><div class=\"wpb_wrapper\">\n\t<div  class=\"wpb_single_image wpb_content_element vc_align_left wpb_content_element\">\n\t\t\n\t\t<figure class=\"wpb_wrapper vc_figure\">\n\t\t\t<div class=\"vc_single_image-wrapper   vc_box_border_grey\"><img loading=\"lazy\" decoding=\"async\" width=\"1800\" height=\"1000\" src=\"https:\/\/asociacionutzche.org\/wp-content\/uploads\/2025\/08\/Occident.png\" class=\"vc_single_image-img attachment-full\" alt=\"\" title=\"Mapa Occidente Utz Che\" srcset=\"https:\/\/asociacionutzche.org\/wp-content\/uploads\/2025\/08\/Occident.png 1800w, https:\/\/asociacionutzche.org\/wp-content\/uploads\/2025\/08\/Occident-300x167.png 300w, https:\/\/asociacionutzche.org\/wp-content\/uploads\/2025\/08\/Occident-1024x569.png 1024w, https:\/\/asociacionutzche.org\/wp-content\/uploads\/2025\/08\/Occident-768x427.png 768w, https:\/\/asociacionutzche.org\/wp-content\/uploads\/2025\/08\/Occident-1536x853.png 1536w\" sizes=\"auto, (max-width: 1800px) 100vw, 1800px\" \/><\/div>\n\t\t<\/figure>\n\t<\/div>\n<\/div><\/div><div class=\"wpb_column vc_column_container vc_col-sm-2\" data-equalizer-watch><div class=\"wpb_wrapper\"><\/div><\/div><\/div><\/div><\/div><\/div><\/div>\n<\/div>","protected":false},"excerpt":{"rendered":"Asociaci\u00f3n Parcialidad De Vicentes Asociaci\u00f3n Agropecuaria y artesanal para el desarrollo \u201cLa Guadalupana\u201d Asociaci\u00f3n de Campesinos Forestales ADECAF ASOCIACI\u00d3N DE DESARROLLO INTEGRAL LA GLORIA- ASODIG Asociaci\u00f3n de Mujeres Eulalenses para el Desarrollo Integral Pixan Konob -AMEDIPK Parcialidad Baquiax Asociaci\u00f3n Parcialidad Indigena Chuamaz\u00e1n Asociaci\u00f3n Parcialidad V\u00e1squez Asociacio\u0301n de Desarrollo Productivo y de Servicios TIKONEL Asociaci\u00f3n Mench\u00fa [...]","protected":false},"author":1,"featured_media":0,"parent":0,"menu_order":0,"comment_status":"closed","ping_status":"closed","template":"","meta":{"_bbp_topic_count":0,"_bbp_reply_count":0,"_bbp_total_topic_count":0,"_bbp_total_reply_count":0,"_bbp_voice_count":0,"_bbp_anonymous_reply_count":0,"_bbp_topic_count_hidden":0,"_bbp_reply_count_hidden":0,"_bbp_forum_subforum_count":0,"footnotes":""},"class_list":["post-3246","page","type-page","status-publish","hentry"],"yoast_head":"<!-- This site is optimized with the Yoast SEO plugin v27.5 - https:\/\/yoast.com\/product\/yoast-seo-wordpress\/ -->\n<title>Regio\u0301n Occidente - Asociaci\u00f3n Utz Che&#039;<\/title>\n<meta name=\"robots\" content=\"index, follow, max-snippet:-1, max-image-preview:large, max-video-preview:-1\" \/>\n<link rel=\"canonical\" href=\"https:\/\/asociacionutzche.org\/en\/region-occidente\/\" \/>\n<meta property=\"og:locale\" content=\"en_US\" \/>\n<meta property=\"og:type\" content=\"article\" \/>\n<meta property=\"og:title\" content=\"Regio\u0301n Occidente - Asociaci\u00f3n Utz Che&#039;\" \/>\n<meta property=\"og:url\" content=\"https:\/\/asociacionutzche.org\/en\/region-occidente\/\" \/>\n<meta property=\"og:site_name\" content=\"Asociaci\u00f3n Utz Che&#039;\" \/>\n<meta property=\"article:modified_time\" content=\"2025-08-19T20:00:55+00:00\" \/>\n<meta name=\"twitter:card\" content=\"summary_large_image\" \/>\n<meta name=\"twitter:label1\" content=\"Est. reading time\" \/>\n\t<meta name=\"twitter:data1\" content=\"1 minute\" \/>\n<script type=\"application\/ld+json\" class=\"yoast-schema-graph\">{\"@context\":\"https:\\\/\\\/schema.org\",\"@graph\":[{\"@type\":\"WebPage\",\"@id\":\"https:\\\/\\\/asociacionutzche.org\\\/region-occidente\\\/\",\"url\":\"https:\\\/\\\/asociacionutzche.org\\\/region-occidente\\\/\",\"name\":\"Regio\u0301n Occidente - Asociaci\u00f3n Utz Che&#039;\",\"isPartOf\":{\"@id\":\"https:\\\/\\\/asociacionutzche.org\\\/#website\"},\"datePublished\":\"2020-09-14T23:28:28+00:00\",\"dateModified\":\"2025-08-19T20:00:55+00:00\",\"breadcrumb\":{\"@id\":\"https:\\\/\\\/asociacionutzche.org\\\/region-occidente\\\/#breadcrumb\"},\"inLanguage\":\"en-US\",\"potentialAction\":[{\"@type\":\"ReadAction\",\"target\":[\"https:\\\/\\\/asociacionutzche.org\\\/region-occidente\\\/\"]}]},{\"@type\":\"BreadcrumbList\",\"@id\":\"https:\\\/\\\/asociacionutzche.org\\\/region-occidente\\\/#breadcrumb\",\"itemListElement\":[{\"@type\":\"ListItem\",\"position\":1,\"name\":\"Portada\",\"item\":\"https:\\\/\\\/asociacionutzche.org\\\/\"},{\"@type\":\"ListItem\",\"position\":2,\"name\":\"Regio\u0301n Occidente\"}]},{\"@type\":\"WebSite\",\"@id\":\"https:\\\/\\\/asociacionutzche.org\\\/#website\",\"url\":\"https:\\\/\\\/asociacionutzche.org\\\/\",\"name\":\"Asociaci\u00f3n Utz Che'\",\"description\":\"Asociaci\u00f3n de Forester\u00eda Comunitaria de Guatemala Utz Che&#039;\",\"publisher\":{\"@id\":\"https:\\\/\\\/asociacionutzche.org\\\/#organization\"},\"potentialAction\":[{\"@type\":\"SearchAction\",\"target\":{\"@type\":\"EntryPoint\",\"urlTemplate\":\"https:\\\/\\\/asociacionutzche.org\\\/?s={search_term_string}\"},\"query-input\":{\"@type\":\"PropertyValueSpecification\",\"valueRequired\":true,\"valueName\":\"search_term_string\"}}],\"inLanguage\":\"en-US\"},{\"@type\":\"Organization\",\"@id\":\"https:\\\/\\\/asociacionutzche.org\\\/#organization\",\"name\":\"Asociaci\u00f3n Utz Che'\",\"url\":\"https:\\\/\\\/asociacionutzche.org\\\/\",\"logo\":{\"@type\":\"ImageObject\",\"inLanguage\":\"en-US\",\"@id\":\"https:\\\/\\\/asociacionutzche.org\\\/#\\\/schema\\\/logo\\\/image\\\/\",\"url\":\"https:\\\/\\\/asociacionutzche.org\\\/wp-content\\\/uploads\\\/2013\\\/11\\\/logo_footer.png\",\"contentUrl\":\"https:\\\/\\\/asociacionutzche.org\\\/wp-content\\\/uploads\\\/2013\\\/11\\\/logo_footer.png\",\"width\":200,\"height\":76,\"caption\":\"Asociaci\u00f3n Utz Che'\"},\"image\":{\"@id\":\"https:\\\/\\\/asociacionutzche.org\\\/#\\\/schema\\\/logo\\\/image\\\/\"}}]}<\/script>\n<!-- \/ Yoast SEO plugin. -->","yoast_head_json":{"title":"Regio\u0301n Occidente - Asociaci\u00f3n Utz Che&#039;","robots":{"index":"index","follow":"follow","max-snippet":"max-snippet:-1","max-image-preview":"max-image-preview:large","max-video-preview":"max-video-preview:-1"},"canonical":"https:\/\/asociacionutzche.org\/en\/region-occidente\/","og_locale":"en_US","og_type":"article","og_title":"Regio\u0301n Occidente - Asociaci\u00f3n Utz Che&#039;","og_url":"https:\/\/asociacionutzche.org\/en\/region-occidente\/","og_site_name":"Asociaci\u00f3n Utz Che&#039;","article_modified_time":"2025-08-19T20:00:55+00:00","twitter_card":"summary_large_image","twitter_misc":{"Est. reading time":"1 minute"},"schema":{"@context":"https:\/\/schema.org","@graph":[{"@type":"WebPage","@id":"https:\/\/asociacionutzche.org\/region-occidente\/","url":"https:\/\/asociacionutzche.org\/region-occidente\/","name":"Regio\u0301n Occidente - Asociaci\u00f3n Utz Che&#039;","isPartOf":{"@id":"https:\/\/asociacionutzche.org\/#website"},"datePublished":"2020-09-14T23:28:28+00:00","dateModified":"2025-08-19T20:00:55+00:00","breadcrumb":{"@id":"https:\/\/asociacionutzche.org\/region-occidente\/#breadcrumb"},"inLanguage":"en-US","potentialAction":[{"@type":"ReadAction","target":["https:\/\/asociacionutzche.org\/region-occidente\/"]}]},{"@type":"BreadcrumbList","@id":"https:\/\/asociacionutzche.org\/region-occidente\/#breadcrumb","itemListElement":[{"@type":"ListItem","position":1,"name":"Portada","item":"https:\/\/asociacionutzche.org\/"},{"@type":"ListItem","position":2,"name":"Regio\u0301n Occidente"}]},{"@type":"WebSite","@id":"https:\/\/asociacionutzche.org\/#website","url":"https:\/\/asociacionutzche.org\/","name":"Asociaci\u00f3n Utz Che'","description":"Asociaci\u00f3n de Forester\u00eda Comunitaria de Guatemala Utz Che&#039;","publisher":{"@id":"https:\/\/asociacionutzche.org\/#organization"},"potentialAction":[{"@type":"SearchAction","target":{"@type":"EntryPoint","urlTemplate":"https:\/\/asociacionutzche.org\/?s={search_term_string}"},"query-input":{"@type":"PropertyValueSpecification","valueRequired":true,"valueName":"search_term_string"}}],"inLanguage":"en-US"},{"@type":"Organization","@id":"https:\/\/asociacionutzche.org\/#organization","name":"Asociaci\u00f3n Utz Che'","url":"https:\/\/asociacionutzche.org\/","logo":{"@type":"ImageObject","inLanguage":"en-US","@id":"https:\/\/asociacionutzche.org\/#\/schema\/logo\/image\/","url":"https:\/\/asociacionutzche.org\/wp-content\/uploads\/2013\/11\/logo_footer.png","contentUrl":"https:\/\/asociacionutzche.org\/wp-content\/uploads\/2013\/11\/logo_footer.png","width":200,"height":76,"caption":"Asociaci\u00f3n Utz Che'"},"image":{"@id":"https:\/\/asociacionutzche.org\/#\/schema\/logo\/image\/"}}]}},"_links":{"self":[{"href":"https:\/\/asociacionutzche.org\/en\/wp-json\/wp\/v2\/pages\/3246","targetHints":{"allow":["GET"]}}],"collection":[{"href":"https:\/\/asociacionutzche.org\/en\/wp-json\/wp\/v2\/pages"}],"about":[{"href":"https:\/\/asociacionutzche.org\/en\/wp-json\/wp\/v2\/types\/page"}],"author":[{"embeddable":true,"href":"https:\/\/asociacionutzche.org\/en\/wp-json\/wp\/v2\/users\/1"}],"replies":[{"embeddable":true,"href":"https:\/\/asociacionutzche.org\/en\/wp-json\/wp\/v2\/comments?post=3246"}],"version-history":[{"count":25,"href":"https:\/\/asociacionutzche.org\/en\/wp-json\/wp\/v2\/pages\/3246\/revisions"}],"predecessor-version":[{"id":3839,"href":"https:\/\/asociacionutzche.org\/en\/wp-json\/wp\/v2\/pages\/3246\/revisions\/3839"}],"wp:attachment":[{"href":"https:\/\/asociacionutzche.org\/en\/wp-json\/wp\/v2\/media?parent=3246"}],"curies":[{"name":"wp","href":"https:\/\/api.w.org\/{rel}","templated":true}]}}