{"id":3155,"date":"2020-09-14T08:31:08","date_gmt":"2020-09-14T08:31:08","guid":{"rendered":"https:\/\/asociacionutzche.org\/?page_id=3155"},"modified":"2025-06-03T21:34:12","modified_gmt":"2025-06-03T21:34:12","slug":"asociacion-de-pacalaj","status":"publish","type":"page","link":"https:\/\/asociacionutzche.org\/en\/asociacion-de-pacalaj\/","title":{"rendered":"Asociaci\u00f3n de la Comunidad Campesina de Copropietarios y Herederos de la Finca Comunitaria Pacalaj -APACALAJ"},"content":{"rendered":"<div class=\"wpb-content-wrapper\"><div class=\"vc_row wpb_row vc_row-fluid\" style=\"color: ;}\" ><div class=\"wpb_column vc_column_container vc_col-sm-12\"><div class=\"vc_column-inner\"><div class=\"wpb_wrapper\">\n\t<div class=\"wpb_text_column wpb_content_element\" >\n\t\t<div class=\"wpb_wrapper\">\n\t\t\t<p><span style=\"font-size: 12pt;\">The APACALAJ Association arose from the needs of the five communities that converge on the Pacalaj communal farm located in the municipality of Salam\u00e1. The Association ensures the protection and conservation of its forest, as it is home to five important water sources that supply the municipal capital of Salam\u00e1 Baja Verapaz. <\/span><\/p>\n\n\t\t<\/div>\n\t<\/div>\n<\/div><\/div><\/div><\/div>\n<\/div>","protected":false},"excerpt":{"rendered":"La Asociaci\u00f3n APACALAJ surge a ra\u00edz de las necesidades\u00a0 de las cinco comunidades que convergen en la finca comunal Pacalaj ubicada en el municipio de Salam\u00e1.\u00a0 La Asociaci\u00f3n vela por la protecci\u00f3n y conservaci\u00f3n de su bosque ya que en ella se ubican cinco importantes nacimientos de agua que abastecen a la cabecera municipal de [...]","protected":false},"author":1,"featured_media":0,"parent":0,"menu_order":0,"comment_status":"closed","ping_status":"closed","template":"","meta":{"_bbp_topic_count":0,"_bbp_reply_count":0,"_bbp_total_topic_count":0,"_bbp_total_reply_count":0,"_bbp_voice_count":0,"_bbp_anonymous_reply_count":0,"_bbp_topic_count_hidden":0,"_bbp_reply_count_hidden":0,"_bbp_forum_subforum_count":0,"footnotes":""},"class_list":["post-3155","page","type-page","status-publish","hentry"],"yoast_head":"<!-- This site is optimized with the Yoast SEO plugin v27.5 - https:\/\/yoast.com\/product\/yoast-seo-wordpress\/ -->\n<title>Asociaci\u00f3n de la Comunidad Campesina de Copropietarios y Herederos de la Finca Comunitaria Pacalaj -APACALAJ - Asociaci\u00f3n Utz Che&#039;<\/title>\n<meta name=\"robots\" content=\"index, follow, max-snippet:-1, max-image-preview:large, max-video-preview:-1\" \/>\n<link rel=\"canonical\" href=\"https:\/\/asociacionutzche.org\/en\/asociacion-de-pacalaj\/\" \/>\n<meta property=\"og:locale\" content=\"en_US\" \/>\n<meta property=\"og:type\" content=\"article\" \/>\n<meta property=\"og:title\" content=\"Asociaci\u00f3n de la Comunidad Campesina de Copropietarios y Herederos de la Finca Comunitaria Pacalaj -APACALAJ - Asociaci\u00f3n Utz Che&#039;\" \/>\n<meta property=\"og:url\" content=\"https:\/\/asociacionutzche.org\/en\/asociacion-de-pacalaj\/\" \/>\n<meta property=\"og:site_name\" content=\"Asociaci\u00f3n Utz Che&#039;\" \/>\n<meta property=\"article:modified_time\" content=\"2025-06-03T21:34:12+00:00\" \/>\n<meta name=\"twitter:card\" content=\"summary_large_image\" \/>\n<meta name=\"twitter:label1\" content=\"Est. reading time\" \/>\n\t<meta name=\"twitter:data1\" content=\"1 minute\" \/>\n<script type=\"application\/ld+json\" class=\"yoast-schema-graph\">{\"@context\":\"https:\\\/\\\/schema.org\",\"@graph\":[{\"@type\":\"WebPage\",\"@id\":\"https:\\\/\\\/asociacionutzche.org\\\/asociacion-de-pacalaj\\\/\",\"url\":\"https:\\\/\\\/asociacionutzche.org\\\/asociacion-de-pacalaj\\\/\",\"name\":\"Asociaci\u00f3n de la Comunidad Campesina de Copropietarios y Herederos de la Finca Comunitaria Pacalaj -APACALAJ - Asociaci\u00f3n Utz Che&#039;\",\"isPartOf\":{\"@id\":\"https:\\\/\\\/asociacionutzche.org\\\/#website\"},\"datePublished\":\"2020-09-14T08:31:08+00:00\",\"dateModified\":\"2025-06-03T21:34:12+00:00\",\"breadcrumb\":{\"@id\":\"https:\\\/\\\/asociacionutzche.org\\\/asociacion-de-pacalaj\\\/#breadcrumb\"},\"inLanguage\":\"en-US\",\"potentialAction\":[{\"@type\":\"ReadAction\",\"target\":[\"https:\\\/\\\/asociacionutzche.org\\\/asociacion-de-pacalaj\\\/\"]}]},{\"@type\":\"BreadcrumbList\",\"@id\":\"https:\\\/\\\/asociacionutzche.org\\\/asociacion-de-pacalaj\\\/#breadcrumb\",\"itemListElement\":[{\"@type\":\"ListItem\",\"position\":1,\"name\":\"Portada\",\"item\":\"https:\\\/\\\/asociacionutzche.org\\\/\"},{\"@type\":\"ListItem\",\"position\":2,\"name\":\"Asociaci\u00f3n de la Comunidad Campesina de Copropietarios y Herederos de la Finca Comunitaria Pacalaj -APACALAJ\"}]},{\"@type\":\"WebSite\",\"@id\":\"https:\\\/\\\/asociacionutzche.org\\\/#website\",\"url\":\"https:\\\/\\\/asociacionutzche.org\\\/\",\"name\":\"Asociaci\u00f3n Utz Che'\",\"description\":\"Asociaci\u00f3n de Forester\u00eda Comunitaria de Guatemala Utz Che&#039;\",\"publisher\":{\"@id\":\"https:\\\/\\\/asociacionutzche.org\\\/#organization\"},\"potentialAction\":[{\"@type\":\"SearchAction\",\"target\":{\"@type\":\"EntryPoint\",\"urlTemplate\":\"https:\\\/\\\/asociacionutzche.org\\\/?s={search_term_string}\"},\"query-input\":{\"@type\":\"PropertyValueSpecification\",\"valueRequired\":true,\"valueName\":\"search_term_string\"}}],\"inLanguage\":\"en-US\"},{\"@type\":\"Organization\",\"@id\":\"https:\\\/\\\/asociacionutzche.org\\\/#organization\",\"name\":\"Asociaci\u00f3n Utz Che'\",\"url\":\"https:\\\/\\\/asociacionutzche.org\\\/\",\"logo\":{\"@type\":\"ImageObject\",\"inLanguage\":\"en-US\",\"@id\":\"https:\\\/\\\/asociacionutzche.org\\\/#\\\/schema\\\/logo\\\/image\\\/\",\"url\":\"https:\\\/\\\/asociacionutzche.org\\\/wp-content\\\/uploads\\\/2013\\\/11\\\/logo_footer.png\",\"contentUrl\":\"https:\\\/\\\/asociacionutzche.org\\\/wp-content\\\/uploads\\\/2013\\\/11\\\/logo_footer.png\",\"width\":200,\"height\":76,\"caption\":\"Asociaci\u00f3n Utz Che'\"},\"image\":{\"@id\":\"https:\\\/\\\/asociacionutzche.org\\\/#\\\/schema\\\/logo\\\/image\\\/\"}}]}<\/script>\n<!-- \/ Yoast SEO plugin. -->","yoast_head_json":{"title":"Asociaci\u00f3n de la Comunidad Campesina de Copropietarios y Herederos de la Finca Comunitaria Pacalaj -APACALAJ - Asociaci\u00f3n Utz Che&#039;","robots":{"index":"index","follow":"follow","max-snippet":"max-snippet:-1","max-image-preview":"max-image-preview:large","max-video-preview":"max-video-preview:-1"},"canonical":"https:\/\/asociacionutzche.org\/en\/asociacion-de-pacalaj\/","og_locale":"en_US","og_type":"article","og_title":"Asociaci\u00f3n de la Comunidad Campesina de Copropietarios y Herederos de la Finca Comunitaria Pacalaj -APACALAJ - Asociaci\u00f3n Utz Che&#039;","og_url":"https:\/\/asociacionutzche.org\/en\/asociacion-de-pacalaj\/","og_site_name":"Asociaci\u00f3n Utz Che&#039;","article_modified_time":"2025-06-03T21:34:12+00:00","twitter_card":"summary_large_image","twitter_misc":{"Est. reading time":"1 minute"},"schema":{"@context":"https:\/\/schema.org","@graph":[{"@type":"WebPage","@id":"https:\/\/asociacionutzche.org\/asociacion-de-pacalaj\/","url":"https:\/\/asociacionutzche.org\/asociacion-de-pacalaj\/","name":"Asociaci\u00f3n de la Comunidad Campesina de Copropietarios y Herederos de la Finca Comunitaria Pacalaj -APACALAJ - Asociaci\u00f3n Utz Che&#039;","isPartOf":{"@id":"https:\/\/asociacionutzche.org\/#website"},"datePublished":"2020-09-14T08:31:08+00:00","dateModified":"2025-06-03T21:34:12+00:00","breadcrumb":{"@id":"https:\/\/asociacionutzche.org\/asociacion-de-pacalaj\/#breadcrumb"},"inLanguage":"en-US","potentialAction":[{"@type":"ReadAction","target":["https:\/\/asociacionutzche.org\/asociacion-de-pacalaj\/"]}]},{"@type":"BreadcrumbList","@id":"https:\/\/asociacionutzche.org\/asociacion-de-pacalaj\/#breadcrumb","itemListElement":[{"@type":"ListItem","position":1,"name":"Portada","item":"https:\/\/asociacionutzche.org\/"},{"@type":"ListItem","position":2,"name":"Asociaci\u00f3n de la Comunidad Campesina de Copropietarios y Herederos de la Finca Comunitaria Pacalaj -APACALAJ"}]},{"@type":"WebSite","@id":"https:\/\/asociacionutzche.org\/#website","url":"https:\/\/asociacionutzche.org\/","name":"Asociaci\u00f3n Utz Che'","description":"Asociaci\u00f3n de Forester\u00eda Comunitaria de Guatemala Utz Che&#039;","publisher":{"@id":"https:\/\/asociacionutzche.org\/#organization"},"potentialAction":[{"@type":"SearchAction","target":{"@type":"EntryPoint","urlTemplate":"https:\/\/asociacionutzche.org\/?s={search_term_string}"},"query-input":{"@type":"PropertyValueSpecification","valueRequired":true,"valueName":"search_term_string"}}],"inLanguage":"en-US"},{"@type":"Organization","@id":"https:\/\/asociacionutzche.org\/#organization","name":"Asociaci\u00f3n Utz Che'","url":"https:\/\/asociacionutzche.org\/","logo":{"@type":"ImageObject","inLanguage":"en-US","@id":"https:\/\/asociacionutzche.org\/#\/schema\/logo\/image\/","url":"https:\/\/asociacionutzche.org\/wp-content\/uploads\/2013\/11\/logo_footer.png","contentUrl":"https:\/\/asociacionutzche.org\/wp-content\/uploads\/2013\/11\/logo_footer.png","width":200,"height":76,"caption":"Asociaci\u00f3n Utz Che'"},"image":{"@id":"https:\/\/asociacionutzche.org\/#\/schema\/logo\/image\/"}}]}},"_links":{"self":[{"href":"https:\/\/asociacionutzche.org\/en\/wp-json\/wp\/v2\/pages\/3155","targetHints":{"allow":["GET"]}}],"collection":[{"href":"https:\/\/asociacionutzche.org\/en\/wp-json\/wp\/v2\/pages"}],"about":[{"href":"https:\/\/asociacionutzche.org\/en\/wp-json\/wp\/v2\/types\/page"}],"author":[{"embeddable":true,"href":"https:\/\/asociacionutzche.org\/en\/wp-json\/wp\/v2\/users\/1"}],"replies":[{"embeddable":true,"href":"https:\/\/asociacionutzche.org\/en\/wp-json\/wp\/v2\/comments?post=3155"}],"version-history":[{"count":5,"href":"https:\/\/asociacionutzche.org\/en\/wp-json\/wp\/v2\/pages\/3155\/revisions"}],"predecessor-version":[{"id":3766,"href":"https:\/\/asociacionutzche.org\/en\/wp-json\/wp\/v2\/pages\/3155\/revisions\/3766"}],"wp:attachment":[{"href":"https:\/\/asociacionutzche.org\/en\/wp-json\/wp\/v2\/media?parent=3155"}],"curies":[{"name":"wp","href":"https:\/\/api.w.org\/{rel}","templated":true}]}}